{"id":735172,"date":"2025-08-27T22:42:37","date_gmt":"2025-08-27T19:42:37","guid":{"rendered":"https:\/\/roveyayinevi.com.tr\/index.php\/urun\/teresa-halanin-sorusturmalari-seti-3-kitap\/"},"modified":"2026-04-16T02:43:02","modified_gmt":"2026-04-15T23:43:02","slug":"teresa-halanin-sorusturmalari-seti-3-kitap","status":"publish","type":"product","link":"https:\/\/roveyayinevi.com.tr\/index.php\/urun\/teresa-halanin-sorusturmalari-seti-3-kitap\/","title":{"rendered":"Teresa Hala\u2019n\u0131n Soru\u015fturmalar\u0131 Seti (3 Kitap)"},"content":{"rendered":"<p>Teresa Hala&#8217;n\u0131n Soru\u015fturmalar\u0131 &#8211; Venedik&#8217;te Kay\u0131p K\u00f6pek Vakas\u0131Teresa Hala&#8217;n\u0131n Soru\u015fturmalar\u0131 &#8211; Limanda H\u0131rs\u0131zl\u0131k Teresa Hala&#8217;n\u0131n Soru\u015fturmalar\u0131 &#8211; M\u00fczedeki Sahte Tablo<\/p>\n","protected":false},"excerpt":{"rendered":"<p>Teresa Hala&#8217;n\u0131n Soru\u015fturmalar\u0131 &#8211; Venedik&#8217;te Kay\u0131p K\u00f6pek Vakas\u0131Teresa Hala&#8217;n\u0131n Soru\u015fturmalar\u0131 &#8211; Limanda H\u0131rs\u0131zl\u0131k Teresa Hala&#8217;n\u0131n Soru\u015fturmalar\u0131 &#8211; M\u00fczedeki Sahte Tablo<\/p>\n","protected":false},"featured_media":0,"template":"","meta":{"_monsterinsights_skip_tracking":false,"_monsterinsights_sitenote_active":false,"_monsterinsights_sitenote_note":"","_monsterinsights_sitenote_category":0},"product_brand":[],"product_cat":[12275,12274],"product_tag":[],"class_list":{"0":"post-735172","1":"product","2":"type-product","3":"status-publish","5":"product_cat-6-12-yas-kitaplari","6":"product_cat-cocuk-ve-genclik-kitaplari","7":"pa_cilt-set","8":"pa_tur-kitap","9":"pa_yayinevi-domingo-yayinevi","10":"pa_yazar-antonio-calvani-benedetto-zanaboni","12":"first","13":"instock","14":"sale","15":"shipping-taxable","16":"purchasable","17":"product-type-simple"},"_links":{"self":[{"href":"https:\/\/roveyayinevi.com.tr\/index.php\/wp-json\/wp\/v2\/product\/735172","targetHints":{"allow":["GET"]}}],"collection":[{"href":"https:\/\/roveyayinevi.com.tr\/index.php\/wp-json\/wp\/v2\/product"}],"about":[{"href":"https:\/\/roveyayinevi.com.tr\/index.php\/wp-json\/wp\/v2\/types\/product"}],"wp:attachment":[{"href":"https:\/\/roveyayinevi.com.tr\/index.php\/wp-json\/wp\/v2\/media?parent=735172"}],"wp:term":[{"taxonomy":"product_brand","embeddable":true,"href":"https:\/\/roveyayinevi.com.tr\/index.php\/wp-json\/wp\/v2\/product_brand?post=735172"},{"taxonomy":"product_cat","embeddable":true,"href":"https:\/\/roveyayinevi.com.tr\/index.php\/wp-json\/wp\/v2\/product_cat?post=735172"},{"taxonomy":"product_tag","embeddable":true,"href":"https:\/\/roveyayinevi.com.tr\/index.php\/wp-json\/wp\/v2\/product_tag?post=735172"}],"curies":[{"name":"wp","href":"https:\/\/api.w.org\/{rel}","templated":true}]}}