{"id":735171,"date":"2025-08-27T22:42:36","date_gmt":"2025-08-27T19:42:36","guid":{"rendered":"https:\/\/roveyayinevi.com.tr\/index.php\/urun\/sarah-bakewell-seti-2-kitap\/"},"modified":"2026-04-16T02:43:02","modified_gmt":"2026-04-15T23:43:02","slug":"sarah-bakewell-seti-2-kitap","status":"publish","type":"product","link":"https:\/\/roveyayinevi.com.tr\/index.php\/urun\/sarah-bakewell-seti-2-kitap\/","title":{"rendered":"Sarah Bakewell Seti (2 Kitap)"},"content":{"rendered":"<p>Nas\u0131l Ya\u015fan\u0131r ya da Bir Soruda Montaigne\u2019in Hayat\u0131 ve Cevaplamak \u0130\u00e7in Yirmi Te\u015febb\u00fcsVarolu\u015f\u00e7ular Kahvesi: \u00d6zg\u00fcrl\u00fck, Varolu\u015f ve Kay\u0131s\u0131 Kokteylleri<\/p>\n","protected":false},"excerpt":{"rendered":"<p>Nas\u0131l Ya\u015fan\u0131r ya da Bir Soruda Montaigne\u2019in Hayat\u0131 ve Cevaplamak \u0130\u00e7in Yirmi Te\u015febb\u00fcsVarolu\u015f\u00e7ular Kahvesi: \u00d6zg\u00fcrl\u00fck, Varolu\u015f ve Kay\u0131s\u0131 Kokteylleri<\/p>\n","protected":false},"featured_media":0,"template":"","meta":{"_monsterinsights_skip_tracking":false,"_monsterinsights_sitenote_active":false,"_monsterinsights_sitenote_note":"","_monsterinsights_sitenote_category":0},"product_brand":[],"product_cat":[13661,12291],"product_tag":[],"class_list":{"0":"post-735171","1":"product","2":"type-product","3":"status-publish","5":"product_cat-diger-ulke-edebiyatlari","6":"product_cat-edebiyat","7":"pa_cilt-set","8":"pa_tur-kitap","9":"pa_yayinevi-domingo-yayinevi","10":"pa_yazar-sarah-bakewell","12":"first","13":"instock","14":"sale","15":"shipping-taxable","16":"purchasable","17":"product-type-simple"},"_links":{"self":[{"href":"https:\/\/roveyayinevi.com.tr\/index.php\/wp-json\/wp\/v2\/product\/735171","targetHints":{"allow":["GET"]}}],"collection":[{"href":"https:\/\/roveyayinevi.com.tr\/index.php\/wp-json\/wp\/v2\/product"}],"about":[{"href":"https:\/\/roveyayinevi.com.tr\/index.php\/wp-json\/wp\/v2\/types\/product"}],"wp:attachment":[{"href":"https:\/\/roveyayinevi.com.tr\/index.php\/wp-json\/wp\/v2\/media?parent=735171"}],"wp:term":[{"taxonomy":"product_brand","embeddable":true,"href":"https:\/\/roveyayinevi.com.tr\/index.php\/wp-json\/wp\/v2\/product_brand?post=735171"},{"taxonomy":"product_cat","embeddable":true,"href":"https:\/\/roveyayinevi.com.tr\/index.php\/wp-json\/wp\/v2\/product_cat?post=735171"},{"taxonomy":"product_tag","embeddable":true,"href":"https:\/\/roveyayinevi.com.tr\/index.php\/wp-json\/wp\/v2\/product_tag?post=735171"}],"curies":[{"name":"wp","href":"https:\/\/api.w.org\/{rel}","templated":true}]}}