{"id":735167,"date":"2025-08-27T22:42:31","date_gmt":"2025-08-27T19:42:31","guid":{"rendered":"https:\/\/roveyayinevi.com.tr\/index.php\/urun\/hepsi-sana-miras-cocuk-klasikleri-seti-10-kitap-takim\/"},"modified":"2026-04-16T02:43:02","modified_gmt":"2026-04-15T23:43:02","slug":"hepsi-sana-miras-cocuk-klasikleri-seti-10-kitap-takim","status":"publish","type":"product","link":"https:\/\/roveyayinevi.com.tr\/index.php\/urun\/hepsi-sana-miras-cocuk-klasikleri-seti-10-kitap-takim\/","title":{"rendered":"Hepsi Sana Miras \u00c7ocuk Klasikleri Seti (10 Kitap Tak\u0131m)"},"content":{"rendered":"<p>Peki ya bug\u00fcn\u00fcn b\u00fcy\u00fck yazarlar\u0131, t\u00fcm zamanlar\u0131n en b\u00fcy\u00fck hikayelerini, sana yeniden anlatsa.Unutulmakta olan klasikleri, bug\u00fcn\u00fcn b\u00fcy\u00fck yazarlar\u0131n\u0131n yard\u0131m\u0131yla \u00e7ocuklarla bulu\u015fturmak. \u0130\u015fte HEPS\u0130 SANA M\u0130RAS serisinin amac\u0131 bu. \u00dcnl\u00fc \u0130talyan yazar Alessandro Baricco&#8217;nun d\u00fcnyan\u0131n d\u00f6rt yan\u0131ndaki yazar dostlar\u0131n\u0131 yard\u0131ma \u00e7a\u011f\u0131rmas\u0131 ile ortaya \u00e7\u0131km\u0131\u015f bir &#8220;kurtarma botu&#8221;. Umberto Eco&#8217;dan Jonathan Coe&#8217;ya, Dave Eggers&#8217;tan Nobel \u00f6d\u00fcll\u00fc Mario Vargas Llosa&#8217;a, g\u00fcn\u00fcm\u00fcz\u00fcn \u00f6nemli yazarlar\u0131 birer klasik se\u00e7ip, bunlar\u0131 sanki kendi \u00e7ocuklar\u0131na anlat\u0131rm\u0131\u015f gibi, etkileyici ama kolay anla\u015f\u0131l\u0131r bir dille yeniden hikayelendirdi. \u00dcstelik zaman zaman kendi hayal g\u00fc\u00e7leriyle zenginle\u015ftirmekten de ka\u00e7\u0131nmayarak. Ve yine g\u00fcn\u00fcm\u00fcz\u00fcn \u00f6nemli \u00e7izerleri bu metinleri resimlediler.HEPS\u0130 SANA M\u0130RAS (\u00f6zg\u00fcn isim: Save The Story) serisinde anlat\u0131m dilinden g\u00f6rsel tasar\u0131ma kadar her \u015fey klasikleri \u00e7ocuklara sevdirmek amac\u0131yla tasarland\u0131. Ama yeti\u015fkinler de okurken b\u00fcy\u00fck keyif alacaklar. Hele bir de dizlerinde onlar\u0131 dinleyen (m\u00fcmk\u00fcnse 6 ya\u015f\u0131ndan b\u00fcy\u00fck) bir \u00e7ocuk varsa&#8230;Instagram&#8217;da kitap hakk\u0131ndaki okur yorumlar\u0131n\u0131 sizin i\u00e7in derledik, okumak i\u00e7in #hepsisanamirasdomingo etiketiyle arama yapabilirsiniz.Set i\u00e7indeki kitaplar:Hepsi Sana Miras &#8211; AntigoneHepsi Sana Miras &#8211; BurunHepsi Sana Miras &#8211; Cyrano de BergeracHepsi Sana Miras &#8211; Denizler Alt\u0131nda Yirmi Bin FersahHepsi Sana Miras &#8211; Don JuanHepsi Sana Miras &#8211; G\u0131lgam\u0131\u015fHepsi Sana Miras &#8211; GulliverHepsi Sana Miras &#8211; Kral LearHepsi Sana Miras &#8211; Ni\u015fanl\u0131larHepsi Sana Miras &#8211; Su\u00e7 ve Ceza<\/p>\n","protected":false},"excerpt":{"rendered":"<p>Peki ya bug\u00fcn\u00fcn b\u00fcy\u00fck yazarlar\u0131, t\u00fcm zamanlar\u0131n en b\u00fcy\u00fck hikayelerini, sana yeniden anlatsa.Unutulmakta olan klasikleri, bug\u00fcn\u00fcn b\u00fcy\u00fck yazarlar\u0131n\u0131n yard\u0131m\u0131yla \u00e7ocuklarla bulu\u015fturmak. \u0130\u015fte HEPS\u0130 SANA M\u0130RAS serisinin<span class=\"excerpt-hellip\"> [\u2026]<\/span><\/p>\n","protected":false},"featured_media":0,"template":"","meta":{"_monsterinsights_skip_tracking":false,"_monsterinsights_sitenote_active":false,"_monsterinsights_sitenote_note":"","_monsterinsights_sitenote_category":0},"product_brand":[],"product_cat":[12275,12274],"product_tag":[],"class_list":{"0":"post-735167","1":"product","2":"type-product","3":"status-publish","5":"product_cat-6-12-yas-kitaplari","6":"product_cat-cocuk-ve-genclik-kitaplari","7":"pa_cilt-set","8":"pa_tur-kitap","9":"pa_yayinevi-domingo-yayinevi","10":"pa_yazar-domingo-yayinevi-kolektif","12":"first","13":"instock","14":"sale","15":"shipping-taxable","16":"purchasable","17":"product-type-simple"},"_links":{"self":[{"href":"https:\/\/roveyayinevi.com.tr\/index.php\/wp-json\/wp\/v2\/product\/735167","targetHints":{"allow":["GET"]}}],"collection":[{"href":"https:\/\/roveyayinevi.com.tr\/index.php\/wp-json\/wp\/v2\/product"}],"about":[{"href":"https:\/\/roveyayinevi.com.tr\/index.php\/wp-json\/wp\/v2\/types\/product"}],"wp:attachment":[{"href":"https:\/\/roveyayinevi.com.tr\/index.php\/wp-json\/wp\/v2\/media?parent=735167"}],"wp:term":[{"taxonomy":"product_brand","embeddable":true,"href":"https:\/\/roveyayinevi.com.tr\/index.php\/wp-json\/wp\/v2\/product_brand?post=735167"},{"taxonomy":"product_cat","embeddable":true,"href":"https:\/\/roveyayinevi.com.tr\/index.php\/wp-json\/wp\/v2\/product_cat?post=735167"},{"taxonomy":"product_tag","embeddable":true,"href":"https:\/\/roveyayinevi.com.tr\/index.php\/wp-json\/wp\/v2\/product_tag?post=735167"}],"curies":[{"name":"wp","href":"https:\/\/api.w.org\/{rel}","templated":true}]}}