{"id":735164,"date":"2025-08-27T22:42:28","date_gmt":"2025-08-27T19:42:28","guid":{"rendered":"https:\/\/roveyayinevi.com.tr\/index.php\/urun\/david-eagleman-seti-4-kitap-takim\/"},"modified":"2026-02-24T02:56:16","modified_gmt":"2026-02-23T23:56:16","slug":"david-eagleman-seti-4-kitap-takim","status":"publish","type":"product","link":"https:\/\/roveyayinevi.com.tr\/index.php\/urun\/david-eagleman-seti-4-kitap-takim\/","title":{"rendered":"David Eagleman Seti (4 Kitap Tak\u0131m)"},"content":{"rendered":"<p>Beyin: Senin HikayenIncognito \u2013 Beynin Gizli Hayat\u0131Ve&#8230; Sonraki Hayattan K\u0131rk \u00d6yk\u00fcYarat\u0131c\u0131 T\u00fcr: Fikirler D\u00fcnyayi Nas\u0131l Yeniden Yarat\u0131yor?<\/p>\n","protected":false},"excerpt":{"rendered":"<p>Beyin: Senin HikayenIncognito \u2013 Beynin Gizli Hayat\u0131Ve&#8230; Sonraki Hayattan K\u0131rk \u00d6yk\u00fcYarat\u0131c\u0131 T\u00fcr: Fikirler D\u00fcnyayi Nas\u0131l Yeniden Yarat\u0131yor?<\/p>\n","protected":false},"featured_media":0,"template":"","meta":{"_monsterinsights_skip_tracking":false,"_monsterinsights_sitenote_active":false,"_monsterinsights_sitenote_note":"","_monsterinsights_sitenote_category":0},"product_brand":[],"product_cat":[12364],"product_tag":[],"class_list":{"0":"post-735164","1":"product","2":"type-product","3":"status-publish","5":"product_cat-genel-konular","6":"pa_cilt-set","7":"pa_tur-kitap","8":"pa_yayinevi-domingo-yayinevi","9":"pa_yazar-domingo-yayinevi-kolektif","11":"first","12":"instock","13":"sale","14":"shipping-taxable","15":"purchasable","16":"product-type-simple"},"_links":{"self":[{"href":"https:\/\/roveyayinevi.com.tr\/index.php\/wp-json\/wp\/v2\/product\/735164","targetHints":{"allow":["GET"]}}],"collection":[{"href":"https:\/\/roveyayinevi.com.tr\/index.php\/wp-json\/wp\/v2\/product"}],"about":[{"href":"https:\/\/roveyayinevi.com.tr\/index.php\/wp-json\/wp\/v2\/types\/product"}],"wp:attachment":[{"href":"https:\/\/roveyayinevi.com.tr\/index.php\/wp-json\/wp\/v2\/media?parent=735164"}],"wp:term":[{"taxonomy":"product_brand","embeddable":true,"href":"https:\/\/roveyayinevi.com.tr\/index.php\/wp-json\/wp\/v2\/product_brand?post=735164"},{"taxonomy":"product_cat","embeddable":true,"href":"https:\/\/roveyayinevi.com.tr\/index.php\/wp-json\/wp\/v2\/product_cat?post=735164"},{"taxonomy":"product_tag","embeddable":true,"href":"https:\/\/roveyayinevi.com.tr\/index.php\/wp-json\/wp\/v2\/product_tag?post=735164"}],"curies":[{"name":"wp","href":"https:\/\/api.w.org\/{rel}","templated":true}]}}