{"id":735162,"date":"2025-08-27T22:42:26","date_gmt":"2025-08-27T19:42:26","guid":{"rendered":"https:\/\/roveyayinevi.com.tr\/index.php\/urun\/anne-baba-sihri-set-2-kitap\/"},"modified":"2026-04-16T02:43:01","modified_gmt":"2026-04-15T23:43:01","slug":"anne-baba-sihri-set-2-kitap","status":"publish","type":"product","link":"https:\/\/roveyayinevi.com.tr\/index.php\/urun\/anne-baba-sihri-set-2-kitap\/","title":{"rendered":"Anne Baba Sihri Set (2 Kitap)"},"content":{"rendered":"<p>\u00dcnl\u00fc psikolog ve aile terapisti Hedvig Montgomery, 23 dilde yay\u0131mlan\u0131p b\u00fcy\u00fck be\u011feni toplayan Anne Baba Sihri\u2019nde uyumlu, kendine g\u00fcvenen, ba\u011f\u0131ms\u0131z ama aidiyet duygusu geli\u015fmi\u015f \u00e7ocuklar yeti\u015ftirebilmek i\u00e7in \u00f6ncelikle \u00e7ocu\u011funuzu ve kendinizi daha iyi tan\u0131man\u0131z\u0131n, birlikte bir biz yaratman\u0131z\u0131n neden sihrin \u00f6n ko\u015fulu oldu\u011funu g\u00f6steriyor. Ve yeri geldi\u011finde kendi ailevi deneyimlerini a\u00e7\u0131k y\u00fcreklilikle payla\u015farak bu g\u00fcvenli ba\u011f\u0131 nas\u0131l in\u015fa edebilece\u011finizi anlat\u0131yor. \u00c7\u00fcnk\u00fc bu ba\u011f bir kez do\u011fru kuruldu\u011funda, ya\u015fanacak b\u00fct\u00fcn s\u0131k\u0131nt\u0131lara, hastal\u0131klara, uykusuz gecelere direnecek ve ya\u015fam boyu \u00e7ocu\u011funuzun yan\u0131nda olacak.Anne Baba Sihri serisinin ikinci kitab\u0131 Ho\u015f Geldin, bebeklik d\u00f6nemine, o b\u00fcy\u00fcl\u00fc ve f\u0131rt\u0131nal\u0131 24 aya odaklan\u0131yor. Hayat\u0131n ilk y\u0131llar\u0131 sevgiyi b\u00fcy\u00fctmek i\u00e7indir. Di\u011fer her \u015fey bundan sonra gelir. O sizin \u00e7ocu\u011funuz. Sizin mucizeniz. \u015eimdi kollar\u0131n\u0131z\u0131n aras\u0131ndaki bu varl\u0131k bir g\u00fcn kendi ayaklar\u0131 \u00fczerinde y\u00fcr\u00fcyecek&#8230; O g\u00fcne kadar birlikte bir ritim yakalamal\u0131, beraber olmaktan mutlu olaca\u011f\u0131n\u0131z bir aile yaratmal\u0131, \u00e7ocu\u011funuzun kabul g\u00f6rd\u00fc\u011f\u00fc ve ihtiya\u00e7 duydu\u011fu her an d\u00f6nebilece\u011fini bildi\u011fi bir alan in\u015fa etmelisiniz: Bir yuva.Serinin \u00fc\u00e7\u00fcnc\u00fc kitab\u0131 Ke\u015fif Y\u0131llar\u0131, 2-6 ya\u015f d\u00f6nemini kapsayan kre\u015f ve anaokulu y\u0131llar\u0131na odaklan\u0131yor. Montgomery bu kitab\u0131nda, \u00e7ocu\u011fun \u00f6\u011frenme s\u00fcrecine e\u015flik etme, teknolojik alet kullan\u0131m\u0131, d\u00f6nemsel krizler, karde\u015f ve akran ili\u015fkileri, inatla\u015fma, \u00e7ocu\u011fun duygular\u0131n\u0131 g\u00f6rme, s\u0131n\u0131r koyma ve rehberlik etme gibi zorlay\u0131c\u0131 pek \u00e7ok alanda ebeveynlere \u0131\u015f\u0131k tutacak \u00f6nerilerini yal\u0131n ve i\u00e7ten bir dille sunuyor. Setin i\u00e7erisindeki kitaplar:Anne Baba SihriHo\u015f Geldin &#8211; \u0130lk \u0130ki Ya\u015f\u0131n SihriKe\u015fif Y\u0131llar\u0131 &#8211; Kre\u015f ve Anaokulu D\u00f6nemi<\/p>\n","protected":false},"excerpt":{"rendered":"<p>\u00dcnl\u00fc psikolog ve aile terapisti Hedvig Montgomery, 23 dilde yay\u0131mlan\u0131p b\u00fcy\u00fck be\u011feni toplayan Anne Baba Sihri\u2019nde uyumlu, kendine g\u00fcvenen, ba\u011f\u0131ms\u0131z ama aidiyet duygusu geli\u015fmi\u015f \u00e7ocuklar yeti\u015ftirebilmek<span class=\"excerpt-hellip\"> [\u2026]<\/span><\/p>\n","protected":false},"featured_media":0,"template":"","meta":{"_monsterinsights_skip_tracking":false,"_monsterinsights_sitenote_active":false,"_monsterinsights_sitenote_note":"","_monsterinsights_sitenote_category":0},"product_brand":[],"product_cat":[17996,12364],"product_tag":[],"class_list":{"0":"post-735162","1":"product","2":"type-product","3":"status-publish","5":"product_cat-ebeveyn-kitaplari","6":"product_cat-genel-konular","7":"pa_cilt-set","8":"pa_tur-kitap","9":"pa_yayinevi-domingo-yayinevi","10":"pa_yazar-hedvig-montgomery","12":"first","13":"instock","14":"sale","15":"shipping-taxable","16":"purchasable","17":"product-type-simple"},"_links":{"self":[{"href":"https:\/\/roveyayinevi.com.tr\/index.php\/wp-json\/wp\/v2\/product\/735162","targetHints":{"allow":["GET"]}}],"collection":[{"href":"https:\/\/roveyayinevi.com.tr\/index.php\/wp-json\/wp\/v2\/product"}],"about":[{"href":"https:\/\/roveyayinevi.com.tr\/index.php\/wp-json\/wp\/v2\/types\/product"}],"wp:attachment":[{"href":"https:\/\/roveyayinevi.com.tr\/index.php\/wp-json\/wp\/v2\/media?parent=735162"}],"wp:term":[{"taxonomy":"product_brand","embeddable":true,"href":"https:\/\/roveyayinevi.com.tr\/index.php\/wp-json\/wp\/v2\/product_brand?post=735162"},{"taxonomy":"product_cat","embeddable":true,"href":"https:\/\/roveyayinevi.com.tr\/index.php\/wp-json\/wp\/v2\/product_cat?post=735162"},{"taxonomy":"product_tag","embeddable":true,"href":"https:\/\/roveyayinevi.com.tr\/index.php\/wp-json\/wp\/v2\/product_tag?post=735162"}],"curies":[{"name":"wp","href":"https:\/\/api.w.org\/{rel}","templated":true}]}}