{"id":735161,"date":"2025-08-27T22:42:25","date_gmt":"2025-08-27T19:42:25","guid":{"rendered":"https:\/\/roveyayinevi.com.tr\/index.php\/urun\/aklayakin-seti-3-kitap\/"},"modified":"2026-04-16T02:43:01","modified_gmt":"2026-04-15T23:43:01","slug":"aklayakin-seti-3-kitap","status":"publish","type":"product","link":"https:\/\/roveyayinevi.com.tr\/index.php\/urun\/aklayakin-seti-3-kitap\/","title":{"rendered":"Aklayak\u0131n Seti (3 Kitap)"},"content":{"rendered":"<p>Aklayak\u0131n serisi, m\u00fchim fikirler\/zamanlar \u00fczerine, \u00f6nemli zihinler taraf\u0131ndan kaleme al\u0131nm\u0131\u015f k\u0131sa ama tesirli kitaplardan olu\u015fuyor.Setin i\u00e7indeki kitaplar:Politika &#8211; Aklayak\u0131n 1Her \u015eeyin Teorisi &#8211; Aklayak\u0131n 2Antik D\u00fcnya &#8211; Aklayak\u0131n 3<\/p>\n","protected":false},"excerpt":{"rendered":"<p>Aklayak\u0131n serisi, m\u00fchim fikirler\/zamanlar \u00fczerine, \u00f6nemli zihinler taraf\u0131ndan kaleme al\u0131nm\u0131\u015f k\u0131sa ama tesirli kitaplardan olu\u015fuyor.Setin i\u00e7indeki kitaplar:Politika &#8211; Aklayak\u0131n 1Her \u015eeyin Teorisi &#8211; Aklayak\u0131n 2Antik D\u00fcnya<span class=\"excerpt-hellip\"> [\u2026]<\/span><\/p>\n","protected":false},"featured_media":0,"template":"","meta":{"_monsterinsights_skip_tracking":false,"_monsterinsights_sitenote_active":false,"_monsterinsights_sitenote_note":"","_monsterinsights_sitenote_category":0},"product_brand":[],"product_cat":[20351,12388],"product_tag":[],"class_list":{"0":"post-735161","1":"product","2":"type-product","3":"status-publish","5":"product_cat-dusunce","6":"product_cat-felsefe","7":"pa_cilt-set","8":"pa_tur-kitap","9":"pa_yayinevi-domingo-yayinevi","10":"pa_yazar-domingo-yayinevi-kolektif","12":"first","13":"instock","14":"sale","15":"shipping-taxable","16":"purchasable","17":"product-type-simple"},"_links":{"self":[{"href":"https:\/\/roveyayinevi.com.tr\/index.php\/wp-json\/wp\/v2\/product\/735161","targetHints":{"allow":["GET"]}}],"collection":[{"href":"https:\/\/roveyayinevi.com.tr\/index.php\/wp-json\/wp\/v2\/product"}],"about":[{"href":"https:\/\/roveyayinevi.com.tr\/index.php\/wp-json\/wp\/v2\/types\/product"}],"wp:attachment":[{"href":"https:\/\/roveyayinevi.com.tr\/index.php\/wp-json\/wp\/v2\/media?parent=735161"}],"wp:term":[{"taxonomy":"product_brand","embeddable":true,"href":"https:\/\/roveyayinevi.com.tr\/index.php\/wp-json\/wp\/v2\/product_brand?post=735161"},{"taxonomy":"product_cat","embeddable":true,"href":"https:\/\/roveyayinevi.com.tr\/index.php\/wp-json\/wp\/v2\/product_cat?post=735161"},{"taxonomy":"product_tag","embeddable":true,"href":"https:\/\/roveyayinevi.com.tr\/index.php\/wp-json\/wp\/v2\/product_tag?post=735161"}],"curies":[{"name":"wp","href":"https:\/\/api.w.org\/{rel}","templated":true}]}}