{"id":735159,"date":"2025-08-27T22:42:23","date_gmt":"2025-08-27T19:42:23","guid":{"rendered":"https:\/\/roveyayinevi.com.tr\/index.php\/urun\/dusun-soyle-ciz-boya\/"},"modified":"2026-04-16T02:43:01","modified_gmt":"2026-04-15T23:43:01","slug":"dusun-soyle-ciz-boya","status":"publish","type":"product","link":"https:\/\/roveyayinevi.com.tr\/index.php\/urun\/dusun-soyle-ciz-boya\/","title":{"rendered":"D\u00fc\u015f\u00fcn, S\u00f6yle, \u00c7iz, Boya"},"content":{"rendered":"<p>Okul \u00f6ncesi d\u00f6nemdeki \u00e7ocuklar\u0131n bili\u015fsel, sosyal, duygusal ve ince motor geli\u015fimleri ile dil becerilerini desteklemek amac\u0131yla haz\u0131rlanm\u0131\u015f bu kitapta;   \u2022 Ayn\u0131 ve farkl\u0131 olan\u0131 bulma \u2022 Eksik bulma \u2022 G\u00f6rsel ve i\u015fitsel dikkat \u2022 K\u0131sa s\u00fcreli haf\u0131za \u2022 Kavramlar ve uzamsal alg\u0131 \u2022 Tane kavram\u0131, say\u0131 tan\u0131ma ve yazma \u2022 \u00d6r\u00fcnt\u00fc tamamlama, olay s\u0131ralama ve ritim \u2022 Labirent \u2022 Yarat\u0131c\u0131l\u0131k, d\u00fc\u015f\u00fcnme, \u00e7a\u011fr\u0131\u015f\u0131m, neden-sonu\u00e7 ili\u015fkisi kurma ve problem \u00e7\u00f6zme \u2022 Simetri \u2022 Sosyal muhakeme ve duygular\u0131 tan\u0131ma \u2022 Par\u00e7a b\u00fct\u00fcn ili\u015fkisi \u2022 Boyama, k\u00e2\u011f\u0131t katlama ve \u00e7izgi tamamlama egzersizleri bulunmaktad\u0131r.   Bu kitaptaki etkinlikleri yaparken \u00e7ocuklar hem e\u011flenecekler hem de \u00f6\u011frenecekler. <\/p>\n","protected":false},"excerpt":{"rendered":"<p>Okul \u00f6ncesi d\u00f6nemdeki \u00e7ocuklar\u0131n bili\u015fsel, sosyal, duygusal ve ince motor geli\u015fimleri ile dil becerilerini desteklemek amac\u0131yla haz\u0131rlanm\u0131\u015f bu kitapta; \u2022 Ayn\u0131 ve farkl\u0131 olan\u0131 bulma \u2022<span class=\"excerpt-hellip\"> [\u2026]<\/span><\/p>\n","protected":false},"featured_media":0,"template":"","meta":{"_monsterinsights_skip_tracking":false,"_monsterinsights_sitenote_active":false,"_monsterinsights_sitenote_note":"","_monsterinsights_sitenote_category":0},"product_brand":[],"product_cat":[12274,12518],"product_tag":[],"class_list":{"0":"post-735159","1":"product","2":"type-product","3":"status-publish","5":"product_cat-cocuk-ve-genclik-kitaplari","6":"product_cat-okul-oncesi-kitaplar","7":"pa_cilt-ciltsiz","8":"pa_tur-kitap","9":"pa_yayinevi-cinar-yayinlari","10":"pa_yazar-melike-gul-eralp","12":"first","13":"instock","14":"sale","15":"shipping-taxable","16":"purchasable","17":"product-type-simple"},"_links":{"self":[{"href":"https:\/\/roveyayinevi.com.tr\/index.php\/wp-json\/wp\/v2\/product\/735159","targetHints":{"allow":["GET"]}}],"collection":[{"href":"https:\/\/roveyayinevi.com.tr\/index.php\/wp-json\/wp\/v2\/product"}],"about":[{"href":"https:\/\/roveyayinevi.com.tr\/index.php\/wp-json\/wp\/v2\/types\/product"}],"wp:attachment":[{"href":"https:\/\/roveyayinevi.com.tr\/index.php\/wp-json\/wp\/v2\/media?parent=735159"}],"wp:term":[{"taxonomy":"product_brand","embeddable":true,"href":"https:\/\/roveyayinevi.com.tr\/index.php\/wp-json\/wp\/v2\/product_brand?post=735159"},{"taxonomy":"product_cat","embeddable":true,"href":"https:\/\/roveyayinevi.com.tr\/index.php\/wp-json\/wp\/v2\/product_cat?post=735159"},{"taxonomy":"product_tag","embeddable":true,"href":"https:\/\/roveyayinevi.com.tr\/index.php\/wp-json\/wp\/v2\/product_tag?post=735159"}],"curies":[{"name":"wp","href":"https:\/\/api.w.org\/{rel}","templated":true}]}}