{"id":735157,"date":"2025-08-27T22:42:21","date_gmt":"2025-08-27T19:42:21","guid":{"rendered":"https:\/\/roveyayinevi.com.tr\/index.php\/urun\/hortlak-kimyasi\/"},"modified":"2026-04-16T02:43:01","modified_gmt":"2026-04-15T23:43:01","slug":"hortlak-kimyasi","status":"publish","type":"product","link":"https:\/\/roveyayinevi.com.tr\/index.php\/urun\/hortlak-kimyasi\/","title":{"rendered":"Hortlak Kimyas\u0131"},"content":{"rendered":"<p>Salamis Yay\u0131nlar\u0131\u2019n\u0131n yeni kitab\u0131 b\u00fcy\u00fck k\u00fc\u00e7\u00fck herkese hitap edecek bir fantastik roman. Yay\u0131nevinin ilk gen\u00e7lik roman\u0131 Anthony Douglas Cooper\u2019dan. Kanadal\u0131 yazar \u0130ngilizce konu\u015fulan \u00fclkelerde \u00e7ok \u00fcnl\u00fc. Biz de ilk roman olarak onu ve fantastik eserini \u00fclkemizde tan\u0131tal\u0131m dedik. Amazonda bir numaraya y\u00fckselen ve Financial Times\u2019\u0131n \u00e7oksatanlar listesine giren roman\u0131n konusu k\u0131saca \u015f\u00f6yle:   Milrose Min\u2019in ba\u015f\u0131 derttedir. Okul \u0130daresi onu kendi kendiyle konu\u015ftu\u011fu i\u00e7in \u201cProfesyonel Yard\u0131m\u201d almaya g\u00f6nderir. Ama onlar\u0131n bilmedi\u011fi bir \u015fey vard\u0131r. Milrose kendi kendiyle de\u011fil okulu mesken tutan hayaletlerle konu\u015fmaktad\u0131r. Hem sadece konu\u015fmak de de\u011fil; baz\u0131lar\u0131yla s\u0131k\u0131 f\u0131k\u0131 dost da olmu\u015ftur. \u00d6yle olunca da \u201cProfesyonel Yard\u0131m\u201d ad\u0131 alt\u0131nda dayat\u0131lan tuhaf, hatta tehlikeli terapi seanslar\u0131ndan kurtulmak i\u00e7in yine hayalet dostlar\u0131na s\u0131\u011f\u0131n\u0131r. \u0130nsan\u0131 bir kal\u0131ba sokmaya \u00e7al\u0131\u015fan, farkl\u0131 renklere tahamm\u00fcl\u00fc olmayan e\u011fitim sistemine ele\u015ftirel bir bak\u0131\u015f sunan Hortlak Kimyas\u0131 ayn\u0131 zamanda ak\u0131c\u0131 ve mizahla yo\u011frulmu\u015f diliyle de bir solukta okunacak e\u011flenceli bir kitap\u2026 <\/p>\n","protected":false},"excerpt":{"rendered":"<p>Salamis Yay\u0131nlar\u0131\u2019n\u0131n yeni kitab\u0131 b\u00fcy\u00fck k\u00fc\u00e7\u00fck herkese hitap edecek bir fantastik roman. Yay\u0131nevinin ilk gen\u00e7lik roman\u0131 Anthony Douglas Cooper\u2019dan. Kanadal\u0131 yazar \u0130ngilizce konu\u015fulan \u00fclkelerde \u00e7ok \u00fcnl\u00fc.<span class=\"excerpt-hellip\"> [\u2026]<\/span><\/p>\n","protected":false},"featured_media":0,"template":"","meta":{"_monsterinsights_skip_tracking":false,"_monsterinsights_sitenote_active":false,"_monsterinsights_sitenote_note":"","_monsterinsights_sitenote_category":0},"product_brand":[],"product_cat":[12291,12711],"product_tag":[],"class_list":{"0":"post-735157","1":"product","2":"type-product","3":"status-publish","5":"product_cat-edebiyat","6":"product_cat-roman-oyku","7":"pa_cilt-ciltsiz","8":"pa_tur-kitap","9":"pa_yayinevi-salamis-yayinlari","10":"pa_yazar-douglas-anthony-cooper","12":"first","13":"instock","14":"sale","15":"shipping-taxable","16":"purchasable","17":"product-type-simple"},"_links":{"self":[{"href":"https:\/\/roveyayinevi.com.tr\/index.php\/wp-json\/wp\/v2\/product\/735157","targetHints":{"allow":["GET"]}}],"collection":[{"href":"https:\/\/roveyayinevi.com.tr\/index.php\/wp-json\/wp\/v2\/product"}],"about":[{"href":"https:\/\/roveyayinevi.com.tr\/index.php\/wp-json\/wp\/v2\/types\/product"}],"wp:attachment":[{"href":"https:\/\/roveyayinevi.com.tr\/index.php\/wp-json\/wp\/v2\/media?parent=735157"}],"wp:term":[{"taxonomy":"product_brand","embeddable":true,"href":"https:\/\/roveyayinevi.com.tr\/index.php\/wp-json\/wp\/v2\/product_brand?post=735157"},{"taxonomy":"product_cat","embeddable":true,"href":"https:\/\/roveyayinevi.com.tr\/index.php\/wp-json\/wp\/v2\/product_cat?post=735157"},{"taxonomy":"product_tag","embeddable":true,"href":"https:\/\/roveyayinevi.com.tr\/index.php\/wp-json\/wp\/v2\/product_tag?post=735157"}],"curies":[{"name":"wp","href":"https:\/\/api.w.org\/{rel}","templated":true}]}}