{"id":735156,"date":"2025-08-27T22:42:20","date_gmt":"2025-08-27T19:42:20","guid":{"rendered":"https:\/\/roveyayinevi.com.tr\/index.php\/urun\/evsiz-benin-hikayesi-ciltli\/"},"modified":"2026-04-16T02:43:01","modified_gmt":"2026-04-15T23:43:01","slug":"evsiz-benin-hikayesi-ciltli","status":"publish","type":"product","link":"https:\/\/roveyayinevi.com.tr\/index.php\/urun\/evsiz-benin-hikayesi-ciltli\/","title":{"rendered":"Evsiz Ben&#8217;in Hikayesi (Ciltli)"},"content":{"rendered":"<p>Evsiz Ben ya\u015fad\u0131\u011f\u0131 salyangozlar d\u00fcnyas\u0131nda herkesten farkl\u0131 oldu\u011funu anlay\u0131nca kendinde bir eksiklik oldu\u011funu d\u00fc\u015f\u00fcn\u00fcr. Ondan ba\u015fka b\u00fct\u00fcn salyangozlar\u0131n s\u0131rt\u0131nda \u00fc\u015f\u00fcd\u00fcklerinde, korktuklar\u0131nda, dinlenmek istediklerinde s\u0131\u011f\u0131nabilecekleri bir evi vard\u0131r. Gitgide artan bu yoksunluk hissi onu cesaretle bir maceraya at\u0131lmaya g\u00f6t\u00fcr\u00fcr. Evsiz Ben bir yerlerde kaybetti\u011fini d\u00fc\u015f\u00fcnd\u00fc\u011f\u00fc evini aramak \u00fczere yola \u00e7\u0131kar. Ba\u015f\u0131ndan t\u00fcrl\u00fc t\u00fcrl\u00fc maceralar ge\u00e7er. Yolculuk ona birbirinden heyecanl\u0131 anlar ya\u015fat\u0131r. Yolun sonunda Evsiz Ben bir s\u00fcrprizle kar\u015f\u0131la\u015f\u0131r. Evini mi bulur yoksa ba\u015fka bir \u015fey mi olur buna sevgili okur karar verecektir. &#8220;Evsiz Ben\u2019in Hik\u00e2yesi&#8221; evini kalbinde ta\u015f\u0131yan herkese arma\u011fan olsun&#8230; Ve elbette b\u00fct\u00fcn bu hik\u00e2yeyi bana anlatan sak\u0131z a\u011fac\u0131ma&#8230; <\/p>\n","protected":false},"excerpt":{"rendered":"<p>Evsiz Ben ya\u015fad\u0131\u011f\u0131 salyangozlar d\u00fcnyas\u0131nda herkesten farkl\u0131 oldu\u011funu anlay\u0131nca kendinde bir eksiklik oldu\u011funu d\u00fc\u015f\u00fcn\u00fcr. Ondan ba\u015fka b\u00fct\u00fcn salyangozlar\u0131n s\u0131rt\u0131nda \u00fc\u015f\u00fcd\u00fcklerinde, korktuklar\u0131nda, dinlenmek istediklerinde s\u0131\u011f\u0131nabilecekleri bir evi<span class=\"excerpt-hellip\"> [\u2026]<\/span><\/p>\n","protected":false},"featured_media":0,"template":"","meta":{"_monsterinsights_skip_tracking":false,"_monsterinsights_sitenote_active":false,"_monsterinsights_sitenote_note":"","_monsterinsights_sitenote_category":0},"product_brand":[],"product_cat":[12275,12274],"product_tag":[],"class_list":{"0":"post-735156","1":"product","2":"type-product","3":"status-publish","5":"product_cat-6-12-yas-kitaplari","6":"product_cat-cocuk-ve-genclik-kitaplari","7":"pa_cilt-ciltli","8":"pa_tur-kitap","9":"pa_yayinevi-nesil-cocuk-yayinlari","10":"pa_yazar-ozgur-aras-tufek","12":"first","13":"instock","14":"sale","15":"shipping-taxable","16":"purchasable","17":"product-type-simple"},"_links":{"self":[{"href":"https:\/\/roveyayinevi.com.tr\/index.php\/wp-json\/wp\/v2\/product\/735156","targetHints":{"allow":["GET"]}}],"collection":[{"href":"https:\/\/roveyayinevi.com.tr\/index.php\/wp-json\/wp\/v2\/product"}],"about":[{"href":"https:\/\/roveyayinevi.com.tr\/index.php\/wp-json\/wp\/v2\/types\/product"}],"wp:attachment":[{"href":"https:\/\/roveyayinevi.com.tr\/index.php\/wp-json\/wp\/v2\/media?parent=735156"}],"wp:term":[{"taxonomy":"product_brand","embeddable":true,"href":"https:\/\/roveyayinevi.com.tr\/index.php\/wp-json\/wp\/v2\/product_brand?post=735156"},{"taxonomy":"product_cat","embeddable":true,"href":"https:\/\/roveyayinevi.com.tr\/index.php\/wp-json\/wp\/v2\/product_cat?post=735156"},{"taxonomy":"product_tag","embeddable":true,"href":"https:\/\/roveyayinevi.com.tr\/index.php\/wp-json\/wp\/v2\/product_tag?post=735156"}],"curies":[{"name":"wp","href":"https:\/\/api.w.org\/{rel}","templated":true}]}}