{"id":735155,"date":"2025-08-27T22:42:19","date_gmt":"2025-08-27T19:42:19","guid":{"rendered":"https:\/\/roveyayinevi.com.tr\/index.php\/urun\/pinokyo-sen-de-oku-klasikler\/"},"modified":"2026-04-16T02:43:01","modified_gmt":"2026-04-15T23:43:01","slug":"pinokyo-sen-de-oku-klasikler","status":"publish","type":"product","link":"https:\/\/roveyayinevi.com.tr\/index.php\/urun\/pinokyo-sen-de-oku-klasikler\/","title":{"rendered":"Pinokyo &#8211; Sen de Oku (Klasikler)"},"content":{"rendered":"<p>\u0130talyan yazar Carlo Collodi&#8217;nin hi\u00e7 eskimeyen sihirli anlat\u0131s\u0131 Pinokyo, \u00e7ocuk edebiyat\u0131m\u0131z\u0131n usta kalemi Mavisel Yener&#8217;in ellerinde \u015fekilleniyor; herkes okuyabilsin diye \u201cSen de Oku Klasikler\u201d koleksiyonunda hayat buluyor!Ger\u00e7ek bir \u00e7ocu\u011fa d\u00f6n\u00fc\u015febilme hayaliyle t\u00fcrl\u00fc ser\u00fcvenlere at\u0131lan ve her defas\u0131nda ba\u015f\u0131na olmad\u0131k \u015feyler gelen bir kuklan\u0131n d\u00fc\u015f d\u00fcnyas\u0131na a\u00e7\u0131lan bu i\u00e7tenlikli masal, okuru hayat\u0131n getirdikleri ve g\u00f6t\u00fcrd\u00fckleri hakk\u0131nda d\u00fc\u015f\u00fcnd\u00fcr\u00fcyor. \u00d6nyarg\u0131l\u0131 davranmamay\u0131 \u00f6\u011f\u00fctleyen bu klasik eser, ya\u015fam\u0131n s\u00fcrprizlerle dolu oldu\u011funu vurgularken herkesin ikinci bir \u015fans\u0131 hak etti\u011fini hat\u0131rlat\u0131yor. Evvel zaman i\u00e7inde, hen\u00fcz sadece sihirli bir odunken onu g\u00fczel bir masa aya\u011f\u0131 olmaktan kurtaran Marangoz Gepetto&#8217;ya \u00e7ok \u015fey bor\u00e7ludur Pinokyo. Gepetto onu \u201co\u011flum\u201d diye sevdik\u00e7e Pinokyo&#8217;nun kalbi bir ba\u015fka \u00e7arpar. \u00d6te yandan, d\u0131\u015far\u0131daki d\u00fcnyan\u0131n cazibesi de her ge\u00e7en g\u00fcn artmaktad\u0131r. Nihayetinde Gepetto Usta, ele avuca s\u0131\u011fmaz delidolu Pinokyo&#8217;yu evde tutmay\u0131 ba\u015faramaz. Pinokyo hayat\u0131 g\u00f6rmeye kararl\u0131d\u0131r bir kere. Ah, bir de en b\u00fcy\u00fck hayali olan ger\u00e7ek bir \u00e7ocu\u011fa d\u00f6n\u00fc\u015febilse&#8230;Y\u00fczy\u0131ll\u0131k ser\u00fcveninde gazete tefrikalar\u0131na s\u0131\u011fmayan ve \u00f6nce kitaplara, sonra \u00e7izgi filmlere, sinemaya ve hatta sahne sanatlar\u0131ndan dijital d\u00fcnyaya kadar say\u0131s\u0131z uyarlamaya konu olan Pinokyo, g\u00fcndelik ya\u015famda kulland\u0131\u011f\u0131m\u0131z objelerde bile kendini g\u00f6stererek ya\u015famlar\u0131m\u0131zda yer edinmeyi s\u00fcrd\u00fcr\u00fcyor.<\/p>\n","protected":false},"excerpt":{"rendered":"<p>\u0130talyan yazar Carlo Collodi&#8217;nin hi\u00e7 eskimeyen sihirli anlat\u0131s\u0131 Pinokyo, \u00e7ocuk edebiyat\u0131m\u0131z\u0131n usta kalemi Mavisel Yener&#8217;in ellerinde \u015fekilleniyor; herkes okuyabilsin diye \u201cSen de Oku Klasikler\u201d koleksiyonunda hayat<span class=\"excerpt-hellip\"> [\u2026]<\/span><\/p>\n","protected":false},"featured_media":0,"template":"","meta":{"_monsterinsights_skip_tracking":false,"_monsterinsights_sitenote_active":false,"_monsterinsights_sitenote_note":"","_monsterinsights_sitenote_category":0},"product_brand":[],"product_cat":[12274,12467],"product_tag":[],"class_list":{"0":"post-735155","1":"product","2":"type-product","3":"status-publish","5":"product_cat-cocuk-ve-genclik-kitaplari","6":"product_cat-dunya-klasikleri","7":"pa_cilt-ciltsiz","8":"pa_tur-kitap","9":"pa_yayinevi-tudem-egitim-yayinlari","10":"pa_yazar-mavisel-yener","12":"first","13":"instock","14":"sale","15":"shipping-taxable","16":"purchasable","17":"product-type-simple"},"_links":{"self":[{"href":"https:\/\/roveyayinevi.com.tr\/index.php\/wp-json\/wp\/v2\/product\/735155","targetHints":{"allow":["GET"]}}],"collection":[{"href":"https:\/\/roveyayinevi.com.tr\/index.php\/wp-json\/wp\/v2\/product"}],"about":[{"href":"https:\/\/roveyayinevi.com.tr\/index.php\/wp-json\/wp\/v2\/types\/product"}],"wp:attachment":[{"href":"https:\/\/roveyayinevi.com.tr\/index.php\/wp-json\/wp\/v2\/media?parent=735155"}],"wp:term":[{"taxonomy":"product_brand","embeddable":true,"href":"https:\/\/roveyayinevi.com.tr\/index.php\/wp-json\/wp\/v2\/product_brand?post=735155"},{"taxonomy":"product_cat","embeddable":true,"href":"https:\/\/roveyayinevi.com.tr\/index.php\/wp-json\/wp\/v2\/product_cat?post=735155"},{"taxonomy":"product_tag","embeddable":true,"href":"https:\/\/roveyayinevi.com.tr\/index.php\/wp-json\/wp\/v2\/product_tag?post=735155"}],"curies":[{"name":"wp","href":"https:\/\/api.w.org\/{rel}","templated":true}]}}