{"id":735154,"date":"2025-08-27T22:42:17","date_gmt":"2025-08-27T19:42:17","guid":{"rendered":"https:\/\/roveyayinevi.com.tr\/index.php\/urun\/superozorlar-3-tiranozorlarin-carpismasi-ciltli\/"},"modified":"2026-04-16T02:43:01","modified_gmt":"2026-04-15T23:43:01","slug":"superozorlar-3-tiranozorlarin-carpismasi-ciltli","status":"publish","type":"product","link":"https:\/\/roveyayinevi.com.tr\/index.php\/urun\/superozorlar-3-tiranozorlarin-carpismasi-ciltli\/","title":{"rendered":"S\u00fcperozorlar 3 &#8211; Tiranozorlar\u0131n \u00e7arp\u0131\u015fmas\u0131 (Ciltli)"},"content":{"rendered":"<p>D\u0130NOZORLARIN D\u00d6RTNALA KO\u015eTU\u011eU B\u0130R VAH\u015e\u0130 BATI HAYAL ED\u0130N, RODEO \u0130\u00c7\u0130N HAZIR MISINIZ? Kovboy \u015fapkalar\u0131n\u0131z\u0131 s\u0131k\u0131 tutun \u00e7\u00fcnk\u00fc macera t\u00fcm h\u0131z\u0131yla devam ediyor! Bea ve Carter&#8217;\u0131n macera tutkusu onlar\u0131 yeni bir k\u0131tay\u0131 daha ke\u015ffetmeye s\u00fcr\u00fckl\u00fcyor. Amerika\u2019da ya\u015fayan Cash Amca\u2019n\u0131n \u00e7iftli\u011fine yapt\u0131klar\u0131 ziyarette ge\u00e7mi\u015ften gelen bir isim de onlara e\u015flik edecek: Vikont Lamprecht Kn\u00fatr. Bu sefer yan\u0131nda kar\u0131s\u0131 Anya da var. Bea ve Carter\u2019\u0131n yollar\u0131 Bea\u2019n\u0131n Anya ile San Francisco\u2019ya gitmesi \u00fczerine ayr\u0131l\u0131rken Theodore da yeni bilinmezliklerin ard\u0131ndan kendi maceras\u0131na at\u0131l\u0131yor. Peki, t\u00fcm bunlar olurken Buster\u2019\u0131n masumiyet m\u00fccadelesi ne olacak? H\u00e2lihaz\u0131rdaki s\u0131rlar \u00e7\u00f6z\u00fclecek mi yoksa kahramanlar\u0131m\u0131z\u0131 yeni ser\u00fcvenler mi bekliyor?<\/p>\n","protected":false},"excerpt":{"rendered":"<p>D\u0130NOZORLARIN D\u00d6RTNALA KO\u015eTU\u011eU B\u0130R VAH\u015e\u0130 BATI HAYAL ED\u0130N, RODEO \u0130\u00c7\u0130N HAZIR MISINIZ? Kovboy \u015fapkalar\u0131n\u0131z\u0131 s\u0131k\u0131 tutun \u00e7\u00fcnk\u00fc macera t\u00fcm h\u0131z\u0131yla devam ediyor! Bea ve Carter&#8217;\u0131n macera<span class=\"excerpt-hellip\"> [\u2026]<\/span><\/p>\n","protected":false},"featured_media":0,"template":"","meta":{"_monsterinsights_skip_tracking":false,"_monsterinsights_sitenote_active":false,"_monsterinsights_sitenote_note":"","_monsterinsights_sitenote_category":0},"product_brand":[],"product_cat":[12275,12274],"product_tag":[],"class_list":{"0":"post-735154","1":"product","2":"type-product","3":"status-publish","5":"product_cat-6-12-yas-kitaplari","6":"product_cat-cocuk-ve-genclik-kitaplari","7":"pa_cilt-ciltli","8":"pa_tur-kitap","9":"pa_yayinevi-epsilon-yayinlari","10":"pa_yazar-kolektif","12":"first","13":"instock","14":"sale","15":"shipping-taxable","16":"purchasable","17":"product-type-simple"},"_links":{"self":[{"href":"https:\/\/roveyayinevi.com.tr\/index.php\/wp-json\/wp\/v2\/product\/735154","targetHints":{"allow":["GET"]}}],"collection":[{"href":"https:\/\/roveyayinevi.com.tr\/index.php\/wp-json\/wp\/v2\/product"}],"about":[{"href":"https:\/\/roveyayinevi.com.tr\/index.php\/wp-json\/wp\/v2\/types\/product"}],"wp:attachment":[{"href":"https:\/\/roveyayinevi.com.tr\/index.php\/wp-json\/wp\/v2\/media?parent=735154"}],"wp:term":[{"taxonomy":"product_brand","embeddable":true,"href":"https:\/\/roveyayinevi.com.tr\/index.php\/wp-json\/wp\/v2\/product_brand?post=735154"},{"taxonomy":"product_cat","embeddable":true,"href":"https:\/\/roveyayinevi.com.tr\/index.php\/wp-json\/wp\/v2\/product_cat?post=735154"},{"taxonomy":"product_tag","embeddable":true,"href":"https:\/\/roveyayinevi.com.tr\/index.php\/wp-json\/wp\/v2\/product_tag?post=735154"}],"curies":[{"name":"wp","href":"https:\/\/api.w.org\/{rel}","templated":true}]}}