{"id":735153,"date":"2025-08-27T22:42:16","date_gmt":"2025-08-27T19:42:16","guid":{"rendered":"https:\/\/roveyayinevi.com.tr\/index.php\/urun\/sonsuzlugun-tarihi\/"},"modified":"2026-04-16T02:43:01","modified_gmt":"2026-04-15T23:43:01","slug":"sonsuzlugun-tarihi","status":"publish","type":"product","link":"https:\/\/roveyayinevi.com.tr\/index.php\/urun\/sonsuzlugun-tarihi\/","title":{"rendered":"Sonsuzlu\u011fun Tarihi"},"content":{"rendered":"<p>Bu sayfalara ad\u0131n\u0131 veren o s\u0131ra d\u0131\u015f\u0131 \u201csonsuzlu\u011fun tarihi\u201d hakk\u0131nda \u00e7ok az \u015fey s\u00f6yleyece\u011fim. Zaman bizim a\u00e7\u0131m\u0131zdan bir sorundur; sars\u0131c\u0131 ve talepk\u00e2r bir sorun, belki de metafizi\u011fin en can al\u0131c\u0131 sorunu; sonsuzluksa bir oyun ya da y\u0131pranm\u0131\u015f bir umut. Farkl\u0131 anlarda farkl\u0131 yerlerin i\u015fgal edilmesi \u2013yani hareket\u2013 zaman olmaks\u0131z\u0131n kavranamaz. Ayn\u0131 \u015fekilde, farkl\u0131 anlarda, ayn\u0131 yeri i\u015fgal etmek anlam\u0131na gelen hareketsizlik de \u00f6yle. Say\u0131s\u0131z \u015fairin \u00f6zlemle yan\u0131p tutu\u015ftu\u011fu sonsuzlu\u011fun bizi en az\u0131ndan ka\u00e7amak tarzda olsa da ard\u0131\u015f\u0131kl\u0131\u011f\u0131n bask\u0131s\u0131ndan kurtaran maharetli bir ayg\u0131t oldu\u011funu nas\u0131l hissedemedim?   Borges\u2019in sanattaki zaferi entelekt\u00fcel bir \u00e7\u0131kmaz\u0131 kendisiyle sava\u015ft\u0131rarak insanl\u0131k ad\u0131na yeni bir \u00fcr\u00fcn ortaya koymas\u0131.   John Barth <\/p>\n","protected":false},"excerpt":{"rendered":"<p>Bu sayfalara ad\u0131n\u0131 veren o s\u0131ra d\u0131\u015f\u0131 \u201csonsuzlu\u011fun tarihi\u201d hakk\u0131nda \u00e7ok az \u015fey s\u00f6yleyece\u011fim. Zaman bizim a\u00e7\u0131m\u0131zdan bir sorundur; sars\u0131c\u0131 ve talepk\u00e2r bir sorun, belki de<span class=\"excerpt-hellip\"> [\u2026]<\/span><\/p>\n","protected":false},"featured_media":0,"template":"","meta":{"_monsterinsights_skip_tracking":false,"_monsterinsights_sitenote_active":false,"_monsterinsights_sitenote_note":"","_monsterinsights_sitenote_category":0},"product_brand":[],"product_cat":[18545,12291],"product_tag":[],"class_list":{"0":"post-735153","1":"product","2":"type-product","3":"status-publish","5":"product_cat-anlati","6":"product_cat-edebiyat","7":"pa_cilt-ciltsiz","8":"pa_tur-kitap","9":"pa_yayinevi-can-yayinlari","10":"pa_yazar-jorge-luis-borges","12":"first","13":"instock","14":"sale","15":"shipping-taxable","16":"purchasable","17":"product-type-simple"},"_links":{"self":[{"href":"https:\/\/roveyayinevi.com.tr\/index.php\/wp-json\/wp\/v2\/product\/735153","targetHints":{"allow":["GET"]}}],"collection":[{"href":"https:\/\/roveyayinevi.com.tr\/index.php\/wp-json\/wp\/v2\/product"}],"about":[{"href":"https:\/\/roveyayinevi.com.tr\/index.php\/wp-json\/wp\/v2\/types\/product"}],"wp:attachment":[{"href":"https:\/\/roveyayinevi.com.tr\/index.php\/wp-json\/wp\/v2\/media?parent=735153"}],"wp:term":[{"taxonomy":"product_brand","embeddable":true,"href":"https:\/\/roveyayinevi.com.tr\/index.php\/wp-json\/wp\/v2\/product_brand?post=735153"},{"taxonomy":"product_cat","embeddable":true,"href":"https:\/\/roveyayinevi.com.tr\/index.php\/wp-json\/wp\/v2\/product_cat?post=735153"},{"taxonomy":"product_tag","embeddable":true,"href":"https:\/\/roveyayinevi.com.tr\/index.php\/wp-json\/wp\/v2\/product_tag?post=735153"}],"curies":[{"name":"wp","href":"https:\/\/api.w.org\/{rel}","templated":true}]}}