{"id":735152,"date":"2025-08-27T22:42:15","date_gmt":"2025-08-27T19:42:15","guid":{"rendered":"https:\/\/roveyayinevi.com.tr\/index.php\/urun\/atlas\/"},"modified":"2026-04-16T02:43:01","modified_gmt":"2026-04-15T23:43:01","slug":"atlas","status":"publish","type":"product","link":"https:\/\/roveyayinevi.com.tr\/index.php\/urun\/atlas\/","title":{"rendered":"Atlas"},"content":{"rendered":"<p>Foto\u011fraflar\u0131n a\u00e7\u0131klad\u0131\u011f\u0131 metinlerden ya da foto\u011fraflar\u0131 a\u00e7\u0131klayan c\u00fcmlelerden olu\u015fan bir kitap de\u011fil bu. Her bir b\u00f6l\u00fcm\u00fcn i\u00e7eri\u011fini meydana getiren, imgelerle s\u00f6zc\u00fcklerin uyumlu birli\u011fi. Bilinmeyeni ke\u015ffetme hevesi Sinbad\u2019a, K\u0131z\u0131l Erik\u2019e ya da Kopernik\u2019e \u00f6zg\u00fc de\u011fil. D\u00fcnyada ke\u015ffetmeye merakl\u0131 olmayan tek bir insan bile yoktur. Her \u015fey ac\u0131y\u0131, tuzluyu, e\u011friyi, d\u00fcz\u00fc, p\u00fcr\u00fcz\u00fc, g\u00f6kku\u015fa\u011f\u0131n\u0131n rengini ve alfabenin yirmi k\u00fcsur harfini ke\u015ffetmekle ba\u015flar; ard\u0131ndan s\u0131ra simalara, haritalara, hayvanlara ve y\u0131ld\u0131zlara gelir; en sonunda insan ya ku\u015fkuyla dolar ya imanla, \u00fcstelik \u00f6nceden ne kadar cahil oldu\u011fu sonucuna ula\u015fmas\u0131 da neredeyse ka\u00e7\u0131n\u0131lmazd\u0131r.     \u0130ki Borges i\u00e7inde r\u00fcya g\u00f6ren ger\u00e7ek olan olsa gerek. <\/p>\n","protected":false},"excerpt":{"rendered":"<p>Foto\u011fraflar\u0131n a\u00e7\u0131klad\u0131\u011f\u0131 metinlerden ya da foto\u011fraflar\u0131 a\u00e7\u0131klayan c\u00fcmlelerden olu\u015fan bir kitap de\u011fil bu. Her bir b\u00f6l\u00fcm\u00fcn i\u00e7eri\u011fini meydana getiren, imgelerle s\u00f6zc\u00fcklerin uyumlu birli\u011fi. Bilinmeyeni ke\u015ffetme hevesi<span class=\"excerpt-hellip\"> [\u2026]<\/span><\/p>\n","protected":false},"featured_media":0,"template":"","meta":{"_monsterinsights_skip_tracking":false,"_monsterinsights_sitenote_active":false,"_monsterinsights_sitenote_note":"","_monsterinsights_sitenote_category":0},"product_brand":[],"product_cat":[18545,12291],"product_tag":[],"class_list":{"0":"post-735152","1":"product","2":"type-product","3":"status-publish","5":"product_cat-anlati","6":"product_cat-edebiyat","7":"pa_cilt-ciltsiz","8":"pa_tur-kitap","9":"pa_yayinevi-can-yayinlari","10":"pa_yazar-jorge-luis-borges","12":"first","13":"instock","14":"sale","15":"shipping-taxable","16":"purchasable","17":"product-type-simple"},"_links":{"self":[{"href":"https:\/\/roveyayinevi.com.tr\/index.php\/wp-json\/wp\/v2\/product\/735152","targetHints":{"allow":["GET"]}}],"collection":[{"href":"https:\/\/roveyayinevi.com.tr\/index.php\/wp-json\/wp\/v2\/product"}],"about":[{"href":"https:\/\/roveyayinevi.com.tr\/index.php\/wp-json\/wp\/v2\/types\/product"}],"wp:attachment":[{"href":"https:\/\/roveyayinevi.com.tr\/index.php\/wp-json\/wp\/v2\/media?parent=735152"}],"wp:term":[{"taxonomy":"product_brand","embeddable":true,"href":"https:\/\/roveyayinevi.com.tr\/index.php\/wp-json\/wp\/v2\/product_brand?post=735152"},{"taxonomy":"product_cat","embeddable":true,"href":"https:\/\/roveyayinevi.com.tr\/index.php\/wp-json\/wp\/v2\/product_cat?post=735152"},{"taxonomy":"product_tag","embeddable":true,"href":"https:\/\/roveyayinevi.com.tr\/index.php\/wp-json\/wp\/v2\/product_tag?post=735152"}],"curies":[{"name":"wp","href":"https:\/\/api.w.org\/{rel}","templated":true}]}}