{"id":735151,"date":"2025-08-27T22:42:14","date_gmt":"2025-08-27T19:42:14","guid":{"rendered":"https:\/\/roveyayinevi.com.tr\/index.php\/urun\/kirgiz-milli-spor-ve-oyunlari\/"},"modified":"2026-04-16T02:43:01","modified_gmt":"2026-04-15T23:43:01","slug":"kirgiz-milli-spor-ve-oyunlari","status":"publish","type":"product","link":"https:\/\/roveyayinevi.com.tr\/index.php\/urun\/kirgiz-milli-spor-ve-oyunlari\/","title":{"rendered":"K\u0131rg\u0131z Milli Spor ve Oyunlar\u0131"},"content":{"rendered":"<p>1.      M\u0130LL\u0130 SPOR OYUNLARININ N\u0130TEL\u0130\u011e\u0130 2.      GELENEKSEL SPOR \u00c7E\u015e\u0130TLER\u0130 3.      ULUSAL OYUNLAR 4.    M\u0130LL\u0130 (GELENEKSEL) SPORLARIN OLUMLU VE OLUMSUZ TARAFLARI<\/p>\n","protected":false},"excerpt":{"rendered":"<p>1. M\u0130LL\u0130 SPOR OYUNLARININ N\u0130TEL\u0130\u011e\u0130 2. GELENEKSEL SPOR \u00c7E\u015e\u0130TLER\u0130 3. ULUSAL OYUNLAR 4. M\u0130LL\u0130 (GELENEKSEL) SPORLARIN OLUMLU VE OLUMSUZ TARAFLARI<\/p>\n","protected":false},"featured_media":0,"template":"","meta":{"_monsterinsights_skip_tracking":false,"_monsterinsights_sitenote_active":false,"_monsterinsights_sitenote_note":"","_monsterinsights_sitenote_category":0},"product_brand":[],"product_cat":[12370,12304],"product_tag":[],"class_list":{"0":"post-735151","1":"product","2":"type-product","3":"status-publish","5":"product_cat-arastirma-inceleme","6":"product_cat-tarih","7":"pa_cilt-ciltsiz","8":"pa_tur-kitap","9":"pa_yayinevi-gazi-kitabevi","10":"pa_yazar-a-p-rojdestvenskiy","12":"first","13":"instock","14":"sale","15":"shipping-taxable","16":"purchasable","17":"product-type-simple"},"_links":{"self":[{"href":"https:\/\/roveyayinevi.com.tr\/index.php\/wp-json\/wp\/v2\/product\/735151","targetHints":{"allow":["GET"]}}],"collection":[{"href":"https:\/\/roveyayinevi.com.tr\/index.php\/wp-json\/wp\/v2\/product"}],"about":[{"href":"https:\/\/roveyayinevi.com.tr\/index.php\/wp-json\/wp\/v2\/types\/product"}],"wp:attachment":[{"href":"https:\/\/roveyayinevi.com.tr\/index.php\/wp-json\/wp\/v2\/media?parent=735151"}],"wp:term":[{"taxonomy":"product_brand","embeddable":true,"href":"https:\/\/roveyayinevi.com.tr\/index.php\/wp-json\/wp\/v2\/product_brand?post=735151"},{"taxonomy":"product_cat","embeddable":true,"href":"https:\/\/roveyayinevi.com.tr\/index.php\/wp-json\/wp\/v2\/product_cat?post=735151"},{"taxonomy":"product_tag","embeddable":true,"href":"https:\/\/roveyayinevi.com.tr\/index.php\/wp-json\/wp\/v2\/product_tag?post=735151"}],"curies":[{"name":"wp","href":"https:\/\/api.w.org\/{rel}","templated":true}]}}