{"id":735149,"date":"2025-08-27T22:42:11","date_gmt":"2025-08-27T19:42:11","guid":{"rendered":"https:\/\/roveyayinevi.com.tr\/index.php\/urun\/sevis-yolcu\/"},"modified":"2026-04-16T02:43:01","modified_gmt":"2026-04-15T23:43:01","slug":"sevis-yolcu","status":"publish","type":"product","link":"https:\/\/roveyayinevi.com.tr\/index.php\/urun\/sevis-yolcu\/","title":{"rendered":"Sevi\u015f Yolcu"},"content":{"rendered":"<p>A\u015f\u0131k oldu\u011fumuzda da, Bir \u015fehri \u00e7ok \u00f6zledi\u011fimizde de, \u0130\u015fler sarpa sard\u0131\u011f\u0131nda da, Enseyi karartt\u0131\u011f\u0131m\u0131zda da, \u00dcz\u00fcld\u00fc\u011f\u00fcm\u00fczde de, Yeniden aya\u011fa kalkt\u0131\u011f\u0131m\u0131zda da Bu se\u00e7ki bizimle birlikte y\u00fcr\u00fcs\u00fcn, \u2018g\u00fcnyenisi\u2019 gibi \u0131\u015f\u0131s\u0131n isterim.     Birhan Keskin, Cemal S\u00fcreya\u2019n\u0131n \u00e7ok sevilen a\u015fk \u015fiirlerinin yan\u0131 s\u0131ra, onun \u201cbu memlekete, \u015fehirlere, insanlar\u0131na dair yazd\u0131\u011f\u0131\u201d \u015fiirleri Sevi\u015f Yolcu\u2019da bir araya getiriyor. Kitaptaki elli d\u00f6rt \u015fiire, Cemal S\u00fcreya\u2019n\u0131n defterlere, arma\u011fan etti\u011fi \u015fiir kitaplar\u0131n\u0131n \u00fczerine, mektuplara ekledi\u011fi desenler e\u015flik ediyor. Sevi\u015f Yolcu \u00e7a\u011fda\u015f bir Cemal S\u00fcreya se\u00e7kisi, bir arma\u011fan ve \u00f6m\u00fcrl\u00fck bir yol arkada\u015f\u0131.<\/p>\n","protected":false},"excerpt":{"rendered":"<p>A\u015f\u0131k oldu\u011fumuzda da, Bir \u015fehri \u00e7ok \u00f6zledi\u011fimizde de, \u0130\u015fler sarpa sard\u0131\u011f\u0131nda da, Enseyi karartt\u0131\u011f\u0131m\u0131zda da, \u00dcz\u00fcld\u00fc\u011f\u00fcm\u00fczde de, Yeniden aya\u011fa kalkt\u0131\u011f\u0131m\u0131zda da Bu se\u00e7ki bizimle birlikte y\u00fcr\u00fcs\u00fcn,<span class=\"excerpt-hellip\"> [\u2026]<\/span><\/p>\n","protected":false},"featured_media":0,"template":"","meta":{"_monsterinsights_skip_tracking":false,"_monsterinsights_sitenote_active":false,"_monsterinsights_sitenote_note":"","_monsterinsights_sitenote_category":0},"product_brand":[],"product_cat":[12291,12509],"product_tag":[],"class_list":{"0":"post-735149","1":"product","2":"type-product","3":"status-publish","5":"product_cat-edebiyat","6":"product_cat-siir","7":"pa_cilt-ciltsiz","8":"pa_tur-kitap","9":"pa_yayinevi-can-yayinlari","10":"pa_yazar-cemal-sureya","12":"first","13":"instock","14":"sale","15":"shipping-taxable","16":"purchasable","17":"product-type-simple"},"_links":{"self":[{"href":"https:\/\/roveyayinevi.com.tr\/index.php\/wp-json\/wp\/v2\/product\/735149","targetHints":{"allow":["GET"]}}],"collection":[{"href":"https:\/\/roveyayinevi.com.tr\/index.php\/wp-json\/wp\/v2\/product"}],"about":[{"href":"https:\/\/roveyayinevi.com.tr\/index.php\/wp-json\/wp\/v2\/types\/product"}],"wp:attachment":[{"href":"https:\/\/roveyayinevi.com.tr\/index.php\/wp-json\/wp\/v2\/media?parent=735149"}],"wp:term":[{"taxonomy":"product_brand","embeddable":true,"href":"https:\/\/roveyayinevi.com.tr\/index.php\/wp-json\/wp\/v2\/product_brand?post=735149"},{"taxonomy":"product_cat","embeddable":true,"href":"https:\/\/roveyayinevi.com.tr\/index.php\/wp-json\/wp\/v2\/product_cat?post=735149"},{"taxonomy":"product_tag","embeddable":true,"href":"https:\/\/roveyayinevi.com.tr\/index.php\/wp-json\/wp\/v2\/product_tag?post=735149"}],"curies":[{"name":"wp","href":"https:\/\/api.w.org\/{rel}","templated":true}]}}