{"id":735147,"date":"2025-08-27T22:42:08","date_gmt":"2025-08-27T19:42:08","guid":{"rendered":"https:\/\/roveyayinevi.com.tr\/index.php\/urun\/bir-muhtiranin-son-yapraklari\/"},"modified":"2026-04-16T02:43:01","modified_gmt":"2026-04-15T23:43:01","slug":"bir-muhtiranin-son-yapraklari","status":"publish","type":"product","link":"https:\/\/roveyayinevi.com.tr\/index.php\/urun\/bir-muhtiranin-son-yapraklari\/","title":{"rendered":"Bir Muht\u0131ran\u0131n Son Yapraklar\u0131"},"content":{"rendered":"<p>\u201cGe\u00e7en g\u00fcn sabahleyin, bahar\u0131n en g\u00fczel g\u00f6r\u00fcnd\u00fc\u011f\u00fc bir zamanda k\u0131rlara \u00e7\u0131kt\u0131m. \u00d6teden beri bana g\u00fczel olarak tavsiye ettikleri a\u011fa\u00e7lar\u0131 ho\u015f bulmaya, topraklar\u0131n \u00fczerinde g\u00fcne\u015f \u0131\u015f\u0131\u011f\u0131ndan do\u011fan buharlar\u0131n havai girdaplar olu\u015fturarak oyna\u015ft\u0131\u011f\u0131n\u0131 bir g\u00fczellik d\u00fc\u015fk\u00fcn\u00fc gibi seyretmeye \u00e7al\u0131\u015ft\u0131m. \u015eairlerin \u00e7iylerle s\u00fcsl\u00fc bulduklar\u0131 otlar\u0131 oyna\u015farak koparan ke\u00e7ileri, kuzular\u0131 uzun uzun seyrettim.   K\u0131saca do\u011fay\u0131 s\u00fcsleyen her \u015feyi be\u011fenmek, onlar\u0131 seyretmekten tat almak \u00fczere saatlerce oyaland\u0131m; ama insanlar\u0131n bunlara ni\u00e7in hayran olduklar\u0131n\u0131 anlayamad\u0131m. \u015ea\u015f\u0131yorum. \u0130nsanlar m\u0131 hayallerine aldanm\u0131\u015flar yoksa ben mi \u00e7\u0131ld\u0131r\u0131yorum?\u201d   Halid Ziya\u2019n\u0131n 1888\u2019de \u201cK\u00fc\u00e7\u00fck Kitaplar\u201d \u00fcstba\u015fl\u0131\u011f\u0131yla m\u00fcstakil olarak yay\u0131mlad\u0131\u011f\u0131 \u201cBir Muht\u0131ran\u0131n Son Yapraklar\u0131\u201d ve   \u201cBir \u0130zdivac\u0131n Tarih-i Mua\u015fakas\u0131\u201d, d\u00f6nemin sanat\u00e7\u0131 d\u00fcnyas\u0131na ve aile hayat\u0131na dair ustaca g\u00f6zlemler i\u00e7eriyor.   Ku\u015faklar\u0131 etkilemi\u015f romanlar, ufuk a\u00e7\u0131c\u0131 \u00f6yk\u00fcler, ezberlere kaz\u0131nm\u0131\u015f \u015fiirler\u2026 Gazetelerde kalm\u0131\u015f s\u00f6yle\u015filer, gezi yaz\u0131lar\u0131, denemeler, makaleler\u2026 Edebiyat\u0131m\u0131z\u0131n farkl\u0131 d\u00f6nemlerinden,   iz b\u0131rakan metinler K\u0131sa Miras\u2019la bir araya geliyor. <\/p>\n","protected":false},"excerpt":{"rendered":"<p>\u201cGe\u00e7en g\u00fcn sabahleyin, bahar\u0131n en g\u00fczel g\u00f6r\u00fcnd\u00fc\u011f\u00fc bir zamanda k\u0131rlara \u00e7\u0131kt\u0131m. \u00d6teden beri bana g\u00fczel olarak tavsiye ettikleri a\u011fa\u00e7lar\u0131 ho\u015f bulmaya, topraklar\u0131n \u00fczerinde g\u00fcne\u015f \u0131\u015f\u0131\u011f\u0131ndan do\u011fan<span class=\"excerpt-hellip\"> [\u2026]<\/span><\/p>\n","protected":false},"featured_media":0,"template":"","meta":{"_monsterinsights_skip_tracking":false,"_monsterinsights_sitenote_active":false,"_monsterinsights_sitenote_note":"","_monsterinsights_sitenote_category":0},"product_brand":[],"product_cat":[12291,12292],"product_tag":[],"class_list":{"0":"post-735147","1":"product","2":"type-product","3":"status-publish","5":"product_cat-edebiyat","6":"product_cat-turk-edebiyati","7":"pa_cilt-ciltsiz","8":"pa_tur-kitap","9":"pa_yayinevi-can-yayinlari","10":"pa_yazar-halid-ziya-usakligil","12":"first","13":"instock","14":"sale","15":"shipping-taxable","16":"purchasable","17":"product-type-simple"},"_links":{"self":[{"href":"https:\/\/roveyayinevi.com.tr\/index.php\/wp-json\/wp\/v2\/product\/735147","targetHints":{"allow":["GET"]}}],"collection":[{"href":"https:\/\/roveyayinevi.com.tr\/index.php\/wp-json\/wp\/v2\/product"}],"about":[{"href":"https:\/\/roveyayinevi.com.tr\/index.php\/wp-json\/wp\/v2\/types\/product"}],"wp:attachment":[{"href":"https:\/\/roveyayinevi.com.tr\/index.php\/wp-json\/wp\/v2\/media?parent=735147"}],"wp:term":[{"taxonomy":"product_brand","embeddable":true,"href":"https:\/\/roveyayinevi.com.tr\/index.php\/wp-json\/wp\/v2\/product_brand?post=735147"},{"taxonomy":"product_cat","embeddable":true,"href":"https:\/\/roveyayinevi.com.tr\/index.php\/wp-json\/wp\/v2\/product_cat?post=735147"},{"taxonomy":"product_tag","embeddable":true,"href":"https:\/\/roveyayinevi.com.tr\/index.php\/wp-json\/wp\/v2\/product_tag?post=735147"}],"curies":[{"name":"wp","href":"https:\/\/api.w.org\/{rel}","templated":true}]}}