{"id":735143,"date":"2025-08-27T22:42:02","date_gmt":"2025-08-27T19:42:02","guid":{"rendered":"https:\/\/roveyayinevi.com.tr\/index.php\/urun\/bir-sapka-bir-tabanca-ozel-baski\/"},"modified":"2026-04-16T02:43:01","modified_gmt":"2026-04-15T23:43:01","slug":"bir-sapka-bir-tabanca-ozel-baski","status":"publish","type":"product","link":"https:\/\/roveyayinevi.com.tr\/index.php\/urun\/bir-sapka-bir-tabanca-ozel-baski\/","title":{"rendered":"Bir \u015eapka Bir Tabanca (\u00d6zel Bask\u0131)"},"content":{"rendered":"<p>Parayla saadet olmaz&#8230;B\u00fcy\u00fck bir reklam ajans\u0131n\u0131n sahibi, eceliyle \u00f6len ya\u015fl\u0131 babas\u0131n\u0131n evinde Humphrey Bogart tarz\u0131 bir \u015fapkan\u0131n alt\u0131nda buldu\u011fu tabancan\u0131n oraya nas\u0131l geldi\u011fini \u00f6\u011frenmesi i\u00e7in Dedektif Remzi \u00dcnal\u2019a ba\u015fvurur. Hemen \u00e7\u00f6z\u00fclebilecek basitlikte g\u00f6r\u00fcnen \u201ci\u015f\u201d, ara\u015ft\u0131rmaya bir cesedin de dahil olmas\u0131yla karma\u015f\u0131k ve tehlikeli bir hale gelmeye ba\u015flar. Remzi \u00dcnal olaylar\u0131n \u00fczerine gittik\u00e7e cesetler artacak, ya\u015fl\u0131 adam\u0131n ard\u0131nda b\u0131rakt\u0131\u011f\u0131 servet, \u015f\u00fcphelilerin say\u0131s\u0131n\u0131 da art\u0131racakt\u0131r.Polisiye edebiyat\u0131m\u0131z\u0131n usta ismi Celil Oker, Bir \u015eapka Bir Tabanca\u2019da yine s\u00fcr\u00fckleyici bir ser\u00fcvenin i\u00e7ine kat\u0131yor okuru. Para h\u0131rs\u0131n\u0131n kirletti\u011fi ya\u015famlar, s\u0131rlarla \u00e7evrelenmi\u015f bir aile ve g\u00f6r\u00fcnenin ard\u0131ndaki ger\u00e7ekle y\u00fczle\u015ftiriyor.\u201cBiz Almanlar ellili y\u0131llar\u0131n sonunda nas\u0131l Dashiell Hammett ve Raymond Chandler arac\u0131l\u0131\u011f\u0131yla Amerika\u2019da ya\u015fananlar\u0131 \u00f6\u011frendiysek, \u015fimdi de Celil Oker arac\u0131l\u0131\u011f\u0131yla \u0130stanbul sokaklar\u0131nda neler olup bitti\u011fini \u00f6\u011freniyoruz.\u201dAndreas Ammer, Bayerischer Rundfunk\u201cRemzi \u00dcnal, hi\u00e7 \u015f\u00fcphesiz polisiye tarihimizin \u015fimdiye dek yarat\u0131lm\u0131\u015f en inand\u0131r\u0131c\u0131 dedektif tiplemesidir. (\u2026) Celil Oker, g\u00fcndelik hayat\u0131n k\u00fc\u00e7\u00fck ayr\u0131nt\u0131lar\u0131n\u0131n \u00e7ok canl\u0131 tasvirleriyle polisiyelerde s\u0131k rastlanmayan ger\u00e7ek bir insan tipi yarat\u0131yor.\u201dA. \u00d6mer T\u00fcrke\u015f<\/p>\n","protected":false},"excerpt":{"rendered":"<p>Parayla saadet olmaz&#8230;B\u00fcy\u00fck bir reklam ajans\u0131n\u0131n sahibi, eceliyle \u00f6len ya\u015fl\u0131 babas\u0131n\u0131n evinde Humphrey Bogart tarz\u0131 bir \u015fapkan\u0131n alt\u0131nda buldu\u011fu tabancan\u0131n oraya nas\u0131l geldi\u011fini \u00f6\u011frenmesi i\u00e7in Dedektif<span class=\"excerpt-hellip\"> [\u2026]<\/span><\/p>\n","protected":false},"featured_media":0,"template":"","meta":{"_monsterinsights_skip_tracking":false,"_monsterinsights_sitenote_active":false,"_monsterinsights_sitenote_note":"","_monsterinsights_sitenote_category":0},"product_brand":[],"product_cat":[12291,15445],"product_tag":[],"class_list":{"0":"post-735143","1":"product","2":"type-product","3":"status-publish","5":"product_cat-edebiyat","6":"product_cat-polisiye","7":"pa_cilt-ciltsiz","8":"pa_tur-kitap","9":"pa_yayinevi-altin-kitaplar","10":"pa_yazar-celil-oker","12":"first","13":"instock","14":"sale","15":"shipping-taxable","16":"purchasable","17":"product-type-simple"},"_links":{"self":[{"href":"https:\/\/roveyayinevi.com.tr\/index.php\/wp-json\/wp\/v2\/product\/735143","targetHints":{"allow":["GET"]}}],"collection":[{"href":"https:\/\/roveyayinevi.com.tr\/index.php\/wp-json\/wp\/v2\/product"}],"about":[{"href":"https:\/\/roveyayinevi.com.tr\/index.php\/wp-json\/wp\/v2\/types\/product"}],"wp:attachment":[{"href":"https:\/\/roveyayinevi.com.tr\/index.php\/wp-json\/wp\/v2\/media?parent=735143"}],"wp:term":[{"taxonomy":"product_brand","embeddable":true,"href":"https:\/\/roveyayinevi.com.tr\/index.php\/wp-json\/wp\/v2\/product_brand?post=735143"},{"taxonomy":"product_cat","embeddable":true,"href":"https:\/\/roveyayinevi.com.tr\/index.php\/wp-json\/wp\/v2\/product_cat?post=735143"},{"taxonomy":"product_tag","embeddable":true,"href":"https:\/\/roveyayinevi.com.tr\/index.php\/wp-json\/wp\/v2\/product_tag?post=735143"}],"curies":[{"name":"wp","href":"https:\/\/api.w.org\/{rel}","templated":true}]}}