{"id":735140,"date":"2025-08-27T22:41:59","date_gmt":"2025-08-27T19:41:59","guid":{"rendered":"https:\/\/roveyayinevi.com.tr\/index.php\/urun\/gokyuzu-ajandasi-2022-ciltli\/"},"modified":"2026-04-16T02:43:01","modified_gmt":"2026-04-15T23:43:01","slug":"gokyuzu-ajandasi-2022-ciltli","status":"publish","type":"product","link":"https:\/\/roveyayinevi.com.tr\/index.php\/urun\/gokyuzu-ajandasi-2022-ciltli\/","title":{"rendered":"G\u00f6ky\u00fcz\u00fc Ajandas\u0131 2022 (Ciltli)"},"content":{"rendered":"<p>Mevlana,  \u201cHer g\u00fcn bir yerden g\u00f6\u00e7mek ne iyi,   Her g\u00fcn bir yere konmak ne g\u00fczel Bulanmadan, donmadan akmak ne ho\u015f, D\u00fcnle beraber gitti canca\u011f\u0131z\u0131m Ne kadar s\u00f6z varsa d\u00fcne ait \u015eimdi yeni \u015feyler s\u00f6ylemek laz\u0131m,\u201d der.   \u015eu anda ellerinde, 2022\u2019de hayallerini ve hedeflerini ger\u00e7e\u011fe d\u00f6n\u00fc\u015ft\u00fcrebilecek e\u015fsiz bir rehber var.   Bu y\u0131l senin y\u0131l\u0131n olsun. Bu yolda ajandam rehberin olsun.<\/p>\n","protected":false},"excerpt":{"rendered":"<p>Mevlana, \u201cHer g\u00fcn bir yerden g\u00f6\u00e7mek ne iyi, Her g\u00fcn bir yere konmak ne g\u00fczel Bulanmadan, donmadan akmak ne ho\u015f, D\u00fcnle beraber gitti canca\u011f\u0131z\u0131m Ne kadar<span class=\"excerpt-hellip\"> [\u2026]<\/span><\/p>\n","protected":false},"featured_media":0,"template":"","meta":{"_monsterinsights_skip_tracking":false,"_monsterinsights_sitenote_active":false,"_monsterinsights_sitenote_note":"","_monsterinsights_sitenote_category":0},"product_brand":[],"product_cat":[18082,15563],"product_tag":[],"class_list":{"0":"post-735140","1":"product","2":"type-product","3":"status-publish","5":"product_cat-astroloji-fal-ruya","6":"product_cat-hobi","7":"pa_cilt-ciltli","8":"pa_tur-kitap","9":"pa_yayinevi-muptela-yayinevi","10":"pa_yazar-sezen-tatli","12":"first","13":"instock","14":"sale","15":"shipping-taxable","16":"purchasable","17":"product-type-simple"},"_links":{"self":[{"href":"https:\/\/roveyayinevi.com.tr\/index.php\/wp-json\/wp\/v2\/product\/735140","targetHints":{"allow":["GET"]}}],"collection":[{"href":"https:\/\/roveyayinevi.com.tr\/index.php\/wp-json\/wp\/v2\/product"}],"about":[{"href":"https:\/\/roveyayinevi.com.tr\/index.php\/wp-json\/wp\/v2\/types\/product"}],"wp:attachment":[{"href":"https:\/\/roveyayinevi.com.tr\/index.php\/wp-json\/wp\/v2\/media?parent=735140"}],"wp:term":[{"taxonomy":"product_brand","embeddable":true,"href":"https:\/\/roveyayinevi.com.tr\/index.php\/wp-json\/wp\/v2\/product_brand?post=735140"},{"taxonomy":"product_cat","embeddable":true,"href":"https:\/\/roveyayinevi.com.tr\/index.php\/wp-json\/wp\/v2\/product_cat?post=735140"},{"taxonomy":"product_tag","embeddable":true,"href":"https:\/\/roveyayinevi.com.tr\/index.php\/wp-json\/wp\/v2\/product_tag?post=735140"}],"curies":[{"name":"wp","href":"https:\/\/api.w.org\/{rel}","templated":true}]}}