{"id":735138,"date":"2025-08-27T22:41:57","date_gmt":"2025-08-27T19:41:57","guid":{"rendered":"https:\/\/roveyayinevi.com.tr\/index.php\/urun\/pungfincim\/"},"modified":"2026-04-16T02:43:01","modified_gmt":"2026-04-15T23:43:01","slug":"pungfincim","status":"publish","type":"product","link":"https:\/\/roveyayinevi.com.tr\/index.php\/urun\/pungfincim\/","title":{"rendered":"Pungfincim"},"content":{"rendered":"<p>Kalbindeki \u0131\u015f\u0131\u011f\u0131n fark\u0131nda olanlar ve onu hat\u0131rlamaya ihtiya\u00e7 duyanlar i\u00e7in, bulutlar\u0131n \u00fczerinde, \u0131\u015f\u0131l \u0131\u015f\u0131l bir hik\u00e2ye&#8230;   Kayra o g\u00fcn okuldan eve geldi\u011finde \u00e7ok \u00fczg\u00fcnd\u00fc. Annesiyle babas\u0131n\u0131 konu\u015furken duymu\u015f ve bir karde\u015fi olaca\u011f\u0131n\u0131 \u00f6\u011frenmi\u015fti. Art\u0131k onu eskisi kadar sevmeyeceklerinden \u00e7ok endi\u015feleniyordu. D\u0131\u015far\u0131da lapa lapa ya\u011fan kara bak\u0131p i\u00e7 ge\u00e7irirken birden pencerenin \u00f6n\u00fcnde avu\u00e7 i\u00e7i b\u00fcy\u00fckl\u00fc\u011f\u00fcnde, kahverengi bir \u015fey g\u00f6rd\u00fc. \u0130\u00e7eri ald\u0131\u011f\u0131 bu k\u00fc\u00e7\u00fck \u015fey, s\u00f6nm\u00fc\u015f bir g\u00fcn \u0131\u015f\u0131\u011f\u0131yd\u0131 ve kaybolmu\u015ftu&#8230; Sonsuza dek yok olmamak i\u00e7in ait oldu\u011fu kalbi bulmal\u0131 ve par\u0131lt\u0131s\u0131na yeniden kavu\u015fmal\u0131yd\u0131. G\u00fcn \u0131\u015f\u0131\u011f\u0131n\u0131n anlatt\u0131klar\u0131n\u0131 \u015fa\u015fk\u0131nl\u0131kla dinleyen Kayra, onunla birlikte g\u00f6ky\u00fcz\u00fcnde, bulutlar\u0131n aras\u0131nda bir yolculu\u011fa \u00e7\u0131kmay\u0131 kabul etti. Bu yolculukta ikisinin sorunlar\u0131na da \u00e7\u00f6z\u00fcm ararken Kayra, Ay I\u015f\u0131\u011f\u0131 Par\u0131lt\u0131s\u0131 ile tan\u0131\u015facak ve hayata dair \u00e7ok k\u0131ymetli bir \u015fey \u00f6\u011frenecekti.<\/p>\n","protected":false},"excerpt":{"rendered":"<p>Kalbindeki \u0131\u015f\u0131\u011f\u0131n fark\u0131nda olanlar ve onu hat\u0131rlamaya ihtiya\u00e7 duyanlar i\u00e7in, bulutlar\u0131n \u00fczerinde, \u0131\u015f\u0131l \u0131\u015f\u0131l bir hik\u00e2ye&#8230; Kayra o g\u00fcn okuldan eve geldi\u011finde \u00e7ok \u00fczg\u00fcnd\u00fc. Annesiyle babas\u0131n\u0131<span class=\"excerpt-hellip\"> [\u2026]<\/span><\/p>\n","protected":false},"featured_media":0,"template":"","meta":{"_monsterinsights_skip_tracking":false,"_monsterinsights_sitenote_active":false,"_monsterinsights_sitenote_note":"","_monsterinsights_sitenote_category":0},"product_brand":[],"product_cat":[12913,12274],"product_tag":[],"class_list":{"0":"post-735138","1":"product","2":"type-product","3":"status-publish","5":"product_cat-3-6-yas-kitaplari","6":"product_cat-cocuk-ve-genclik-kitaplari","7":"pa_cilt-ciltsiz","8":"pa_tur-kitap","9":"pa_yayinevi-ithaki-yayinlari","10":"pa_yazar-haldun-ilkdogan","12":"first","13":"instock","14":"sale","15":"shipping-taxable","16":"purchasable","17":"product-type-simple"},"_links":{"self":[{"href":"https:\/\/roveyayinevi.com.tr\/index.php\/wp-json\/wp\/v2\/product\/735138","targetHints":{"allow":["GET"]}}],"collection":[{"href":"https:\/\/roveyayinevi.com.tr\/index.php\/wp-json\/wp\/v2\/product"}],"about":[{"href":"https:\/\/roveyayinevi.com.tr\/index.php\/wp-json\/wp\/v2\/types\/product"}],"wp:attachment":[{"href":"https:\/\/roveyayinevi.com.tr\/index.php\/wp-json\/wp\/v2\/media?parent=735138"}],"wp:term":[{"taxonomy":"product_brand","embeddable":true,"href":"https:\/\/roveyayinevi.com.tr\/index.php\/wp-json\/wp\/v2\/product_brand?post=735138"},{"taxonomy":"product_cat","embeddable":true,"href":"https:\/\/roveyayinevi.com.tr\/index.php\/wp-json\/wp\/v2\/product_cat?post=735138"},{"taxonomy":"product_tag","embeddable":true,"href":"https:\/\/roveyayinevi.com.tr\/index.php\/wp-json\/wp\/v2\/product_tag?post=735138"}],"curies":[{"name":"wp","href":"https:\/\/api.w.org\/{rel}","templated":true}]}}