{"id":735137,"date":"2025-08-27T22:41:56","date_gmt":"2025-08-27T19:41:56","guid":{"rendered":"https:\/\/roveyayinevi.com.tr\/index.php\/urun\/kagit-kugu\/"},"modified":"2026-04-16T02:43:01","modified_gmt":"2026-04-15T23:43:01","slug":"kagit-kugu","status":"publish","type":"product","link":"https:\/\/roveyayinevi.com.tr\/index.php\/urun\/kagit-kugu\/","title":{"rendered":"Ka\u011f\u0131t Ku\u011fu"},"content":{"rendered":"<p>Hayat\u0131n\u0131 cehenneme \u00e7eviren bir adam\u0131 sevebilir misin?   \u00d6nde gelen i\u015fadamlar\u0131ndan birinin k\u0131z\u0131 Skye Sedgewick, do\u011fum g\u00fcn\u00fcnde ka\u00e7\u0131r\u0131l\u0131r ve kendini namlunun ucunda bulur. Her an \u00f6ld\u00fcr\u00fcc\u00fc darbenin gelmesini bekler ama bunun yerine a\u00e7l\u0131\u011f\u0131, k\u00fc\u00e7\u00fck d\u00fc\u015f\u00fcr\u00fclmeyi, korkuyu ve ac\u0131y\u0131 en saf h\u00e2liyle deneyimler. Kurtar\u0131lma umudu gitgide t\u00fckenirken, \u00e7ocukluk arkada\u015f\u0131 Esteban\u2019dan ve onunla ge\u00e7irdi\u011fi g\u00fcnlerin hat\u0131ralar\u0131ndan g\u00fc\u00e7 alarak hayata tutunur.   Ancak g\u00fcnler ge\u00e7tik\u00e7e ortaya daha g\u00fc\u00e7l\u00fc, daha karanl\u0131k bir \u015fey \u00e7\u0131kar. Kendisini ka\u00e7\u0131ran Damian\u2019la aralar\u0131nda tehlikeli bir yak\u0131nla\u015fma ba\u015flam\u0131\u015ft\u0131r. Skye bu ya\u015fananlar\u0131n ard\u0131ndaki ger\u00e7ekleri \u00f6\u011frenip ge\u00e7mi\u015fiyle y\u00fczle\u015fmek ve ba\u015fkalar\u0131n\u0131n g\u00fcnahlar\u0131n\u0131n bedelini \u00f6demek zorunda kalacakt\u0131r.   \u201cB\u00fcy\u00fcleyici ve merak uyand\u0131r\u0131c\u0131. Muhte\u015fem bir kitap.\u201d \u2014Claire Contreras, Kaleydoskop Kalpler\u2019in yazar\u0131   \u201cK\u00e2\u011f\u0131t Ku\u011fu duygusal anlat\u0131m\u0131 ve tutkulu konusuyla g\u00f6nl\u00fcm\u00fc fethetti.\u201d \u2014Gail McHugh   \u201cT\u00fcyler \u00fcrpertici, y\u0131k\u0131c\u0131, e\u011flenceli, alev alev ve tatl\u0131.\u201d \u2014Maryse\u2019s Book Blog <\/p>\n","protected":false},"excerpt":{"rendered":"<p>Hayat\u0131n\u0131 cehenneme \u00e7eviren bir adam\u0131 sevebilir misin? \u00d6nde gelen i\u015fadamlar\u0131ndan birinin k\u0131z\u0131 Skye Sedgewick, do\u011fum g\u00fcn\u00fcnde ka\u00e7\u0131r\u0131l\u0131r ve kendini namlunun ucunda bulur. Her an \u00f6ld\u00fcr\u00fcc\u00fc darbenin<span class=\"excerpt-hellip\"> [\u2026]<\/span><\/p>\n","protected":false},"featured_media":0,"template":"","meta":{"_monsterinsights_skip_tracking":false,"_monsterinsights_sitenote_active":false,"_monsterinsights_sitenote_note":"","_monsterinsights_sitenote_category":0},"product_brand":[],"product_cat":[12291,12711],"product_tag":[],"class_list":{"0":"post-735137","1":"product","2":"type-product","3":"status-publish","5":"product_cat-edebiyat","6":"product_cat-roman-oyku","7":"pa_cilt-ciltsiz","8":"pa_tur-kitap","9":"pa_yayinevi-yabanci-yayinevi","10":"pa_yazar-leylah-attar","12":"first","13":"instock","14":"sale","15":"shipping-taxable","16":"purchasable","17":"product-type-simple"},"_links":{"self":[{"href":"https:\/\/roveyayinevi.com.tr\/index.php\/wp-json\/wp\/v2\/product\/735137","targetHints":{"allow":["GET"]}}],"collection":[{"href":"https:\/\/roveyayinevi.com.tr\/index.php\/wp-json\/wp\/v2\/product"}],"about":[{"href":"https:\/\/roveyayinevi.com.tr\/index.php\/wp-json\/wp\/v2\/types\/product"}],"wp:attachment":[{"href":"https:\/\/roveyayinevi.com.tr\/index.php\/wp-json\/wp\/v2\/media?parent=735137"}],"wp:term":[{"taxonomy":"product_brand","embeddable":true,"href":"https:\/\/roveyayinevi.com.tr\/index.php\/wp-json\/wp\/v2\/product_brand?post=735137"},{"taxonomy":"product_cat","embeddable":true,"href":"https:\/\/roveyayinevi.com.tr\/index.php\/wp-json\/wp\/v2\/product_cat?post=735137"},{"taxonomy":"product_tag","embeddable":true,"href":"https:\/\/roveyayinevi.com.tr\/index.php\/wp-json\/wp\/v2\/product_tag?post=735137"}],"curies":[{"name":"wp","href":"https:\/\/api.w.org\/{rel}","templated":true}]}}