{"id":735135,"date":"2025-08-27T22:41:53","date_gmt":"2025-08-27T19:41:53","guid":{"rendered":"https:\/\/roveyayinevi.com.tr\/index.php\/urun\/dus-hanceri-zaman-carki-11\/"},"modified":"2026-04-16T02:43:01","modified_gmt":"2026-04-15T23:43:01","slug":"dus-hanceri-zaman-carki-11","status":"publish","type":"product","link":"https:\/\/roveyayinevi.com.tr\/index.php\/urun\/dus-hanceri-zaman-carki-11\/","title":{"rendered":"D\u00fc\u015f Han\u00e7eri &#8211; Zaman \u00c7ark\u0131 11"},"content":{"rendered":"<p>\u201cZaman \u00c7ark\u0131 d\u00f6ner, \u00c7a\u011flar gelip ge\u00e7er, efsanele\u015fen an\u0131lar b\u0131rak\u0131r ard\u0131nda. Efsaneler solarak mit olur ve onlar\u0131 do\u011furan \u00c7a\u011f yeniden geldi\u011finde mitler bile unutulur.\u201dFantastik edebiyat\u0131n devi Robert Jordan\u2019\u0131n kaleminden \u00e7\u0131kan Zaman \u00c7ark\u0131 destan\u0131 d\u00fcnya \u00e7ap\u0131nda milyonlar\u0131n hayal g\u00fcc\u00fcnde yer etti. Ayr\u0131nt\u0131l\u0131 d\u00fcnyas\u0131, en ince detay\u0131na kadar d\u00fc\u015f\u00fcn\u00fclm\u00fc\u015f b\u00fcy\u00fc sistemi, g\u00f6n\u00fcllere taht kuran karakterleri Zaman \u00c7ark\u0131\u2019n\u0131n okurlar taraf\u0131ndan bu kadar sevilmesinin sadece birka\u00e7 sebebi. Zaman \u00c7ark\u0131\u2019n\u0131n etkileri, Patrick Rothfuss, Brandon Sanderson, Brent Weeks gibi g\u00fcn\u00fcm\u00fcz\u00fcn en b\u00fcy\u00fck fantastik yazarlar\u0131n\u0131n eserlerinde g\u00f6r\u00fclebilir.   Zaman\u0131n r\u00fczg\u00e2rlar\u0131 f\u0131rt\u0131naya d\u00f6n\u00fc\u015fm\u00fc\u015ft\u00fc. \u00d6l\u00fcler y\u00fcr\u00fcyordu. Ger\u00e7eklik, art\u0131k istikrars\u0131z bir h\u00e2l alm\u0131\u015ft\u0131. Bunlar\u0131n hepsi yakla\u015fmakta olan Tarmon Gai\u2019don\u2019un, Son Sava\u015f\u2019\u0131n i\u015faretleriydi. \u0130nsanl\u0131\u011f\u0131n nihai umudu Yenidendo\u011fan Ejder Rand al\u2019Thor, Karanl\u0131k Varl\u0131k\u2019\u0131 Son Sava\u015f\u2019ta alt etmek zorundayd\u0131.   Perrin, Rand\u2019dan habersiz Seanchanlarla anla\u015fma yapm\u0131\u015ft\u0131. Onun g\u00f6z\u00fcnde bu, Karanl\u0131k Varl\u0131k\u2019la anla\u015fmakla birdi ama Perrin, e\u015fi Faile\u2019i kurtarmak ve Shaidolar\u0131 yok etmek i\u00e7in her \u015feyi yapmaya haz\u0131rd\u0131.   Caemlyn\u2019de Elayne hem Aslan Taht\u0131\u2019n\u0131 elde etmeye hem de do\u011facak bir i\u00e7 sava\u015f\u0131 engellemeye \u00e7al\u0131\u015f\u0131yordu. Art\u0131k Beyaz Kule bile g\u00fcvenilir de\u011fildi.    Ejderha, bir kez daha zaman\u0131n r\u00fczg\u00e2rlar\u0131nda havalanacak.   \u201cRobert Jordan, kadim fantastik edebiyat gelene\u011finde yap\u0131lacak daha \u00e7ok \u015fey oldu\u011funu g\u00f6steriyor.\u201d \u2013Orson Scott Card   \u201cZaman \u00c7ark\u0131 kitaplar\u0131 hayat\u0131mda bir d\u00f6n\u00fcm noktas\u0131.\u201d \u2013Robin Hobb <\/p>\n","protected":false},"excerpt":{"rendered":"<p>\u201cZaman \u00c7ark\u0131 d\u00f6ner, \u00c7a\u011flar gelip ge\u00e7er, efsanele\u015fen an\u0131lar b\u0131rak\u0131r ard\u0131nda. Efsaneler solarak mit olur ve onlar\u0131 do\u011furan \u00c7a\u011f yeniden geldi\u011finde mitler bile unutulur.\u201dFantastik edebiyat\u0131n devi Robert<span class=\"excerpt-hellip\"> [\u2026]<\/span><\/p>\n","protected":false},"featured_media":0,"template":"","meta":{"_monsterinsights_skip_tracking":false,"_monsterinsights_sitenote_active":false,"_monsterinsights_sitenote_note":"","_monsterinsights_sitenote_category":0},"product_brand":[],"product_cat":[12291,14777],"product_tag":[],"class_list":{"0":"post-735135","1":"product","2":"type-product","3":"status-publish","5":"product_cat-edebiyat","6":"product_cat-fantastik","7":"pa_cilt-ciltsiz","8":"pa_tur-kitap","9":"pa_yayinevi-ithaki-yayinlari","10":"pa_yazar-niran-elci","12":"first","13":"instock","14":"sale","15":"shipping-taxable","16":"purchasable","17":"product-type-simple"},"_links":{"self":[{"href":"https:\/\/roveyayinevi.com.tr\/index.php\/wp-json\/wp\/v2\/product\/735135","targetHints":{"allow":["GET"]}}],"collection":[{"href":"https:\/\/roveyayinevi.com.tr\/index.php\/wp-json\/wp\/v2\/product"}],"about":[{"href":"https:\/\/roveyayinevi.com.tr\/index.php\/wp-json\/wp\/v2\/types\/product"}],"wp:attachment":[{"href":"https:\/\/roveyayinevi.com.tr\/index.php\/wp-json\/wp\/v2\/media?parent=735135"}],"wp:term":[{"taxonomy":"product_brand","embeddable":true,"href":"https:\/\/roveyayinevi.com.tr\/index.php\/wp-json\/wp\/v2\/product_brand?post=735135"},{"taxonomy":"product_cat","embeddable":true,"href":"https:\/\/roveyayinevi.com.tr\/index.php\/wp-json\/wp\/v2\/product_cat?post=735135"},{"taxonomy":"product_tag","embeddable":true,"href":"https:\/\/roveyayinevi.com.tr\/index.php\/wp-json\/wp\/v2\/product_tag?post=735135"}],"curies":[{"name":"wp","href":"https:\/\/api.w.org\/{rel}","templated":true}]}}