{"id":735131,"date":"2025-08-27T22:41:48","date_gmt":"2025-08-27T19:41:48","guid":{"rendered":"https:\/\/roveyayinevi.com.tr\/index.php\/urun\/sut-disleri\/"},"modified":"2026-04-16T02:43:00","modified_gmt":"2026-04-15T23:43:00","slug":"sut-disleri","status":"publish","type":"product","link":"https:\/\/roveyayinevi.com.tr\/index.php\/urun\/sut-disleri\/","title":{"rendered":"S\u00fct Di\u015fleri"},"content":{"rendered":"<p>\u201cKendi g\u00fcnahlar\u0131m\u0131z\u0131 tekinsiz bir \u015fekilde yans\u0131tan \u2018\u015feytani\u2019 \u00e7ocuklar\u0131n anlat\u0131ld\u0131\u011f\u0131 klasik eserlerin yan\u0131na koyabilece\u011fimiz sert bir gerilim roman\u0131.\u201d \u2013Paul Tremblay   \u201cKevin Hakk\u0131nda Konu\u015fmal\u0131y\u0131z; Kay\u0131p K\u0131z ve The Omen ile tan\u0131\u015f\u0131yor\u2026 \u00c7arp\u0131k ve delirtici bir kitap. Aralar\u0131ndaki ba\u011f giderek par\u00e7alan\u0131rken iki karaktere olan sempatinizi s\u00fcrekli sorgulayacaks\u0131n\u0131z.\u201d \u2013Entertainment Weekly    Hanna ile tan\u0131\u015f\u0131n: Yedi ya\u015f\u0131ndaki Hanna, sevgi dolu babas\u0131 Alex\u2019in g\u00f6z\u00fcnde tatl\u0131 m\u0131 tatl\u0131, sessiz sakin, melek gibi bir k\u0131zd\u0131r. Hanna i\u00e7in onu anlayan tek ki\u015fi babas\u0131d\u0131r. Annesi Suzette ise babas\u0131yla ili\u015fkisinde yoluna \u00e7\u0131kan bir engelden ba\u015fka bir \u015fey de\u011fildir ve ondan kurtulmak i\u00e7in akl\u0131na gelen her numaray\u0131 deneyecektir.   Suzette ile tan\u0131\u015f\u0131n: Suzette elbette k\u0131z\u0131n\u0131 seviyordur, ancak Hanna\u2019n\u0131n her girdi\u011fi okuldan at\u0131lmas\u0131 ve hareketlerinin giderek de\u011fi\u015fmesi zaten \u00e7ok da iyi olmayan sa\u011fl\u0131\u011f\u0131n\u0131 g\u00fcnden g\u00fcne zay\u0131flat\u0131r. Kocas\u0131 Alex sorunlu aile dinamiklerine kar\u015f\u0131 k\u00f6r kal\u0131rken, Hanna\u2019n\u0131n k\u00fc\u00e7\u00fck oyunlar\u0131 Suzette\u2019i giderek daha fazla korkutmaktad\u0131r. Suzette s\u00f6zde masum k\u0131zlar\u0131n\u0131n u\u011fursuz bir plan yapt\u0131\u011f\u0131n\u0131, hedefinde de kendisinin oldu\u011funu kavramaya ba\u015flam\u0131\u015ft\u0131r.   \u00d6d\u00fcll\u00fc oyun yazar\u0131 ve film yap\u0131mc\u0131s\u0131 Zoje Stage heyecan dolu psikolojik gerilim roman\u0131 S\u00fct Di\u015fleri\u2019nde anne ve k\u0131z\u0131 aras\u0131ndaki irade sava\u015f\u0131n\u0131, aile ba\u011flar\u0131n\u0131n asl\u0131nda ne kadar k\u0131r\u0131lgan ve g\u00f6r\u00fcn\u00fc\u015f\u00fcn ne kadar da aldat\u0131c\u0131 oldu\u011funu g\u00f6zler \u00f6n\u00fcne seriyor. <\/p>\n","protected":false},"excerpt":{"rendered":"<p>\u201cKendi g\u00fcnahlar\u0131m\u0131z\u0131 tekinsiz bir \u015fekilde yans\u0131tan \u2018\u015feytani\u2019 \u00e7ocuklar\u0131n anlat\u0131ld\u0131\u011f\u0131 klasik eserlerin yan\u0131na koyabilece\u011fimiz sert bir gerilim roman\u0131.\u201d \u2013Paul Tremblay \u201cKevin Hakk\u0131nda Konu\u015fmal\u0131y\u0131z; Kay\u0131p K\u0131z ve The<span class=\"excerpt-hellip\"> [\u2026]<\/span><\/p>\n","protected":false},"featured_media":0,"template":"","meta":{"_monsterinsights_skip_tracking":false,"_monsterinsights_sitenote_active":false,"_monsterinsights_sitenote_note":"","_monsterinsights_sitenote_category":0},"product_brand":[],"product_cat":[12291,17033],"product_tag":[],"class_list":{"0":"post-735131","1":"product","2":"type-product","3":"status-publish","5":"product_cat-edebiyat","6":"product_cat-korku-gerilim","7":"pa_cilt-ciltsiz","8":"pa_tur-kitap","9":"pa_yayinevi-ithaki-yayinlari","10":"pa_yazar-zoje-stage","12":"first","13":"instock","14":"sale","15":"shipping-taxable","16":"purchasable","17":"product-type-simple"},"_links":{"self":[{"href":"https:\/\/roveyayinevi.com.tr\/index.php\/wp-json\/wp\/v2\/product\/735131","targetHints":{"allow":["GET"]}}],"collection":[{"href":"https:\/\/roveyayinevi.com.tr\/index.php\/wp-json\/wp\/v2\/product"}],"about":[{"href":"https:\/\/roveyayinevi.com.tr\/index.php\/wp-json\/wp\/v2\/types\/product"}],"wp:attachment":[{"href":"https:\/\/roveyayinevi.com.tr\/index.php\/wp-json\/wp\/v2\/media?parent=735131"}],"wp:term":[{"taxonomy":"product_brand","embeddable":true,"href":"https:\/\/roveyayinevi.com.tr\/index.php\/wp-json\/wp\/v2\/product_brand?post=735131"},{"taxonomy":"product_cat","embeddable":true,"href":"https:\/\/roveyayinevi.com.tr\/index.php\/wp-json\/wp\/v2\/product_cat?post=735131"},{"taxonomy":"product_tag","embeddable":true,"href":"https:\/\/roveyayinevi.com.tr\/index.php\/wp-json\/wp\/v2\/product_tag?post=735131"}],"curies":[{"name":"wp","href":"https:\/\/api.w.org\/{rel}","templated":true}]}}