{"id":735130,"date":"2025-08-27T22:41:47","date_gmt":"2025-08-27T19:41:47","guid":{"rendered":"https:\/\/roveyayinevi.com.tr\/index.php\/urun\/dehliz\/"},"modified":"2026-04-08T02:52:24","modified_gmt":"2026-04-07T23:52:24","slug":"dehliz","status":"publish","type":"product","link":"https:\/\/roveyayinevi.com.tr\/index.php\/urun\/dehliz\/","title":{"rendered":"Dehliz"},"content":{"rendered":"<p>Yasemin Alptekin   \u0130stanbul\u2019da do\u011fdu. Atat\u00fcrk K\u0131z Lisesi\u2019nde ortaokulu, Amerikan Robert Lisesi\u2019nde liseyi bitirdi. Bo\u011fazi\u00e7i Bat\u0131 Dilleri Edebiyat\u0131\u2019ndan mezun oldu. Indiana \u00dcniversitesinden master, Ohio State \u00dcniversitesinden doktora derecelerini ald\u0131.1998-2016 aras\u0131nda yurt i\u00e7inde ve yurt d\u0131\u015f\u0131nda, \u00e7e\u015fitli \u00fcniversitelerde \u00f6\u011fretim \u00fcyesi olarak dersler verdi. Edebiyatla  olan ilgisini okuyarak ve yazarak s\u00fcrd\u00fcr\u00fcyor. 2017&#8217;den bu yana ba\u011f\u0131ms\u0131z yazar ve \u00e7evirmen. \u0130lk kitab\u0131 Gitmek mi Zor Kalmak m\u0131? 2018 y\u0131l\u0131nda yay\u0131mland\u0131. \u00c7evirisini yapt\u0131\u011f\u0131 \u00c7\u00f6l\u00fcn Gelini Palmira ise 2019&#8217;da Bilgi \u00dcniversitesi Yay\u0131nlar\u0131 taraf\u0131ndan yay\u0131mland\u0131. G\u00fcncel konularda d\u00fc\u015f\u00fcnd\u00fcklerini Yurtseverlik.com\u2019a yaz\u0131yor.  \u2018K\u00fcreselle\u015fme, uluslararas\u0131 e\u011fitim, e\u011fitim politikalar\u0131 ve reformlar,\u2019 ilgi alanlar\u0131 aras\u0131nda.   \u201c\u00d6\u011fretmen \u00f6\u011frenci ili\u015fkisine, ebeveyn \u00e7ocuk ili\u015fkisine, en \u00f6nemlisi de akran ili\u015fkisine yard\u0131mc\u0131 olaca\u011f\u0131n\u0131 d\u00fc\u015f\u00fcnd\u00fc\u011f\u00fcm Deh\u015fetengiz Dehliz; yazar\u0131n, \u201cAsperger Sendromu\u201d \u00fczerine uzun ve me\u015fakkatli ara\u015ft\u0131rma ve incelemelerin ard\u0131ndan Aspergerli bir \u00f6\u011frencinin g\u00fcnl\u00fcklerinden yola \u00e7\u0131karak kaleme al\u0131nm\u0131\u015ft\u0131r.  Hem ele al\u0131nan konu neticesiyle toplumsal a\u00e7\u0131dan \u00f6nemli fark\u0131ndal\u0131klar bar\u0131nd\u0131ran hem de konunun i\u015fleni\u015f bi\u00e7imi itibar\u0131yla edebi bir boyut kazand\u0131r\u0131lan bu kitap, 7\u2019den 70\u2019e t\u00fcm okurlar\u0131n istifade edebilece\u011fini bir nitelikte.\u201d Edit\u00f6r \u00d6zlem Tanr\u0131verdi       \u201cG\u00fcn\u00fcm\u00fczde \u00e7e\u015fitli alanlarda ya\u015f\u0131tlar\u0131na oranla daha y\u00fcksek performans g\u00f6steren \u00fcst\u00fcn yetenekli \u00e7ocuklar\u0131n aile hayat\u0131nda pek \u00e7ok sorunla kar\u015f\u0131la\u015ft\u0131\u011f\u0131 ka\u00e7\u0131n\u0131lmaz. E\u011fitim s\u00fcrecinde ya\u015f\u0131tlar\u0131ndan farkl\u0131 olduklar\u0131 i\u00e7in d\u0131\u015fland\u0131klar\u0131; \u00fcst\u00fcn yetenekleri oldu\u011fu i\u00e7in fazladan bir e\u011fitime gereksinim duymad\u0131klar\u0131 ise su g\u00f6t\u00fcrmez bir ger\u00e7ek. B\u00f6yle bir konuyu ele alan Deh\u015fetengiz Dehliz, yay\u0131nevimizin kitaplar\u0131 aras\u0131nda yer almas\u0131ndan memnuniyet duydu\u011fum \u00f6nemli bir kitap. Yazar\u0131n ba\u015far\u0131l\u0131 bir e\u011fitimci olmas\u0131 ise konu \u00fczerinde titiz ve ayr\u0131nt\u0131l\u0131 bir \u015fekilde \u00e7al\u0131\u015f\u0131lan bir kitab\u0131 da beraberinde getirmi\u015f. Eminim ki ayr\u0131cal\u0131kl\u0131 \u00e7ocuklar\u0131m\u0131zla ilgili g\u00f6z ard\u0131 edilen toplumsal sorunun bilincine var\u0131lmas\u0131na yard\u0131mc\u0131 olacakt\u0131r.\u201d Yay\u0131nc\u0131 Servet Sel\u00e7uk <\/p>\n","protected":false},"excerpt":{"rendered":"<p>Yasemin Alptekin \u0130stanbul\u2019da do\u011fdu. Atat\u00fcrk K\u0131z Lisesi\u2019nde ortaokulu, Amerikan Robert Lisesi\u2019nde liseyi bitirdi. Bo\u011fazi\u00e7i Bat\u0131 Dilleri Edebiyat\u0131\u2019ndan mezun oldu. Indiana \u00dcniversitesinden master, Ohio State \u00dcniversitesinden doktora<span class=\"excerpt-hellip\"> [\u2026]<\/span><\/p>\n","protected":false},"featured_media":0,"template":"","meta":{"_monsterinsights_skip_tracking":false,"_monsterinsights_sitenote_active":false,"_monsterinsights_sitenote_note":"","_monsterinsights_sitenote_category":0},"product_brand":[],"product_cat":[12291,12711],"product_tag":[],"class_list":{"0":"post-735130","1":"product","2":"type-product","3":"status-publish","5":"product_cat-edebiyat","6":"product_cat-roman-oyku","7":"pa_cilt-ciltsiz","8":"pa_tur-kitap","9":"pa_yayinevi-servet-yayinevi","10":"pa_yazar-yasemin-alptekin","12":"first","13":"instock","14":"sale","15":"shipping-taxable","16":"purchasable","17":"product-type-simple"},"_links":{"self":[{"href":"https:\/\/roveyayinevi.com.tr\/index.php\/wp-json\/wp\/v2\/product\/735130","targetHints":{"allow":["GET"]}}],"collection":[{"href":"https:\/\/roveyayinevi.com.tr\/index.php\/wp-json\/wp\/v2\/product"}],"about":[{"href":"https:\/\/roveyayinevi.com.tr\/index.php\/wp-json\/wp\/v2\/types\/product"}],"wp:attachment":[{"href":"https:\/\/roveyayinevi.com.tr\/index.php\/wp-json\/wp\/v2\/media?parent=735130"}],"wp:term":[{"taxonomy":"product_brand","embeddable":true,"href":"https:\/\/roveyayinevi.com.tr\/index.php\/wp-json\/wp\/v2\/product_brand?post=735130"},{"taxonomy":"product_cat","embeddable":true,"href":"https:\/\/roveyayinevi.com.tr\/index.php\/wp-json\/wp\/v2\/product_cat?post=735130"},{"taxonomy":"product_tag","embeddable":true,"href":"https:\/\/roveyayinevi.com.tr\/index.php\/wp-json\/wp\/v2\/product_tag?post=735130"}],"curies":[{"name":"wp","href":"https:\/\/api.w.org\/{rel}","templated":true}]}}