{"id":735129,"date":"2025-08-27T22:41:46","date_gmt":"2025-08-27T19:41:46","guid":{"rendered":"https:\/\/roveyayinevi.com.tr\/index.php\/urun\/travmaya-duyarli-okullar\/"},"modified":"2026-04-16T02:43:00","modified_gmt":"2026-04-15T23:43:00","slug":"travmaya-duyarli-okullar","status":"publish","type":"product","link":"https:\/\/roveyayinevi.com.tr\/index.php\/urun\/travmaya-duyarli-okullar\/","title":{"rendered":"Travmaya Duyarl\u0131 Okullar"},"content":{"rendered":"<p>E\u011fitim alan\u0131nda kritik bir kav\u015faktan ge\u00e7iyoruz. \u00d6\u011frencilerin s\u0131n\u0131fla ba\u011f kuramamas\u0131, \u00f6\u011frenme ortam\u0131ndaki yetersizlikler, s\u0131n\u0131fa e\u011fitmen olarak daha \u00f6nce ayak basmam\u0131\u015f ki\u015filer taraf\u0131ndan haz\u0131rlanan e\u011fitim politikalar\u0131 vb. bir\u00e7ok zorluk g\u00fcn\u00fcm\u00fczde \u00f6\u011fretmenlerimizi ve e\u011fitim alan\u0131nda faaliyet g\u00f6steren uzmanlar\u0131m\u0131z\u0131 t\u00fckenmi\u015fli\u011fe ve umutsuzlu\u011fa s\u00fcr\u00fckl\u00fcyor hatta en iyi \u00f6\u011fretmenlerimizden baz\u0131lar\u0131n\u0131n mesle\u011fi terk etmesine neden oluyor. Travmaya Duyarl\u0131 Okullar kitab\u0131nda Susan E. Craig, travma hakk\u0131nda bilgili ve travma ge\u00e7iren \u00e7ocuklara uygun bir yakla\u015f\u0131mla e\u011fitim verilen okullarda mucizeler ger\u00e7ekle\u015fti\u011fini aktar\u0131yor. \u00d6\u011fretmenler, \u00f6\u011frencilerin davran\u0131\u015flar\u0131na tepki vermek yerine onlar\u0131 anlamaya ba\u015flad\u0131\u011f\u0131nda \u00e7ok daha verimli bir e\u011fitim modelinin ortaya \u00e7\u0131kt\u0131\u011f\u0131n\u0131 belirterek \u00fclke \u00e7ap\u0131ndaki t\u00fcm okullar\u0131n bu modeli y\u00fcr\u00fcrl\u00fc\u011fe koyabilmesi ad\u0131na m\u00fcd\u00fcrlerin ve \u00f6\u011fretmenlerin neler yapabilece\u011fini ele al\u0131yor. De\u011fi\u015fen d\u00fcnyadaki yeniliklere ayak uydurman\u0131n en verimli yolu yeni bilgilerin \u0131\u015f\u0131\u011f\u0131nda e\u011fitim y\u00f6ntemlerini g\u00f6zden ge\u00e7irmek ve gelece\u011fin nesillerini de\u011fi\u015fen d\u00fcnyaya adapte olabilecekleri \u015fekilde yeti\u015ftirmektir. Ve bu da e\u011fitimcilerin sorumlulu\u011fundad\u0131r. Tek bir \u00e7ocu\u011fun hayat\u0131na dokunmak dahi nicelerinin hayat\u0131n\u0131 de\u011fi\u015ftirecektir. Travmaya Duyarl\u0131 Okullar kitab\u0131 ise bu de\u011fi\u015fimin bir par\u00e7as\u0131na katk\u0131da bulunur.<\/p>\n","protected":false},"excerpt":{"rendered":"<p>E\u011fitim alan\u0131nda kritik bir kav\u015faktan ge\u00e7iyoruz. \u00d6\u011frencilerin s\u0131n\u0131fla ba\u011f kuramamas\u0131, \u00f6\u011frenme ortam\u0131ndaki yetersizlikler, s\u0131n\u0131fa e\u011fitmen olarak daha \u00f6nce ayak basmam\u0131\u015f ki\u015filer taraf\u0131ndan haz\u0131rlanan e\u011fitim politikalar\u0131 vb.<span class=\"excerpt-hellip\"> [\u2026]<\/span><\/p>\n","protected":false},"featured_media":0,"template":"","meta":{"_monsterinsights_skip_tracking":false,"_monsterinsights_sitenote_active":false,"_monsterinsights_sitenote_note":"","_monsterinsights_sitenote_category":0},"product_brand":[],"product_cat":[12364,12376],"product_tag":[],"class_list":{"0":"post-735129","1":"product","2":"type-product","3":"status-publish","5":"product_cat-genel-konular","6":"product_cat-kisisel-gelisim","7":"pa_cilt-ciltsiz","8":"pa_tur-kitap","9":"pa_yayinevi-sola-unitas","10":"pa_yazar-susan-e-craig","12":"first","13":"instock","14":"sale","15":"shipping-taxable","16":"purchasable","17":"product-type-simple"},"_links":{"self":[{"href":"https:\/\/roveyayinevi.com.tr\/index.php\/wp-json\/wp\/v2\/product\/735129","targetHints":{"allow":["GET"]}}],"collection":[{"href":"https:\/\/roveyayinevi.com.tr\/index.php\/wp-json\/wp\/v2\/product"}],"about":[{"href":"https:\/\/roveyayinevi.com.tr\/index.php\/wp-json\/wp\/v2\/types\/product"}],"wp:attachment":[{"href":"https:\/\/roveyayinevi.com.tr\/index.php\/wp-json\/wp\/v2\/media?parent=735129"}],"wp:term":[{"taxonomy":"product_brand","embeddable":true,"href":"https:\/\/roveyayinevi.com.tr\/index.php\/wp-json\/wp\/v2\/product_brand?post=735129"},{"taxonomy":"product_cat","embeddable":true,"href":"https:\/\/roveyayinevi.com.tr\/index.php\/wp-json\/wp\/v2\/product_cat?post=735129"},{"taxonomy":"product_tag","embeddable":true,"href":"https:\/\/roveyayinevi.com.tr\/index.php\/wp-json\/wp\/v2\/product_tag?post=735129"}],"curies":[{"name":"wp","href":"https:\/\/api.w.org\/{rel}","templated":true}]}}