{"id":735127,"date":"2025-08-27T22:41:44","date_gmt":"2025-08-27T19:41:44","guid":{"rendered":"https:\/\/roveyayinevi.com.tr\/index.php\/urun\/cokus-3\/"},"modified":"2026-04-03T02:50:00","modified_gmt":"2026-04-02T23:50:00","slug":"cokus-3","status":"publish","type":"product","link":"https:\/\/roveyayinevi.com.tr\/index.php\/urun\/cokus-3\/","title":{"rendered":"\u00c7\u00f6k\u00fc\u015f"},"content":{"rendered":"<p>Yerin alt\u0131na y\u00fczlerce y\u0131l \u00f6nceden hapsedilmi\u015f olan \u00f6l\u00fcm, yery\u00fcz\u00fcne \u00e7\u0131kmak i\u00e7in bug\u00fcn\u00fc se\u00e7ti. Son \u00e7a\u011f\u0131n ba\u015flang\u0131c\u0131n\u0131&#8230;    \u0130nsano\u011flunun sonunu getirmek i\u00e7in g\u00f6revlendirilmi\u015f bir ordu ve \u00f6l\u00fcmle \u00f6l\u00fcms\u00fczl\u00fck aras\u0131nda ge\u00e7ecek \u00e7etin bir m\u00fccadele!    Kaptan Halein&#8217;in gemisi bilinmezli\u011fe do\u011fru yola \u00e7\u0131karken okuyucular\u0131 da kelimeleriyle pe\u015finde s\u00fcr\u00fckleyecek. Haz\u0131rsan\u0131z limandan ayr\u0131lma vakti!     \u201cKitab\u0131 okurken g\u00f6z\u00fcn\u00fcz\u00fcn \u00f6n\u00fcnden Don Ki\u015fot\u2019un m\u00fccadelesi, Robinson\u2019un ke\u015ffi,  Yediuyurlar\u2019\u0131n uyand\u0131ktan sonra parayla olan durumu gelip ge\u00e7ebilir. Ma\u011fara ve ku\u015f gibi motiflerle ara ara mitolojik bir atmosfer h\u00e2kim de olacak. Yazar\u0131n ilk kitab\u0131 olmas\u0131na ra\u011fmen usta bir kaleme sahip oldu\u011fu muhakkak. Hi\u00e7 \u015f\u00fcphesiz bir okur olarak kitab\u0131 elinize ald\u0131\u011f\u0131n\u0131zda alg\u0131lar\u0131n\u0131z\u0131n b\u00fct\u00fcn\u00fcyle a\u00e7\u0131k olmas\u0131 gerekiyor.\u201d Edit\u00f6r \u00d6zlem Tanr\u0131verdi <\/p>\n","protected":false},"excerpt":{"rendered":"<p>Yerin alt\u0131na y\u00fczlerce y\u0131l \u00f6nceden hapsedilmi\u015f olan \u00f6l\u00fcm, yery\u00fcz\u00fcne \u00e7\u0131kmak i\u00e7in bug\u00fcn\u00fc se\u00e7ti. Son \u00e7a\u011f\u0131n ba\u015flang\u0131c\u0131n\u0131&#8230; \u0130nsano\u011flunun sonunu getirmek i\u00e7in g\u00f6revlendirilmi\u015f bir ordu ve \u00f6l\u00fcmle \u00f6l\u00fcms\u00fczl\u00fck<span class=\"excerpt-hellip\"> [\u2026]<\/span><\/p>\n","protected":false},"featured_media":0,"template":"","meta":{"_monsterinsights_skip_tracking":false,"_monsterinsights_sitenote_active":false,"_monsterinsights_sitenote_note":"","_monsterinsights_sitenote_category":0},"product_brand":[],"product_cat":[12291,12711],"product_tag":[],"class_list":{"0":"post-735127","1":"product","2":"type-product","3":"status-publish","5":"product_cat-edebiyat","6":"product_cat-roman-oyku","7":"pa_cilt-ciltsiz","8":"pa_tur-kitap","9":"pa_yayinevi-servet-yayinevi","10":"pa_yazar-yasin-celebi","12":"first","13":"instock","14":"sale","15":"shipping-taxable","16":"purchasable","17":"product-type-simple"},"_links":{"self":[{"href":"https:\/\/roveyayinevi.com.tr\/index.php\/wp-json\/wp\/v2\/product\/735127","targetHints":{"allow":["GET"]}}],"collection":[{"href":"https:\/\/roveyayinevi.com.tr\/index.php\/wp-json\/wp\/v2\/product"}],"about":[{"href":"https:\/\/roveyayinevi.com.tr\/index.php\/wp-json\/wp\/v2\/types\/product"}],"wp:attachment":[{"href":"https:\/\/roveyayinevi.com.tr\/index.php\/wp-json\/wp\/v2\/media?parent=735127"}],"wp:term":[{"taxonomy":"product_brand","embeddable":true,"href":"https:\/\/roveyayinevi.com.tr\/index.php\/wp-json\/wp\/v2\/product_brand?post=735127"},{"taxonomy":"product_cat","embeddable":true,"href":"https:\/\/roveyayinevi.com.tr\/index.php\/wp-json\/wp\/v2\/product_cat?post=735127"},{"taxonomy":"product_tag","embeddable":true,"href":"https:\/\/roveyayinevi.com.tr\/index.php\/wp-json\/wp\/v2\/product_tag?post=735127"}],"curies":[{"name":"wp","href":"https:\/\/api.w.org\/{rel}","templated":true}]}}