{"id":735124,"date":"2025-08-27T22:41:40","date_gmt":"2025-08-27T19:41:40","guid":{"rendered":"https:\/\/roveyayinevi.com.tr\/index.php\/urun\/bu-isler-ince-isler\/"},"modified":"2026-04-16T02:43:00","modified_gmt":"2026-04-15T23:43:00","slug":"bu-isler-ince-isler","status":"publish","type":"product","link":"https:\/\/roveyayinevi.com.tr\/index.php\/urun\/bu-isler-ince-isler\/","title":{"rendered":"Bu \u0130\u015fler \u0130nce \u0130\u015fler"},"content":{"rendered":"<p>\u201cHer \u015eey Cinselli\u011fin Sonucudur.\u201dKovalan\u0131nca ka\u00e7an m\u0131 oldun?Yoksa hep ka\u00e7an\u0131 m\u0131 kovalad\u0131n?A\u015fk\u0131na her zaman kar\u015f\u0131l\u0131k bulabildin mi? Yoksa h\u00e2l\u00e2 ar\u0131yor musun?Sence boyu mu \u00f6nemli yoksa i\u015flevi mi?Peki senin fantezin hangisi?Bad boy mu yoksa player erkek mi?Malum bu i\u015fler ince i\u015fler.\u00d6yle uluorta herkesle konu\u015fulmaz ama herkesi ilgilendirir.Burada dertleri de\u011fil, \u00e7\u00f6z\u00fcmleri tart\u0131\u015f\u0131yoruz. Bilimden faydalan\u0131yor ama duygular\u0131m\u0131z\u0131n da sesini dinliyoruz.Hay\u0131r utanm\u0131yoruz \u00e7\u00fcnk\u00fc d\u00fcr\u00fcst\u00fcz.Ayr\u0131ca hi\u00e7 de ay\u0131p de\u011fil gayet e\u011flenceli&#8230;<\/p>\n","protected":false},"excerpt":{"rendered":"<p>\u201cHer \u015eey Cinselli\u011fin Sonucudur.\u201dKovalan\u0131nca ka\u00e7an m\u0131 oldun?Yoksa hep ka\u00e7an\u0131 m\u0131 kovalad\u0131n?A\u015fk\u0131na her zaman kar\u015f\u0131l\u0131k bulabildin mi? Yoksa h\u00e2l\u00e2 ar\u0131yor musun?Sence boyu mu \u00f6nemli yoksa i\u015flevi mi?Peki<span class=\"excerpt-hellip\"> [\u2026]<\/span><\/p>\n","protected":false},"featured_media":0,"template":"","meta":{"_monsterinsights_skip_tracking":false,"_monsterinsights_sitenote_active":false,"_monsterinsights_sitenote_note":"","_monsterinsights_sitenote_category":0},"product_brand":[],"product_cat":[17502,13488],"product_tag":[],"class_list":{"0":"post-735124","1":"product","2":"type-product","3":"status-publish","5":"product_cat-cinsellik","6":"product_cat-toplum-ve-insan","7":"pa_cilt-ciltsiz","8":"pa_tur-kitap","9":"pa_yayinevi-destek-yayinlari","10":"pa_yazar-ozgur-uysal","12":"first","13":"instock","14":"sale","15":"shipping-taxable","16":"purchasable","17":"product-type-simple"},"_links":{"self":[{"href":"https:\/\/roveyayinevi.com.tr\/index.php\/wp-json\/wp\/v2\/product\/735124","targetHints":{"allow":["GET"]}}],"collection":[{"href":"https:\/\/roveyayinevi.com.tr\/index.php\/wp-json\/wp\/v2\/product"}],"about":[{"href":"https:\/\/roveyayinevi.com.tr\/index.php\/wp-json\/wp\/v2\/types\/product"}],"wp:attachment":[{"href":"https:\/\/roveyayinevi.com.tr\/index.php\/wp-json\/wp\/v2\/media?parent=735124"}],"wp:term":[{"taxonomy":"product_brand","embeddable":true,"href":"https:\/\/roveyayinevi.com.tr\/index.php\/wp-json\/wp\/v2\/product_brand?post=735124"},{"taxonomy":"product_cat","embeddable":true,"href":"https:\/\/roveyayinevi.com.tr\/index.php\/wp-json\/wp\/v2\/product_cat?post=735124"},{"taxonomy":"product_tag","embeddable":true,"href":"https:\/\/roveyayinevi.com.tr\/index.php\/wp-json\/wp\/v2\/product_tag?post=735124"}],"curies":[{"name":"wp","href":"https:\/\/api.w.org\/{rel}","templated":true}]}}