{"id":735123,"date":"2025-08-27T22:41:38","date_gmt":"2025-08-27T19:41:38","guid":{"rendered":"https:\/\/roveyayinevi.com.tr\/index.php\/urun\/hic-tanimadim-hic-unutmadim\/"},"modified":"2026-04-16T02:43:00","modified_gmt":"2026-04-15T23:43:00","slug":"hic-tanimadim-hic-unutmadim","status":"publish","type":"product","link":"https:\/\/roveyayinevi.com.tr\/index.php\/urun\/hic-tanimadim-hic-unutmadim\/","title":{"rendered":"Hi\u00e7 Tan\u0131mad\u0131m Hi\u00e7 Unutmad\u0131m"},"content":{"rendered":"<p>\u201cSt\u00fcdyonun karanl\u0131k taraf\u0131na hangi c\u00fcmlelerin sakland\u0131\u011f\u0131n\u0131, sa\u00e7lar\u0131m\u0131n r\u00fczg\u00e2ra nas\u0131l kap\u0131ld\u0131\u011f\u0131n\u0131 benden dinleyin istedim.\u201dBuket G\u00fcler, Hi\u00e7 Tan\u0131mad\u0131m Hi\u00e7 Unutmad\u0131m&#8217;da ekranlarda sabun k\u00f6p\u00fc\u011f\u00fc gibi kaybolan hik\u00e2yelere i\u00e7tenlikle dahil oluyor. Zihninde yer eden haberlerin \u00f6ncesinde ve sonras\u0131nda olabilecekleri ak\u0131c\u0131 bir \u00fcslupla ele al\u0131yor.Hi\u00e7 Tan\u0131mad\u0131m Hi\u00e7 Unutmad\u0131m, sat\u0131r aralar\u0131nda kalan k\u00e2\u011f\u0131t i\u015f\u00e7ilerinin umutlar\u0131na, yar\u0131\u015f atlar\u0131n\u0131n \u00f6zg\u00fcrl\u00fc\u011fe ko\u015fu\u015flar\u0131na, i\u015fsiz bir baban\u0131n dertlerine, kad\u0131nlar\u0131n korkular\u0131na, ormanlar\u0131n \u00e7\u0131\u011fl\u0131\u011f\u0131na, m\u00fclteci \u00e7ocuklar\u0131n hayallerine, h\u0131zl\u0131ca bak\u0131p ge\u00e7ti\u011fimiz haberlerin arkas\u0131ndaki dramlara, insani \u00f6yk\u00fclere \u015fiirsel bir dille dokunuyor&#8230;.Sanmam, biz de bir sestik belkiBirileri i\u00e7in y\u0131llar \u00f6nceki\u015ea\u015f\u0131rt\u0131c\u0131 kar\u015f\u0131la\u015fmada. Melih Cevdet Anday <\/p>\n","protected":false},"excerpt":{"rendered":"<p>\u201cSt\u00fcdyonun karanl\u0131k taraf\u0131na hangi c\u00fcmlelerin sakland\u0131\u011f\u0131n\u0131, sa\u00e7lar\u0131m\u0131n r\u00fczg\u00e2ra nas\u0131l kap\u0131ld\u0131\u011f\u0131n\u0131 benden dinleyin istedim.\u201dBuket G\u00fcler, Hi\u00e7 Tan\u0131mad\u0131m Hi\u00e7 Unutmad\u0131m&#8217;da ekranlarda sabun k\u00f6p\u00fc\u011f\u00fc gibi kaybolan hik\u00e2yelere i\u00e7tenlikle dahil<span class=\"excerpt-hellip\"> [\u2026]<\/span><\/p>\n","protected":false},"featured_media":0,"template":"","meta":{"_monsterinsights_skip_tracking":false,"_monsterinsights_sitenote_active":false,"_monsterinsights_sitenote_note":"","_monsterinsights_sitenote_category":0},"product_brand":[],"product_cat":[12777,12291],"product_tag":[],"class_list":{"0":"post-735123","1":"product","2":"type-product","3":"status-publish","5":"product_cat-deneme","6":"product_cat-edebiyat","7":"pa_cilt-ciltsiz","8":"pa_tur-kitap","9":"pa_yayinevi-nemesis-kitap","10":"pa_yazar-buket-guler","12":"first","13":"instock","14":"sale","15":"shipping-taxable","16":"purchasable","17":"product-type-simple"},"_links":{"self":[{"href":"https:\/\/roveyayinevi.com.tr\/index.php\/wp-json\/wp\/v2\/product\/735123","targetHints":{"allow":["GET"]}}],"collection":[{"href":"https:\/\/roveyayinevi.com.tr\/index.php\/wp-json\/wp\/v2\/product"}],"about":[{"href":"https:\/\/roveyayinevi.com.tr\/index.php\/wp-json\/wp\/v2\/types\/product"}],"wp:attachment":[{"href":"https:\/\/roveyayinevi.com.tr\/index.php\/wp-json\/wp\/v2\/media?parent=735123"}],"wp:term":[{"taxonomy":"product_brand","embeddable":true,"href":"https:\/\/roveyayinevi.com.tr\/index.php\/wp-json\/wp\/v2\/product_brand?post=735123"},{"taxonomy":"product_cat","embeddable":true,"href":"https:\/\/roveyayinevi.com.tr\/index.php\/wp-json\/wp\/v2\/product_cat?post=735123"},{"taxonomy":"product_tag","embeddable":true,"href":"https:\/\/roveyayinevi.com.tr\/index.php\/wp-json\/wp\/v2\/product_tag?post=735123"}],"curies":[{"name":"wp","href":"https:\/\/api.w.org\/{rel}","templated":true}]}}