{"id":735121,"date":"2025-08-27T22:41:36","date_gmt":"2025-08-27T19:41:36","guid":{"rendered":"https:\/\/roveyayinevi.com.tr\/index.php\/urun\/kraliyet-murebbiyesi\/"},"modified":"2026-04-16T02:43:00","modified_gmt":"2026-04-15T23:43:00","slug":"kraliyet-murebbiyesi","status":"publish","type":"product","link":"https:\/\/roveyayinevi.com.tr\/index.php\/urun\/kraliyet-murebbiyesi\/","title":{"rendered":"Kraliyet M\u00fcrebbiyesi"},"content":{"rendered":"<p>Sunday Times \u00e7oksatan yazar\u0131 Wendy Holden, d\u00fcnyan\u0131n en ikonik fig\u00fcrlerinden biri olan Krali\u00e7e II. Elizabeth&#8217;in bilinmeyen \u00e7ocukluk y\u0131llar\u0131n\u0131 anlat\u0131rken krali\u00e7eyi bir h\u00fck\u00fcmdara d\u00f6n\u00fc\u015ft\u00fcren m\u00fcrebbiyeyi de sahneye davet ediyor.   Marion Crawford, kraliyet ailesinin m\u00fcrebbiyesi olmay\u0131 kabul etti\u011finde hayat\u0131 hi\u00e7 beklemedi\u011fi bir \u015fekilde de\u011fi\u015fir. Ailenin gen\u00e7 kad\u0131ndan tek iste\u011fi, prenseslerin korunakl\u0131 ve ayr\u0131cal\u0131kl\u0131 hayatlar\u0131na bir miktar normallik getirmesidir. \u0130ngiliz monar\u015fisinin kalbinde yer bulan Marion, tahttan \u00e7ekilmekten ayaklanmalara, ta\u00e7 giyme t\u00f6reninin cazibesinden saray dramalar\u0131na kadar \u0130ngiliz tarihinin en \u00f6nemli olaylar\u0131na tan\u0131kl\u0131k eder. Fakat kraliyet ailesinin sevgili m\u00fcrebbiyesi ve s\u0131rda\u015f\u0131 olman\u0131n bir bedeli vard\u0131r.   Kraliyet M\u00fcrebbiyesi a\u015fk, fedak\u00e2rl\u0131k ve ba\u011fl\u0131l\u0131\u011f\u0131n g\u00f6rkemli hik\u00e2yesiyle Krali\u00e7e II. Elizabeth&#8217;in tahta \u00e7\u0131kmas\u0131ndan \u00f6nceki y\u0131llara b\u00fcy\u00fcleyici bir \u0131\u015f\u0131k tutuyor.<\/p>\n","protected":false},"excerpt":{"rendered":"<p>Sunday Times \u00e7oksatan yazar\u0131 Wendy Holden, d\u00fcnyan\u0131n en ikonik fig\u00fcrlerinden biri olan Krali\u00e7e II. Elizabeth&#8217;in bilinmeyen \u00e7ocukluk y\u0131llar\u0131n\u0131 anlat\u0131rken krali\u00e7eyi bir h\u00fck\u00fcmdara d\u00f6n\u00fc\u015ft\u00fcren m\u00fcrebbiyeyi de sahneye<span class=\"excerpt-hellip\"> [\u2026]<\/span><\/p>\n","protected":false},"featured_media":0,"template":"","meta":{"_monsterinsights_skip_tracking":false,"_monsterinsights_sitenote_active":false,"_monsterinsights_sitenote_note":"","_monsterinsights_sitenote_category":0},"product_brand":[],"product_cat":[12291,12711],"product_tag":[],"class_list":{"0":"post-735121","1":"product","2":"type-product","3":"status-publish","5":"product_cat-edebiyat","6":"product_cat-roman-oyku","7":"pa_cilt-ciltsiz","8":"pa_tur-kitap","9":"pa_yayinevi-nemesis-kitap","10":"pa_yazar-wendy-holden","12":"first","13":"instock","14":"sale","15":"shipping-taxable","16":"purchasable","17":"product-type-simple"},"_links":{"self":[{"href":"https:\/\/roveyayinevi.com.tr\/index.php\/wp-json\/wp\/v2\/product\/735121","targetHints":{"allow":["GET"]}}],"collection":[{"href":"https:\/\/roveyayinevi.com.tr\/index.php\/wp-json\/wp\/v2\/product"}],"about":[{"href":"https:\/\/roveyayinevi.com.tr\/index.php\/wp-json\/wp\/v2\/types\/product"}],"wp:attachment":[{"href":"https:\/\/roveyayinevi.com.tr\/index.php\/wp-json\/wp\/v2\/media?parent=735121"}],"wp:term":[{"taxonomy":"product_brand","embeddable":true,"href":"https:\/\/roveyayinevi.com.tr\/index.php\/wp-json\/wp\/v2\/product_brand?post=735121"},{"taxonomy":"product_cat","embeddable":true,"href":"https:\/\/roveyayinevi.com.tr\/index.php\/wp-json\/wp\/v2\/product_cat?post=735121"},{"taxonomy":"product_tag","embeddable":true,"href":"https:\/\/roveyayinevi.com.tr\/index.php\/wp-json\/wp\/v2\/product_tag?post=735121"}],"curies":[{"name":"wp","href":"https:\/\/api.w.org\/{rel}","templated":true}]}}