{"id":735119,"date":"2025-08-27T22:41:34","date_gmt":"2025-08-27T19:41:34","guid":{"rendered":"https:\/\/roveyayinevi.com.tr\/index.php\/urun\/heredotustan-gunumuze-siyasal-dusunceler-tarihi\/"},"modified":"2026-04-16T02:43:00","modified_gmt":"2026-04-15T23:43:00","slug":"heredotustan-gunumuze-siyasal-dusunceler-tarihi","status":"publish","type":"product","link":"https:\/\/roveyayinevi.com.tr\/index.php\/urun\/heredotustan-gunumuze-siyasal-dusunceler-tarihi\/","title":{"rendered":"Heredotus&#8217;tan G\u00fcn\u00fcm\u00fcze Siyasal D\u00fc\u015f\u00fcnceler Tarihi"},"content":{"rendered":"<p>Bat\u0131 siyasal d\u00fc\u015f\u00fcncesi hakk\u0131nda kaleme al\u0131nm\u0131\u015f dev bir eserle kar\u015f\u0131 kar\u015f\u0131yay\u0131z. B\u00fcy\u00fck Britanya\u2019da ve Amerika Birle\u015fik Devletleri\u2019nde uzun y\u0131llar siyaset felsefesi dersleri veren Alan Ryan, Anglosakson literat\u00fcrde George Sabine ve John Plamenatz\u2019dan beri rastlamad\u0131\u011f\u0131m\u0131z bir giri\u015fime imza at\u0131yor. Herodotos\u2019tan Rawls\u2019a kadar, siyasal d\u00fc\u015f\u00fcncenin iki bin be\u015f y\u00fcz y\u0131ll\u0131k ser\u00fcvenini, toplumlar\u0131n en iyi nas\u0131l y\u00f6netilece\u011fi sorusuna verilen yan\u0131tlar\u0131, d\u00f6nemleri ve ak\u0131mlar\u0131, \u00e7a\u011f\u0131n\u0131 ve g\u00fcn\u00fcm\u00fcz\u00fc etkileyen d\u00fc\u015f\u00fcn\u00fcrlerin geli\u015ftirdi\u011fi kavram ve \u00e7\u00f6z\u00fcmlemeleri, tarihsel, entelekt\u00fcel ve ahlaki ba\u011flamlar\u0131 i\u00e7inde, tek tek ve \u00f6zenle irdeliyor. Ryan, yirmi yedi b\u00f6l\u00fcm olarak haz\u0131rlad\u0131\u011f\u0131 bu hacimli eserinde, s\u0131ras\u0131yla, Klasik D\u00f6nem\u2019i, Hristiyan D\u00fcnyas\u0131\u2019n\u0131, Modern D\u00f6nem\u2019i ve Marx\u2019tan Sonraki D\u00fcnya\u2019y\u0131 ele al\u0131yor. Kitapta Platon, Aristoteles, Augustinus, Aquinium\u2019lu Thomas, Machiavelli, Hobbes, Locke, Rousseau, Mill, Hegel ve Marx gibi \u00fcnl\u00fc d\u00fc\u015f\u00fcn\u00fcrlere ba\u011f\u0131ms\u0131z olarak yer verilirken, Klasik Roma, Orta\u00e7a\u011f D\u00fcnyas\u0131, H\u00fcmanizm, Reformasyon, Amerika\u2019n\u0131n Kurulu\u015fu, Frans\u0131z Devrimi, Sosyalizm, \u0130mparatorluk ve Emperyalizm, Fa\u015fizm, Modern D\u00fcnya\u2019da Demokrasi ve K\u00fcresel Bar\u0131\u015f gibi ba\u015fl\u0131klar alt\u0131nda Polybius, Cicero, Salisbury\u2019li John, Dante, Padova\u2019l\u0131 Marsilius, Bartolus, Ockham\u2019l\u0131 William, Erasmus, More, Montaigne, Montesquieu, Burke, Kant, Madison ve di\u011fer bir\u00e7ok d\u00fc\u015f\u00fcn\u00fcre de\u011finiliyor.  Otuz y\u0131ll\u0131k emek ve birikimin \u00fcr\u00fcn\u00fc olan bu muazzam eser, \u015f\u00fcphesiz ki, alan\u0131nda \u00f6nemli bir bo\u015flu\u011fu dolduracakt\u0131r. Bu \u00e7er\u00e7evede, Alan Ryan\u2019\u0131n Siyasal D\u00fc\u015f\u00fcnceler Tarihi, siyasal d\u00fc\u015f\u00fcnce tarihi derslerimizde ders kitab\u0131 olarak okutulabilecek nitelikte oldu\u011fu kadar, siyasal d\u00fc\u015f\u00fcnce alan\u0131na merakl\u0131, d\u00fc\u015f\u00fcn\u00fcrler ve ak\u0131mlar hakk\u0131nda bilgisini derinle\u015ftirmek isteyen okura da hitap ediyor. <\/p>\n","protected":false},"excerpt":{"rendered":"<p>Bat\u0131 siyasal d\u00fc\u015f\u00fcncesi hakk\u0131nda kaleme al\u0131nm\u0131\u015f dev bir eserle kar\u015f\u0131 kar\u015f\u0131yay\u0131z. B\u00fcy\u00fck Britanya\u2019da ve Amerika Birle\u015fik Devletleri\u2019nde uzun y\u0131llar siyaset felsefesi dersleri veren Alan Ryan, Anglosakson<span class=\"excerpt-hellip\"> [\u2026]<\/span><\/p>\n","protected":false},"featured_media":0,"template":"","meta":{"_monsterinsights_skip_tracking":false,"_monsterinsights_sitenote_active":false,"_monsterinsights_sitenote_note":"","_monsterinsights_sitenote_category":0},"product_brand":[],"product_cat":[12337,14528],"product_tag":[],"class_list":{"0":"post-735119","1":"product","2":"type-product","3":"status-publish","5":"product_cat-politika-siyaset","6":"product_cat-siyaset-tarihi","7":"pa_cilt-ciltsiz","8":"pa_tur-kitap","9":"pa_yayinevi-bilge-kultur-sanat","10":"pa_yazar-alan-ryan","12":"first","13":"instock","14":"sale","15":"shipping-taxable","16":"purchasable","17":"product-type-simple"},"_links":{"self":[{"href":"https:\/\/roveyayinevi.com.tr\/index.php\/wp-json\/wp\/v2\/product\/735119","targetHints":{"allow":["GET"]}}],"collection":[{"href":"https:\/\/roveyayinevi.com.tr\/index.php\/wp-json\/wp\/v2\/product"}],"about":[{"href":"https:\/\/roveyayinevi.com.tr\/index.php\/wp-json\/wp\/v2\/types\/product"}],"wp:attachment":[{"href":"https:\/\/roveyayinevi.com.tr\/index.php\/wp-json\/wp\/v2\/media?parent=735119"}],"wp:term":[{"taxonomy":"product_brand","embeddable":true,"href":"https:\/\/roveyayinevi.com.tr\/index.php\/wp-json\/wp\/v2\/product_brand?post=735119"},{"taxonomy":"product_cat","embeddable":true,"href":"https:\/\/roveyayinevi.com.tr\/index.php\/wp-json\/wp\/v2\/product_cat?post=735119"},{"taxonomy":"product_tag","embeddable":true,"href":"https:\/\/roveyayinevi.com.tr\/index.php\/wp-json\/wp\/v2\/product_tag?post=735119"}],"curies":[{"name":"wp","href":"https:\/\/api.w.org\/{rel}","templated":true}]}}