{"id":735118,"date":"2025-08-27T22:41:32","date_gmt":"2025-08-27T19:41:32","guid":{"rendered":"https:\/\/roveyayinevi.com.tr\/index.php\/urun\/baharat-sinifi\/"},"modified":"2026-04-16T02:43:00","modified_gmt":"2026-04-15T23:43:00","slug":"baharat-sinifi","status":"publish","type":"product","link":"https:\/\/roveyayinevi.com.tr\/index.php\/urun\/baharat-sinifi\/","title":{"rendered":"Baharat S\u0131n\u0131f\u0131"},"content":{"rendered":"<p>Her baharat\u0131n de\u011fi\u015fik bir aromas\u0131, \u00f6zel bir tad\u0131 vard\u0131r.  T\u0131pk\u0131 Baharat S\u0131n\u0131f\u0131 \u00f6\u011frencileri gibi\u2026   Minik Mutfak Okulu\u2019nun iyi kalpli vebirbirinden renkli, tatl\u0131 \u00f6\u011frencileri Baharat S\u0131n\u0131f\u0131\u2019nda topland\u0131. Ziyafet \u00d6\u011fretmen de farkl\u0131 yeteneklere ve \u00f6zelliklere sahip olan \u00f6\u011frencilerine baharatlardan lakaplar takt\u0131. Tar\u00e7\u0131n Efe, Karabiber Oya, Ki\u015fni\u015f Bade, Kimyon Ali Baharat S\u0131n\u0131f\u0131 \u00f6\u011frencilerinden sadece birka\u00e7\u0131, hepsinin hik\u00e2yesi farkl\u0131. Bakal\u0131m en \u00e7ok hangisini seveceksiniz. <\/p>\n","protected":false},"excerpt":{"rendered":"<p>Her baharat\u0131n de\u011fi\u015fik bir aromas\u0131, \u00f6zel bir tad\u0131 vard\u0131r. T\u0131pk\u0131 Baharat S\u0131n\u0131f\u0131 \u00f6\u011frencileri gibi\u2026 Minik Mutfak Okulu\u2019nun iyi kalpli vebirbirinden renkli, tatl\u0131 \u00f6\u011frencileri Baharat S\u0131n\u0131f\u0131\u2019nda topland\u0131.<span class=\"excerpt-hellip\"> [\u2026]<\/span><\/p>\n","protected":false},"featured_media":0,"template":"","meta":{"_monsterinsights_skip_tracking":false,"_monsterinsights_sitenote_active":false,"_monsterinsights_sitenote_note":"","_monsterinsights_sitenote_category":0},"product_brand":[],"product_cat":[12274,12284],"product_tag":[],"class_list":{"0":"post-735118","1":"product","2":"type-product","3":"status-publish","5":"product_cat-cocuk-ve-genclik-kitaplari","6":"product_cat-hikayeler","7":"pa_cilt-ciltsiz","8":"pa_tur-kitap","9":"pa_yayinevi-masalperest-ozel-urun","10":"pa_yazar-zumrut-piyale-cakir","12":"first","13":"instock","14":"sale","15":"shipping-taxable","16":"purchasable","17":"product-type-simple"},"_links":{"self":[{"href":"https:\/\/roveyayinevi.com.tr\/index.php\/wp-json\/wp\/v2\/product\/735118","targetHints":{"allow":["GET"]}}],"collection":[{"href":"https:\/\/roveyayinevi.com.tr\/index.php\/wp-json\/wp\/v2\/product"}],"about":[{"href":"https:\/\/roveyayinevi.com.tr\/index.php\/wp-json\/wp\/v2\/types\/product"}],"wp:attachment":[{"href":"https:\/\/roveyayinevi.com.tr\/index.php\/wp-json\/wp\/v2\/media?parent=735118"}],"wp:term":[{"taxonomy":"product_brand","embeddable":true,"href":"https:\/\/roveyayinevi.com.tr\/index.php\/wp-json\/wp\/v2\/product_brand?post=735118"},{"taxonomy":"product_cat","embeddable":true,"href":"https:\/\/roveyayinevi.com.tr\/index.php\/wp-json\/wp\/v2\/product_cat?post=735118"},{"taxonomy":"product_tag","embeddable":true,"href":"https:\/\/roveyayinevi.com.tr\/index.php\/wp-json\/wp\/v2\/product_tag?post=735118"}],"curies":[{"name":"wp","href":"https:\/\/api.w.org\/{rel}","templated":true}]}}