{"id":735111,"date":"2025-08-27T22:41:24","date_gmt":"2025-08-27T19:41:24","guid":{"rendered":"https:\/\/roveyayinevi.com.tr\/index.php\/urun\/ermis-ciltli\/"},"modified":"2026-04-16T02:43:00","modified_gmt":"2026-04-15T23:43:00","slug":"ermis-ciltli","status":"publish","type":"product","link":"https:\/\/roveyayinevi.com.tr\/index.php\/urun\/ermis-ciltli\/","title":{"rendered":"Ermi\u015f (Ciltli)"},"content":{"rendered":"<p>\u201c\u0130nsan i\u00e7in t\u00fcm ama\u00e7lar\u0131n\u0131 susuzluktan \u00e7atlam\u0131\u015f dudaklara ve t\u00fcm ya\u015fam\u0131 bir \u00e7e\u015fmeye d\u00f6n\u00fc\u015ft\u00fcren bir arma\u011fandan daha b\u00fcy\u00fc\u011f\u00fc yoktur ku\u015fkusuz. Benim \u015ferefim ve \u00f6d\u00fcl\u00fcm i\u015fte bu arma\u011fanda yat\u0131yor. Ne zaman i\u00e7mek i\u00e7in \u00e7e\u015fmeye gelsem, diri suyun kendisini susam\u0131\u015f bulmamda\u2026\u201dY\u0131llar boyu kendisine yurt olan kentten ayr\u0131l\u0131rken, Ermi\u015f\u2019ten geride b\u0131rakt\u0131\u011f\u0131 halka hitap etmesi istenir. Kent halk\u0131 ona a\u015fk, evlilik, su\u00e7, \u00f6l\u00fcm, g\u00fczellik ve daha pek \u00e7ok konuda sorular y\u00f6neltir. Ald\u0131klar\u0131 kar\u015f\u0131l\u0131k, ho\u015fg\u00f6r\u00fc ve sevginin bi\u00e7imlendirdi\u011fi bir insan ya\u015fam\u0131 \u00fczerine hazine de\u011ferindeki \u00f6\u011f\u00fctlerdir. Hakl\u0131yla haks\u0131z\u0131n, su\u00e7luyla su\u00e7suzun, dimdik ayakta duranla d\u00fc\u015fm\u00fc\u015f\u00fcn asl\u0131nda ayn\u0131 insan oldu\u011fu bir ya\u015famd\u0131r bu\u2026 *Geminin Geli\u015fi *A\u015fka Dair *Evlili\u011fe Dair *\u00c7ocuklara Dair *Vermeye Dair *Yemeye ve \u0130\u00e7meye Dair *\u00c7al\u0131\u015fmaya Dair *Sevin\u00e7 ve Kedere Dair *Evlere Dair *Giysilere Dair *Almaya ve Satmaya Dair *Su\u00e7 ve Cezaya Dair *Yasalara Dair *\u00d6zg\u00fcrl\u00fc\u011fe Dair *Ak\u0131l ve Tutkuya Dair *Ac\u0131ya Dair *Kendini Bilmeye Dair *\u00d6\u011fretmeye Dair *Dostlu\u011fa Dair *Konu\u015fmaya Dair *Zamana Dair *\u0130yiye ve K\u00f6t\u00fcye Dair *Duaya Dair *Hazza Dair *G\u00fczelli\u011fe Dair *Dine Dair *\u00d6l\u00fcme Dair *Veda <\/p>\n","protected":false},"excerpt":{"rendered":"<p>\u201c\u0130nsan i\u00e7in t\u00fcm ama\u00e7lar\u0131n\u0131 susuzluktan \u00e7atlam\u0131\u015f dudaklara ve t\u00fcm ya\u015fam\u0131 bir \u00e7e\u015fmeye d\u00f6n\u00fc\u015ft\u00fcren bir arma\u011fandan daha b\u00fcy\u00fc\u011f\u00fc yoktur ku\u015fkusuz. Benim \u015ferefim ve \u00f6d\u00fcl\u00fcm i\u015fte bu arma\u011fanda<span class=\"excerpt-hellip\"> [\u2026]<\/span><\/p>\n","protected":false},"featured_media":0,"template":"","meta":{"_monsterinsights_skip_tracking":false,"_monsterinsights_sitenote_active":false,"_monsterinsights_sitenote_note":"","_monsterinsights_sitenote_category":0},"product_brand":[],"product_cat":[12291,26797],"product_tag":[],"class_list":{"0":"post-735111","1":"product","2":"type-product","3":"status-publish","5":"product_cat-edebiyat","6":"product_cat-modern-klasikler","7":"pa_cilt-ciltli","8":"pa_tur-kitap","9":"pa_yayinevi-is-bankasi-kultur-yayinlari","10":"pa_yazar-halil-cibran","12":"first","13":"instock","14":"sale","15":"shipping-taxable","16":"purchasable","17":"product-type-simple"},"_links":{"self":[{"href":"https:\/\/roveyayinevi.com.tr\/index.php\/wp-json\/wp\/v2\/product\/735111","targetHints":{"allow":["GET"]}}],"collection":[{"href":"https:\/\/roveyayinevi.com.tr\/index.php\/wp-json\/wp\/v2\/product"}],"about":[{"href":"https:\/\/roveyayinevi.com.tr\/index.php\/wp-json\/wp\/v2\/types\/product"}],"wp:attachment":[{"href":"https:\/\/roveyayinevi.com.tr\/index.php\/wp-json\/wp\/v2\/media?parent=735111"}],"wp:term":[{"taxonomy":"product_brand","embeddable":true,"href":"https:\/\/roveyayinevi.com.tr\/index.php\/wp-json\/wp\/v2\/product_brand?post=735111"},{"taxonomy":"product_cat","embeddable":true,"href":"https:\/\/roveyayinevi.com.tr\/index.php\/wp-json\/wp\/v2\/product_cat?post=735111"},{"taxonomy":"product_tag","embeddable":true,"href":"https:\/\/roveyayinevi.com.tr\/index.php\/wp-json\/wp\/v2\/product_tag?post=735111"}],"curies":[{"name":"wp","href":"https:\/\/api.w.org\/{rel}","templated":true}]}}