{"id":735110,"date":"2025-08-27T22:41:23","date_gmt":"2025-08-27T19:41:23","guid":{"rendered":"https:\/\/roveyayinevi.com.tr\/index.php\/urun\/zihin-tuzaklari\/"},"modified":"2025-09-13T17:56:51","modified_gmt":"2025-09-13T14:56:51","slug":"zihin-tuzaklari","status":"publish","type":"product","link":"https:\/\/roveyayinevi.com.tr\/index.php\/urun\/zihin-tuzaklari\/","title":{"rendered":"Zihin Tuzaklar\u0131"},"content":{"rendered":"<p>Aile ve ili\u015fki dan\u0131\u015fman\u0131 Serhat Yabanc\u0131, Zihin Tuzaklar\u0131\u2019nda kendi kazd\u0131\u011f\u0131m\u0131z \u00e7ukurlara nas\u0131l d\u00fc\u015ft\u00fc\u011f\u00fcm\u00fcz\u00fc ve oradan nas\u0131l \u00e7\u0131kaca\u011f\u0131m\u0131z\u0131 anlat\u0131yor. Zihin Tuzaklar\u0131 insan\u0131n ya\u015fad\u0131\u011f\u0131 duygusal a\u00e7mazlar\u0131 ele al\u0131yor ve kendinizle mutlu olman\u0131n re\u00e7etesini veriyor.   Kitab\u0131 okumaya ba\u015flamadan \u00f6nce bu KULLANMA TAL\u0130MATINI dikkatlice g\u00f6zden ge\u00e7iriniz. \u2022             Bu kitab\u0131 okuduktan sonra saklay\u0131n. Daha sonra tekrar okumaya ihtiya\u00e7 duyabilirsiniz. \u2022             Kitap hakk\u0131nda size \u00f6nerilen bir doz bulunmamakta. Diledi\u011finiz kadar okuyabilirsiniz.   1. Z\u0130H\u0130N TUZAKLARI nedir ve ne i\u00e7in kullan\u0131l\u0131r? Zihin Tuzaklar\u0131; de\u011fersizlik, yetersizlik, sevilmeme korkusu, yaln\u0131z kalma endi\u015fesi gibi hislerle bo\u011fu\u015fanlara \u00f6zel olarak, Serhat Yabanc\u0131 taraf\u0131ndan yaz\u0131lm\u0131\u015f bir kendine yard\u0131m kitab\u0131d\u0131r.   2. Z\u0130H\u0130N TUZAKLARI nas\u0131l kullan\u0131l\u0131r? Zihin Tuzaklar\u0131\u2019n\u0131 evde, yolda ya da rahat etti\u011finiz herhangi bir yerde okuyabilirsiniz. Tekrar okumaya ihtiya\u00e7 duydu\u011funuz takdirde kitaba yeniden ba\u015flayabilirsiniz. Daha etkili olmas\u0131 ad\u0131na kitaptaki sorulara cevap vermekten \u00e7ekinmeyiniz.   3. Olas\u0131 yan etkiler nelerdir? &#8211; Endi\u015felerden ar\u0131nma &#8211; \u00d6zg\u00fcven &#8211; \u00d6zsayg\u0131 &#8211; Kendin olma &#8211; Ger\u00e7ek mutluluk<\/p>\n","protected":false},"excerpt":{"rendered":"<p>Aile ve ili\u015fki dan\u0131\u015fman\u0131 Serhat Yabanc\u0131, Zihin Tuzaklar\u0131\u2019nda kendi kazd\u0131\u011f\u0131m\u0131z \u00e7ukurlara nas\u0131l d\u00fc\u015ft\u00fc\u011f\u00fcm\u00fcz\u00fc ve oradan nas\u0131l \u00e7\u0131kaca\u011f\u0131m\u0131z\u0131 anlat\u0131yor. Zihin Tuzaklar\u0131 insan\u0131n ya\u015fad\u0131\u011f\u0131 duygusal a\u00e7mazlar\u0131 ele al\u0131yor<span class=\"excerpt-hellip\"> [\u2026]<\/span><\/p>\n","protected":false},"featured_media":0,"template":"","meta":{"_monsterinsights_skip_tracking":false,"_monsterinsights_sitenote_active":false,"_monsterinsights_sitenote_note":"","_monsterinsights_sitenote_category":0},"product_brand":[],"product_cat":[12364,12376],"product_tag":[],"class_list":{"0":"post-735110","1":"product","2":"type-product","3":"status-publish","5":"product_cat-genel-konular","6":"product_cat-kisisel-gelisim","7":"pa_cilt-ciltsiz","8":"pa_tur-kitap","9":"pa_yayinevi-mona-kitap","10":"pa_yazar-serhat-yabanci","12":"first","13":"instock","14":"sale","15":"shipping-taxable","16":"purchasable","17":"product-type-simple"},"_links":{"self":[{"href":"https:\/\/roveyayinevi.com.tr\/index.php\/wp-json\/wp\/v2\/product\/735110","targetHints":{"allow":["GET"]}}],"collection":[{"href":"https:\/\/roveyayinevi.com.tr\/index.php\/wp-json\/wp\/v2\/product"}],"about":[{"href":"https:\/\/roveyayinevi.com.tr\/index.php\/wp-json\/wp\/v2\/types\/product"}],"wp:attachment":[{"href":"https:\/\/roveyayinevi.com.tr\/index.php\/wp-json\/wp\/v2\/media?parent=735110"}],"wp:term":[{"taxonomy":"product_brand","embeddable":true,"href":"https:\/\/roveyayinevi.com.tr\/index.php\/wp-json\/wp\/v2\/product_brand?post=735110"},{"taxonomy":"product_cat","embeddable":true,"href":"https:\/\/roveyayinevi.com.tr\/index.php\/wp-json\/wp\/v2\/product_cat?post=735110"},{"taxonomy":"product_tag","embeddable":true,"href":"https:\/\/roveyayinevi.com.tr\/index.php\/wp-json\/wp\/v2\/product_tag?post=735110"}],"curies":[{"name":"wp","href":"https:\/\/api.w.org\/{rel}","templated":true}]}}