{"id":735109,"date":"2025-08-27T22:41:22","date_gmt":"2025-08-27T19:41:22","guid":{"rendered":"https:\/\/roveyayinevi.com.tr\/index.php\/urun\/okuma-gunlugu-kuslu\/"},"modified":"2026-04-16T02:43:00","modified_gmt":"2026-04-15T23:43:00","slug":"okuma-gunlugu-kuslu","status":"publish","type":"product","link":"https:\/\/roveyayinevi.com.tr\/index.php\/urun\/okuma-gunlugu-kuslu\/","title":{"rendered":"Okuma G\u00fcnl\u00fc\u011f\u00fc (Ku\u015flu)"},"content":{"rendered":"<p>Kitap tutkunlar\u0131n\u0131n yeni okuma g\u00fcnl\u00fc\u011f\u00fc&#8230;Ziyaret etti\u011finiz kitaplar sizde nas\u0131l izler b\u0131rak\u0131yor? Kitaplar\u0131n i\u00e7 d\u00fcnyan\u0131zdaki yans\u0131malar\u0131n\u0131 yaz\u0131ya d\u00f6ker misiniz? Peki, bir okuma g\u00fcnl\u00fc\u011f\u00fc tutmak okuma al\u0131\u015fkanl\u0131klar\u0131n\u0131za neler katabilir?Okuma G\u00fcnl\u00fc\u011f\u00fc, okudu\u011funuz kitaba dair unutmak istemedi\u011finiz ayr\u0131nt\u0131lar\u0131, yorumlar\u0131, anahtar s\u00f6zc\u00fckleri, al\u0131nt\u0131lar\u0131 ve sizde uyand\u0131rd\u0131\u011f\u0131 \u00e7a\u011fr\u0131\u015f\u0131mlar\u0131 not edip y\u0131llar boyunca saklayabilmeniz i\u00e7in tasarlanan sade ve kullan\u0131\u015fl\u0131 bir g\u00fcnl\u00fck.\u0130zmirli sanat\u00e7\u0131 G\u00fcl\u00e7in G\u00fcnayd\u0131n&#8217;\u0131n imzas\u0131n\u0131 ta\u015f\u0131yan g\u00f6z al\u0131c\u0131 kapak tasar\u0131m\u0131yla dikkat \u00e7eken Okuma G\u00fcnl\u00fc\u011f\u00fc, kitap tutkunlar\u0131 i\u00e7in ho\u015f bir arma\u011fan se\u00e7ene\u011fi olarak da d\u00fc\u015f\u00fcn\u00fclebilir. Okuma yolculu\u011funuzdaki rotalar\u0131 ad\u0131m ad\u0131m izlemek i\u00e7in yeni bir zemin sunan Okuma G\u00fcnl\u00fc\u011f\u00fc, sayfa aralar\u0131nda Tim Parks&#8217;tan Ricardo Piglia&#8217;ya George Saunders&#8217;tan, Terry Pratchett&#8217;a farkl\u0131 yazarlar\u0131n okuma ve yazma \u00fczerine kaleme ald\u0131klar\u0131 k\u0131sa metinlere de yer veriyor. B\u00f6ylece okuman\u0131n pasif bir eylem olmad\u0131\u011f\u0131n\u0131n bir kez daha hat\u0131rlat\u0131ld\u0131\u011f\u0131 g\u00fcnl\u00fckte yol alan okurlar, etkin bir okur olabilmenin ayr\u0131cal\u0131\u011f\u0131n\u0131 ya\u015f\u0131yor.\u00d6zg\u00fcn tasar\u0131m\u0131 ve ciltli bask\u0131s\u0131yla ayr\u0131\u015fan Okuma G\u00fcnl\u00fc\u011f\u00fc, okurlar\u0131n ba\u015fucundan eksik etmeyece\u011fi ve y\u0131llar sonra okurun seyir defteri olarak belki de kitap gibi okuyacaklar\u0131 bir miras ayn\u0131 zamanda.<\/p>\n","protected":false},"excerpt":{"rendered":"<p>Kitap tutkunlar\u0131n\u0131n yeni okuma g\u00fcnl\u00fc\u011f\u00fc&#8230;Ziyaret etti\u011finiz kitaplar sizde nas\u0131l izler b\u0131rak\u0131yor? Kitaplar\u0131n i\u00e7 d\u00fcnyan\u0131zdaki yans\u0131malar\u0131n\u0131 yaz\u0131ya d\u00f6ker misiniz? Peki, bir okuma g\u00fcnl\u00fc\u011f\u00fc tutmak okuma al\u0131\u015fkanl\u0131klar\u0131n\u0131za neler<span class=\"excerpt-hellip\"> [\u2026]<\/span><\/p>\n","protected":false},"featured_media":0,"template":"","meta":{"_monsterinsights_skip_tracking":false,"_monsterinsights_sitenote_active":false,"_monsterinsights_sitenote_note":"","_monsterinsights_sitenote_category":0},"product_brand":[],"product_cat":[28265,15563],"product_tag":[],"class_list":{"0":"post-735109","1":"product","2":"type-product","3":"status-publish","5":"product_cat-diger-hobi","6":"product_cat-hobi","7":"pa_cilt-ciltli","8":"pa_tur-kitap","9":"pa_yayinevi-delidolu","10":"pa_yazar-delidolu-kolektif","12":"first","13":"instock","14":"sale","15":"shipping-taxable","16":"purchasable","17":"product-type-simple"},"_links":{"self":[{"href":"https:\/\/roveyayinevi.com.tr\/index.php\/wp-json\/wp\/v2\/product\/735109","targetHints":{"allow":["GET"]}}],"collection":[{"href":"https:\/\/roveyayinevi.com.tr\/index.php\/wp-json\/wp\/v2\/product"}],"about":[{"href":"https:\/\/roveyayinevi.com.tr\/index.php\/wp-json\/wp\/v2\/types\/product"}],"wp:attachment":[{"href":"https:\/\/roveyayinevi.com.tr\/index.php\/wp-json\/wp\/v2\/media?parent=735109"}],"wp:term":[{"taxonomy":"product_brand","embeddable":true,"href":"https:\/\/roveyayinevi.com.tr\/index.php\/wp-json\/wp\/v2\/product_brand?post=735109"},{"taxonomy":"product_cat","embeddable":true,"href":"https:\/\/roveyayinevi.com.tr\/index.php\/wp-json\/wp\/v2\/product_cat?post=735109"},{"taxonomy":"product_tag","embeddable":true,"href":"https:\/\/roveyayinevi.com.tr\/index.php\/wp-json\/wp\/v2\/product_tag?post=735109"}],"curies":[{"name":"wp","href":"https:\/\/api.w.org\/{rel}","templated":true}]}}