{"id":735108,"date":"2025-08-27T22:41:22","date_gmt":"2025-08-27T19:41:22","guid":{"rendered":"https:\/\/roveyayinevi.com.tr\/index.php\/urun\/uyku-2\/"},"modified":"2026-04-16T02:43:00","modified_gmt":"2026-04-15T23:43:00","slug":"uyku-2","status":"publish","type":"product","link":"https:\/\/roveyayinevi.com.tr\/index.php\/urun\/uyku-2\/","title":{"rendered":"Uyku"},"content":{"rendered":"<p>Uykunun seyir defterine ho\u015f geldiniz! \u2022 Neden uyuyoruz, nas\u0131l uyan\u0131yoruz? \u2022 Verimli bir uyku i\u00e7in ne yapmak gerekiyor? \u2022 Uykuda \u00f6\u011frenme olur mu? \u2022 S\u0131nav ba\u015far\u0131s\u0131na giden yolda uyku zaman\u0131 ve s\u00fcresi ne olmal\u0131d\u0131r? \u2022 Uyku ile kanser, obezite ve kalp krizi olu\u015fumu aras\u0131nda nas\u0131l bir ili\u015fki var? \u2022 G\u00fcnd\u00fcz uykusu yararl\u0131 m\u0131, zararl\u0131 m\u0131? \u2022 Uykuda y\u00fcr\u00fcme, konu\u015fma ve karabasan nas\u0131l olu\u015fuyor? \u2022 Daha az uyku ile daha fazla performans m\u00fcmk\u00fcn m\u00fc? \u2022 Uyku ile iyi hissetmek aras\u0131nda bir ili\u015fki var m\u0131? \u2022 Uykumuzun bozuk oldu\u011funu nas\u0131l anlar\u0131z? \u2022 Uyku, cinsel ya\u015fam\u0131 nas\u0131l etkiliyor? B\u00fct\u00fcn bu sorular\u0131n cevaplar\u0131n\u0131 bilimsel dayanaklar\u0131yla alaca\u011f\u0131n\u0131z bu kitab\u0131n uykunuza iyi gelmesi dile\u011fiyle, iyi okumalar.<\/p>\n","protected":false},"excerpt":{"rendered":"<p>Uykunun seyir defterine ho\u015f geldiniz! \u2022 Neden uyuyoruz, nas\u0131l uyan\u0131yoruz? \u2022 Verimli bir uyku i\u00e7in ne yapmak gerekiyor? \u2022 Uykuda \u00f6\u011frenme olur mu? \u2022 S\u0131nav ba\u015far\u0131s\u0131na<span class=\"excerpt-hellip\"> [\u2026]<\/span><\/p>\n","protected":false},"featured_media":0,"template":"","meta":{"_monsterinsights_skip_tracking":false,"_monsterinsights_sitenote_active":false,"_monsterinsights_sitenote_note":"","_monsterinsights_sitenote_category":0},"product_brand":[],"product_cat":[20502,12357],"product_tag":[],"class_list":{"0":"post-735108","1":"product","2":"type-product","3":"status-publish","5":"product_cat-basvuru-kitaplari-psikoloji","6":"product_cat-psikoloji","7":"pa_cilt-ciltsiz","8":"pa_tur-kitap","9":"pa_yayinevi-foliant-yayinlari","10":"pa_yazar-yavuz-selvi","12":"first","13":"instock","14":"sale","15":"shipping-taxable","16":"purchasable","17":"product-type-simple"},"_links":{"self":[{"href":"https:\/\/roveyayinevi.com.tr\/index.php\/wp-json\/wp\/v2\/product\/735108","targetHints":{"allow":["GET"]}}],"collection":[{"href":"https:\/\/roveyayinevi.com.tr\/index.php\/wp-json\/wp\/v2\/product"}],"about":[{"href":"https:\/\/roveyayinevi.com.tr\/index.php\/wp-json\/wp\/v2\/types\/product"}],"wp:attachment":[{"href":"https:\/\/roveyayinevi.com.tr\/index.php\/wp-json\/wp\/v2\/media?parent=735108"}],"wp:term":[{"taxonomy":"product_brand","embeddable":true,"href":"https:\/\/roveyayinevi.com.tr\/index.php\/wp-json\/wp\/v2\/product_brand?post=735108"},{"taxonomy":"product_cat","embeddable":true,"href":"https:\/\/roveyayinevi.com.tr\/index.php\/wp-json\/wp\/v2\/product_cat?post=735108"},{"taxonomy":"product_tag","embeddable":true,"href":"https:\/\/roveyayinevi.com.tr\/index.php\/wp-json\/wp\/v2\/product_tag?post=735108"}],"curies":[{"name":"wp","href":"https:\/\/api.w.org\/{rel}","templated":true}]}}