{"id":735104,"date":"2025-08-27T22:41:17","date_gmt":"2025-08-27T19:41:17","guid":{"rendered":"https:\/\/roveyayinevi.com.tr\/index.php\/urun\/ruhu-iyilestirme-yollari\/"},"modified":"2026-04-16T02:42:59","modified_gmt":"2026-04-15T23:42:59","slug":"ruhu-iyilestirme-yollari","status":"publish","type":"product","link":"https:\/\/roveyayinevi.com.tr\/index.php\/urun\/ruhu-iyilestirme-yollari\/","title":{"rendered":"Ruhu \u0130yile\u015ftirme Yollar\u0131"},"content":{"rendered":"<p>\u201cSevgili dostum; d\u00fcnyaya gelirken hi\u00e7birimiz sonsuz mutluluk, daim\u00ee huzur, baht a\u00e7\u0131kl\u0131\u011f\u0131 ya da maddi rahatl\u0131k i\u00e7in bir s\u00f6zle\u015fme imzalamad\u0131k. Kimseden i\u015flerin yolunda gidece\u011fine dair bir garanti ya da s\u00f6z almad\u0131k. Sadece do\u011fduk. Geldi\u011fimiz bu d\u00fcnyada mutluluk kadar mutsuzlu\u011fa da yer vard\u0131, hem de fazlas\u0131yla. Ama biz hep kolaya ka\u00e7\u0131p mutlu olmak istedik. G\u00fclmek, sevilmek, kazanmak, ba\u015farmak, iyi hissetmek, g\u00fczel g\u00f6r\u00fcnmek istedik. Oysa d\u00fcnyada a\u011flamak, sevilmemek, kaybetmek, ba\u015far\u0131s\u0131z olmak, k\u00f6t\u00fc hissetmek, g\u00fczel g\u00f6r\u00fcnmemek de vard\u0131. Ve mutluluk kadar mutsuzluk da bu d\u00fcnyaya aitti, bu d\u00fcnyan\u0131n par\u00e7as\u0131yd\u0131. Biz bu par\u00e7ay\u0131 reddediyoruz. D\u00fcnyan\u0131n tamam\u0131n\u0131 kabullenmek yerine karanl\u0131k ve zor k\u0131sm\u0131n\u0131 g\u00f6rmezden gelip kendimizi sonsuz mutlulu\u011fun kollar\u0131nda bulmak istiyoruz.\u201d   Ruhu \u0130yile\u015ftirme Yollar\u0131\u2019nda Klinik Psikolog G\u00f6khan Erg\u00fcr, terapi ve ya\u015fam deneyimlerinden yola \u00e7\u0131karak, d\u00fcnyan\u0131n ve insanlar\u0131n incitti\u011fi t\u00fcm k\u0131rg\u0131n ruhlara iyile\u015febilme tavsiyelerinde bulunuyor.    Unutmay\u0131n: Ba\u015f\u0131m\u0131za gelenlerden her zaman biz sorumlu de\u011filiz ama ba\u015f\u0131m\u0131za gelenlerle ne yapaca\u011f\u0131m\u0131z her zaman bizim sorumlulu\u011fumuzdad\u0131r.<\/p>\n","protected":false},"excerpt":{"rendered":"<p>\u201cSevgili dostum; d\u00fcnyaya gelirken hi\u00e7birimiz sonsuz mutluluk, daim\u00ee huzur, baht a\u00e7\u0131kl\u0131\u011f\u0131 ya da maddi rahatl\u0131k i\u00e7in bir s\u00f6zle\u015fme imzalamad\u0131k. Kimseden i\u015flerin yolunda gidece\u011fine dair bir garanti<span class=\"excerpt-hellip\"> [\u2026]<\/span><\/p>\n","protected":false},"featured_media":0,"template":"","meta":{"_monsterinsights_skip_tracking":false,"_monsterinsights_sitenote_active":false,"_monsterinsights_sitenote_note":"","_monsterinsights_sitenote_category":0},"product_brand":[],"product_cat":[12755,12357],"product_tag":[],"class_list":{"0":"post-735104","1":"product","2":"type-product","3":"status-publish","5":"product_cat-gelisim-psikolojisi","6":"product_cat-psikoloji","7":"pa_cilt-ciltsiz","8":"pa_tur-kitap","9":"pa_yayinevi-profil-kitap","10":"pa_yazar-gokhan-ergur","12":"first","13":"instock","14":"sale","15":"shipping-taxable","16":"purchasable","17":"product-type-simple"},"_links":{"self":[{"href":"https:\/\/roveyayinevi.com.tr\/index.php\/wp-json\/wp\/v2\/product\/735104","targetHints":{"allow":["GET"]}}],"collection":[{"href":"https:\/\/roveyayinevi.com.tr\/index.php\/wp-json\/wp\/v2\/product"}],"about":[{"href":"https:\/\/roveyayinevi.com.tr\/index.php\/wp-json\/wp\/v2\/types\/product"}],"wp:attachment":[{"href":"https:\/\/roveyayinevi.com.tr\/index.php\/wp-json\/wp\/v2\/media?parent=735104"}],"wp:term":[{"taxonomy":"product_brand","embeddable":true,"href":"https:\/\/roveyayinevi.com.tr\/index.php\/wp-json\/wp\/v2\/product_brand?post=735104"},{"taxonomy":"product_cat","embeddable":true,"href":"https:\/\/roveyayinevi.com.tr\/index.php\/wp-json\/wp\/v2\/product_cat?post=735104"},{"taxonomy":"product_tag","embeddable":true,"href":"https:\/\/roveyayinevi.com.tr\/index.php\/wp-json\/wp\/v2\/product_tag?post=735104"}],"curies":[{"name":"wp","href":"https:\/\/api.w.org\/{rel}","templated":true}]}}