{"id":735100,"date":"2025-08-27T22:41:13","date_gmt":"2025-08-27T19:41:13","guid":{"rendered":"https:\/\/roveyayinevi.com.tr\/index.php\/urun\/islam-ulkelerindeki-sorunlarin-siyasal-analizi\/"},"modified":"2026-04-16T02:42:59","modified_gmt":"2026-04-15T23:42:59","slug":"islam-ulkelerindeki-sorunlarin-siyasal-analizi","status":"publish","type":"product","link":"https:\/\/roveyayinevi.com.tr\/index.php\/urun\/islam-ulkelerindeki-sorunlarin-siyasal-analizi\/","title":{"rendered":"\u0130slam \u00dclkelerindeki Sorunlar\u0131n Siyasal Analizi"},"content":{"rendered":"<p>Orta Do\u011fu semavi dinlerin \u00e7\u0131k\u0131\u015f yeri olmas\u0131 nedeniyle e\u015fsiz bir \u00f6neme sahiptir. Orta Do\u011fu\u2019da ba\u015flat\u0131lan etnik ve mezhepsel ayr\u0131l\u0131klara dini farkl\u0131l\u0131klar\u0131n da eklenmesiyle b\u00f6lge karma\u015f\u0131k bir yap\u0131ya d\u00f6n\u00fc\u015fm\u00fc\u015ft\u00fcr. Bu durum y\u00fczy\u0131llard\u0131r devam eden dinsel m\u00fccadelelerin daha fazla insan hayat\u0131na mal olmas\u0131na neden olmu\u015ftur. Bu \u00e7al\u0131\u015fmayla emperyalizm ile dinler aras\u0131 m\u00fccadelelerden do\u011fan sorunlar\u0131n yaratt\u0131\u011f\u0131 katliamlar incelenmi\u015ftir. Bu \u00e7al\u0131\u015fmada, g\u00fcn\u00fcm\u00fczde \u0130slam \u00fclkelerinde ya\u015fanan siyasi olaylar\u0131n nedenleri ve sonu\u00e7lar\u0131, g\u00f6rsel ve yaz\u0131l\u0131 belgeler ile de\u011ferli okuyucular\u0131m\u0131za aktar\u0131lmaya \u00e7al\u0131\u015f\u0131lm\u0131\u015ft\u0131r. <\/p>\n","protected":false},"excerpt":{"rendered":"<p>Orta Do\u011fu semavi dinlerin \u00e7\u0131k\u0131\u015f yeri olmas\u0131 nedeniyle e\u015fsiz bir \u00f6neme sahiptir. Orta Do\u011fu\u2019da ba\u015flat\u0131lan etnik ve mezhepsel ayr\u0131l\u0131klara dini farkl\u0131l\u0131klar\u0131n da eklenmesiyle b\u00f6lge karma\u015f\u0131k bir<span class=\"excerpt-hellip\"> [\u2026]<\/span><\/p>\n","protected":false},"featured_media":0,"template":"","meta":{"_monsterinsights_skip_tracking":false,"_monsterinsights_sitenote_active":false,"_monsterinsights_sitenote_note":"","_monsterinsights_sitenote_category":0},"product_brand":[],"product_cat":[13590,12337],"product_tag":[],"class_list":{"0":"post-735100","1":"product","2":"type-product","3":"status-publish","5":"product_cat-arastirma-inceleme-politika-siyaset","6":"product_cat-politika-siyaset","7":"pa_cilt-ciltsiz","8":"pa_tur-kitap","9":"pa_yayinevi-luna-yayinlari","10":"pa_yazar-mehmet-aziz-tek","12":"first","13":"instock","14":"sale","15":"shipping-taxable","16":"purchasable","17":"product-type-simple"},"_links":{"self":[{"href":"https:\/\/roveyayinevi.com.tr\/index.php\/wp-json\/wp\/v2\/product\/735100","targetHints":{"allow":["GET"]}}],"collection":[{"href":"https:\/\/roveyayinevi.com.tr\/index.php\/wp-json\/wp\/v2\/product"}],"about":[{"href":"https:\/\/roveyayinevi.com.tr\/index.php\/wp-json\/wp\/v2\/types\/product"}],"wp:attachment":[{"href":"https:\/\/roveyayinevi.com.tr\/index.php\/wp-json\/wp\/v2\/media?parent=735100"}],"wp:term":[{"taxonomy":"product_brand","embeddable":true,"href":"https:\/\/roveyayinevi.com.tr\/index.php\/wp-json\/wp\/v2\/product_brand?post=735100"},{"taxonomy":"product_cat","embeddable":true,"href":"https:\/\/roveyayinevi.com.tr\/index.php\/wp-json\/wp\/v2\/product_cat?post=735100"},{"taxonomy":"product_tag","embeddable":true,"href":"https:\/\/roveyayinevi.com.tr\/index.php\/wp-json\/wp\/v2\/product_tag?post=735100"}],"curies":[{"name":"wp","href":"https:\/\/api.w.org\/{rel}","templated":true}]}}