{"id":735097,"date":"2025-08-27T22:41:09","date_gmt":"2025-08-27T19:41:09","guid":{"rendered":"https:\/\/roveyayinevi.com.tr\/index.php\/urun\/iki-dilli-toplumlarda-deginim-kaynakli-dil-asinmasi-iranda-turkce-farsca-iki-dilliligi-uzerine\/"},"modified":"2026-04-16T02:42:59","modified_gmt":"2026-04-15T23:42:59","slug":"iki-dilli-toplumlarda-deginim-kaynakli-dil-asinmasi-iranda-turkce-farsca-iki-dilliligi-uzerine","status":"publish","type":"product","link":"https:\/\/roveyayinevi.com.tr\/index.php\/urun\/iki-dilli-toplumlarda-deginim-kaynakli-dil-asinmasi-iranda-turkce-farsca-iki-dilliligi-uzerine\/","title":{"rendered":"\u0130ki Dilli Toplumlarda De\u011finim Kaynakl\u0131 Dil A\u015f\u0131nmas\u0131 &#8211; \u0130ran&#8217;da T\u00fcrk\u00e7e-Fars\u00e7a \u0130ki Dillili\u011fi \u00dczerine"},"content":{"rendered":"<p>1.      B\u0130R\u0130NC\u0130 B\u00d6L\u00dcM 1.1.   Giri\u015f 2.      \u0130K\u0130NC\u0130 B\u00d6L\u00dcM 2.1.   Dil A\u015f\u0131nmas\u0131 2.2.   Dil A\u015f\u0131nmas\u0131 ve \u0130ki Dillilik 2.3.   Dil A\u015f\u0131nmas\u0131 ve Dil Etkile\u015fimi 2.4.   Dil A\u015f\u0131nmas\u0131 \u00c7al\u0131\u015fmalar\u0131nda Kullan\u0131lan Kuramlar ve Denenceler 3.      \u00dc\u00c7\u00dcNC\u00dc B\u00d6L\u00dcM 3.1.   ARA\u015eTIRMANIN Y\u00d6NTEM\u0130 VE BULGULARI 3.2.   Ana \u00c7al\u0131\u015fman\u0131n Veri Toplama Y\u00f6ntemi 3.3.   Ana \u00c7al\u0131\u015fman\u0131n Veri \u00c7\u00f6z\u00fcmleme Y\u00f6ntemi 3.4.   Verinin Say\u0131sal \u00c7\u00f6z\u00fcmlemesi 4.      D\u00d6RD\u00dcNC\u00dc B\u00d6L\u00dcM 4.1.   DE\u011eERLEND\u0130RME 5.      BE\u015e\u0130NC\u0130 B\u00d6L\u00dcM SONU\u00c7<\/p>\n","protected":false},"excerpt":{"rendered":"<p>1. B\u0130R\u0130NC\u0130 B\u00d6L\u00dcM 1.1. Giri\u015f 2. \u0130K\u0130NC\u0130 B\u00d6L\u00dcM 2.1. Dil A\u015f\u0131nmas\u0131 2.2. Dil A\u015f\u0131nmas\u0131 ve \u0130ki Dillilik 2.3. Dil A\u015f\u0131nmas\u0131 ve Dil Etkile\u015fimi 2.4. Dil A\u015f\u0131nmas\u0131<span class=\"excerpt-hellip\"> [\u2026]<\/span><\/p>\n","protected":false},"featured_media":0,"template":"","meta":{"_monsterinsights_skip_tracking":false,"_monsterinsights_sitenote_active":false,"_monsterinsights_sitenote_note":"","_monsterinsights_sitenote_category":0},"product_brand":[],"product_cat":[20225,12291],"product_tag":[],"class_list":{"0":"post-735097","1":"product","2":"type-product","3":"status-publish","5":"product_cat-dil-bilim","6":"product_cat-edebiyat","7":"pa_cilt-ciltsiz","8":"pa_tur-kitap","9":"pa_yayinevi-gazi-kitabevi","10":"pa_yazar-robabeh-taghizadehzonuz","12":"first","13":"instock","14":"sale","15":"shipping-taxable","16":"purchasable","17":"product-type-simple"},"_links":{"self":[{"href":"https:\/\/roveyayinevi.com.tr\/index.php\/wp-json\/wp\/v2\/product\/735097","targetHints":{"allow":["GET"]}}],"collection":[{"href":"https:\/\/roveyayinevi.com.tr\/index.php\/wp-json\/wp\/v2\/product"}],"about":[{"href":"https:\/\/roveyayinevi.com.tr\/index.php\/wp-json\/wp\/v2\/types\/product"}],"wp:attachment":[{"href":"https:\/\/roveyayinevi.com.tr\/index.php\/wp-json\/wp\/v2\/media?parent=735097"}],"wp:term":[{"taxonomy":"product_brand","embeddable":true,"href":"https:\/\/roveyayinevi.com.tr\/index.php\/wp-json\/wp\/v2\/product_brand?post=735097"},{"taxonomy":"product_cat","embeddable":true,"href":"https:\/\/roveyayinevi.com.tr\/index.php\/wp-json\/wp\/v2\/product_cat?post=735097"},{"taxonomy":"product_tag","embeddable":true,"href":"https:\/\/roveyayinevi.com.tr\/index.php\/wp-json\/wp\/v2\/product_tag?post=735097"}],"curies":[{"name":"wp","href":"https:\/\/api.w.org\/{rel}","templated":true}]}}