{"id":735096,"date":"2025-08-27T22:41:08","date_gmt":"2025-08-27T19:41:08","guid":{"rendered":"https:\/\/roveyayinevi.com.tr\/index.php\/urun\/eskisehirin-demokrasi-seruveni-1946-1960\/"},"modified":"2026-04-16T02:42:59","modified_gmt":"2026-04-15T23:42:59","slug":"eskisehirin-demokrasi-seruveni-1946-1960","status":"publish","type":"product","link":"https:\/\/roveyayinevi.com.tr\/index.php\/urun\/eskisehirin-demokrasi-seruveni-1946-1960\/","title":{"rendered":"Eski\u015fehir&#8217;in Demokrasi Ser\u00fcveni (1946-1960)"},"content":{"rendered":"<p>1.      G\u0130R\u0130\u015e ESK\u0130\u00c7A\u011eLARDAN CUMHUR\u0130YET\u0130N \u0130LK YILLARINA ESK\u0130\u015eEH\u0130R 2.      1. B\u00d6L\u00dcM T\u00dcRK\u0130YE\u2019DE \u00c7OK PART\u0130L\u0130 HAYATA GE\u00c7\u0130\u015e S\u00dcREC\u0130 3.      2. B\u00d6L\u00dcM ESK\u0130\u015eEH\u0130R\u2019DE \u00c7OK PART\u0130L\u0130 HAYATIN BA\u015eLAMASI 4.      3. B\u00d6L\u00dcM DEMOKRAT PART\u0130\u2019N\u0130N \u0130K\u0130NC\u0130 ve \u00dc\u00c7\u00dcNC\u00dc D\u00d6NEM\u0130NDE ESK\u0130\u015eEH\u0130R 4. B\u00d6L\u00dcM 27 MAYIS DARBES\u0130 ve ESK\u0130\u015eEH\u0130R<\/p>\n","protected":false},"excerpt":{"rendered":"<p>1. G\u0130R\u0130\u015e ESK\u0130\u00c7A\u011eLARDAN CUMHUR\u0130YET\u0130N \u0130LK YILLARINA ESK\u0130\u015eEH\u0130R 2. 1. B\u00d6L\u00dcM T\u00dcRK\u0130YE\u2019DE \u00c7OK PART\u0130L\u0130 HAYATA GE\u00c7\u0130\u015e S\u00dcREC\u0130 3. 2. B\u00d6L\u00dcM ESK\u0130\u015eEH\u0130R\u2019DE \u00c7OK PART\u0130L\u0130 HAYATIN BA\u015eLAMASI 4. 3.<span class=\"excerpt-hellip\"> [\u2026]<\/span><\/p>\n","protected":false},"featured_media":0,"template":"","meta":{"_monsterinsights_skip_tracking":false,"_monsterinsights_sitenote_active":false,"_monsterinsights_sitenote_note":"","_monsterinsights_sitenote_category":0},"product_brand":[],"product_cat":[12304,13650],"product_tag":[],"class_list":{"0":"post-735096","1":"product","2":"type-product","3":"status-publish","5":"product_cat-tarih","6":"product_cat-turk-tarihi-arastirmalari","7":"pa_cilt-ciltsiz","8":"pa_tur-kitap","9":"pa_yayinevi-gazi-kitabevi","10":"pa_yazar-caghan-sari","12":"first","13":"instock","14":"sale","15":"shipping-taxable","16":"purchasable","17":"product-type-simple"},"_links":{"self":[{"href":"https:\/\/roveyayinevi.com.tr\/index.php\/wp-json\/wp\/v2\/product\/735096","targetHints":{"allow":["GET"]}}],"collection":[{"href":"https:\/\/roveyayinevi.com.tr\/index.php\/wp-json\/wp\/v2\/product"}],"about":[{"href":"https:\/\/roveyayinevi.com.tr\/index.php\/wp-json\/wp\/v2\/types\/product"}],"wp:attachment":[{"href":"https:\/\/roveyayinevi.com.tr\/index.php\/wp-json\/wp\/v2\/media?parent=735096"}],"wp:term":[{"taxonomy":"product_brand","embeddable":true,"href":"https:\/\/roveyayinevi.com.tr\/index.php\/wp-json\/wp\/v2\/product_brand?post=735096"},{"taxonomy":"product_cat","embeddable":true,"href":"https:\/\/roveyayinevi.com.tr\/index.php\/wp-json\/wp\/v2\/product_cat?post=735096"},{"taxonomy":"product_tag","embeddable":true,"href":"https:\/\/roveyayinevi.com.tr\/index.php\/wp-json\/wp\/v2\/product_tag?post=735096"}],"curies":[{"name":"wp","href":"https:\/\/api.w.org\/{rel}","templated":true}]}}