{"id":735093,"date":"2025-08-27T22:41:05","date_gmt":"2025-08-27T19:41:05","guid":{"rendered":"https:\/\/roveyayinevi.com.tr\/index.php\/urun\/uluslararasi-karsilastirmali-spor-yonetim-sistemleri\/"},"modified":"2026-04-16T02:42:59","modified_gmt":"2026-04-15T23:42:59","slug":"uluslararasi-karsilastirmali-spor-yonetim-sistemleri","status":"publish","type":"product","link":"https:\/\/roveyayinevi.com.tr\/index.php\/urun\/uluslararasi-karsilastirmali-spor-yonetim-sistemleri\/","title":{"rendered":"Uluslararas\u0131 Kar\u015f\u0131la\u015ft\u0131rmal\u0131 Spor Y\u00f6netim Sistemleri"},"content":{"rendered":"<p>1.      I. B\u00d6L\u00dcM 1.1.   \u00d6RG\u00dcTLENME VE Y\u00d6NET\u0130M\u0130N ANLAMI VE TANIMI 1.2.   Y\u00d6NET\u0130M YAKLA\u015eIMLARI VE TAR\u0130HSEL GEL\u0130\u015e\u0130M\u0130 2.      II. B\u00d6L\u00dcM 2.1.   SPOR Y\u00d6NET\u0130M\u0130 ANLAMI VE TANIMI 3.      III. B\u00d6L\u00dcM 3.1.   KAR\u015eILA\u015eTIRMALI SPOR Y\u00d6NET\u0130M S\u0130STEMLER\u0130NE \u0130L\u0130\u015eK\u0130N TANIMLAR 3.2.   S\u0130STEM KAVRAM VE TANIMIKAR\u015eILA\u015eTIRMALI SPOR Y\u00d6NET\u0130M S\u0130STEM\u0130N\u0130N \u00d6NEM\u0130 3.3.   KAR\u015eILA\u015eTIRMALI ARA\u015eTIRMALARDA KULLANILAN Y\u00d6NTEMLER\u0130 3.4.   KAR\u015eILA\u015eTIRMALI SPOR Y\u00d6NET\u0130M S\u0130STEMLER\u0130 KONUSUNDA YAPILAN BAZI ULUSAL VE ULUSLARARASI \u00c7ALI\u015eMALAR 4.      IV. B\u00d6L\u00dcM KAR\u015eILA\u015eTIRILAN \u00dcLKELER <\/p>\n","protected":false},"excerpt":{"rendered":"<p>1. I. B\u00d6L\u00dcM 1.1. \u00d6RG\u00dcTLENME VE Y\u00d6NET\u0130M\u0130N ANLAMI VE TANIMI 1.2. Y\u00d6NET\u0130M YAKLA\u015eIMLARI VE TAR\u0130HSEL GEL\u0130\u015e\u0130M\u0130 2. II. B\u00d6L\u00dcM 2.1. SPOR Y\u00d6NET\u0130M\u0130 ANLAMI VE TANIMI 3.<span class=\"excerpt-hellip\"> [\u2026]<\/span><\/p>\n","protected":false},"featured_media":0,"template":"","meta":{"_monsterinsights_skip_tracking":false,"_monsterinsights_sitenote_active":false,"_monsterinsights_sitenote_note":"","_monsterinsights_sitenote_category":0},"product_brand":[],"product_cat":[15563,15564],"product_tag":[],"class_list":{"0":"post-735093","1":"product","2":"type-product","3":"status-publish","5":"product_cat-hobi","6":"product_cat-spor","7":"pa_cilt-ciltsiz","8":"pa_tur-kitap","9":"pa_yayinevi-gazi-kitabevi","10":"pa_yazar-hakan-sunay","12":"first","13":"instock","14":"sale","15":"shipping-taxable","16":"purchasable","17":"product-type-simple"},"_links":{"self":[{"href":"https:\/\/roveyayinevi.com.tr\/index.php\/wp-json\/wp\/v2\/product\/735093","targetHints":{"allow":["GET"]}}],"collection":[{"href":"https:\/\/roveyayinevi.com.tr\/index.php\/wp-json\/wp\/v2\/product"}],"about":[{"href":"https:\/\/roveyayinevi.com.tr\/index.php\/wp-json\/wp\/v2\/types\/product"}],"wp:attachment":[{"href":"https:\/\/roveyayinevi.com.tr\/index.php\/wp-json\/wp\/v2\/media?parent=735093"}],"wp:term":[{"taxonomy":"product_brand","embeddable":true,"href":"https:\/\/roveyayinevi.com.tr\/index.php\/wp-json\/wp\/v2\/product_brand?post=735093"},{"taxonomy":"product_cat","embeddable":true,"href":"https:\/\/roveyayinevi.com.tr\/index.php\/wp-json\/wp\/v2\/product_cat?post=735093"},{"taxonomy":"product_tag","embeddable":true,"href":"https:\/\/roveyayinevi.com.tr\/index.php\/wp-json\/wp\/v2\/product_tag?post=735093"}],"curies":[{"name":"wp","href":"https:\/\/api.w.org\/{rel}","templated":true}]}}