{"id":735092,"date":"2025-08-27T22:41:04","date_gmt":"2025-08-27T19:41:04","guid":{"rendered":"https:\/\/roveyayinevi.com.tr\/index.php\/urun\/simdinin-gucu-gunlugu\/"},"modified":"2026-04-16T02:42:59","modified_gmt":"2026-04-15T23:42:59","slug":"simdinin-gucu-gunlugu","status":"publish","type":"product","link":"https:\/\/roveyayinevi.com.tr\/index.php\/urun\/simdinin-gucu-gunlugu\/","title":{"rendered":"\u015eimdi\u2019nin G\u00fcc\u00fc G\u00fcnl\u00fc\u011f\u00fc"},"content":{"rendered":"<p>\u201cBen insan bilincinin \u00e7ok derin bir de\u011fi\u015fim ve d\u00f6n\u00fc\u015f\u00fcm\u00fcnden s\u00f6z ediyorum. Bu hemen \u015fimdi ger\u00e7ekle\u015ftirebilece\u011finiz bir olas\u0131l\u0131kt\u0131r\u201d Bu g\u00fcnl\u00fck, \u015eimdi\u2019nin G\u00fcc\u00fc\u2019nden baz\u0131 i\u00e7g\u00f6r\u00fc dolu ve ya\u015fam de\u011fi\u015ftirici al\u0131nt\u0131lar \u00fczerinde d\u00fc\u015f\u00fcnmeniz ve sonra bu sayfalara kendi d\u00fc\u015f\u00fcncelerinizi yazman\u0131z i\u00e7in harika bir yol sunmaktad\u0131r. \u201cBir simyac\u0131 haline gelin. Adi metali alt\u0131na, \u0131st\u0131rab\u0131 bilince, fel\u00e2keti ayd\u0131nlanmaya d\u00f6n\u00fc\u015ft\u00fcr\u00fcn.\u201d \u201cBu g\u00fcnl\u00fck, y\u00fcksek nitelikli bir \u015eimdi\u2019nin G\u00fcc\u00fc gereci. Her sayfa sanatsal bir bi\u00e7imde olu\u015fturulmu\u015f ve okuru \u015eimdi\u2019ye girip ortaya \u00e7\u0131kan \u015feyi yazmaya y\u00f6nlendiren al\u0131nt\u0131lar sunuyor. Bu kitab\u0131 kuvvetle tavsiye ederim.\u201d \u201cBu g\u00fcnl\u00fc\u011fe onun ilham etti\u011fi kendi d\u00fc\u015f\u00fcncelerimi yazmak \u00e7ok ho\u015fuma gidiyor. Bu, kendini arayan ve \u015eimdi\u2019de kalmaya \u00e7al\u0131\u015fan herkes i\u00e7in m\u00fckemmel bir rehber.\u201d \u201cBu kitaptaki al\u0131nt\u0131lar ve resimler beni zihnen ve ruhen rahatlat\u0131yor ve ola\u011fan\u00fcst\u00fc bir ilham veriyor.\u201d \u201cBu beni zihin faaliyetimin d\u0131\u015f\u0131na \u00e7\u0131karan ve bir\u00e7ok ki\u015fiye hediye etti\u011fim ilham verici bir kitap.\u201d \u201cBu g\u00fcnl\u00fc\u011f\u00fc \u00e7ok sevdim. Resimler ola\u011fan\u00fcst\u00fc g\u00fczel ve s\u00f6zler de \u015eimdi\u2019nin G\u00fcc\u00fc\u2019n\u00fcn derinden hissedilen ger\u00e7e\u011fini yans\u0131t\u0131yor.\u201d \u201cBu kitab\u0131 ba\u015fucumda tutup her g\u00fcn okuyorum. O bize ya\u015fad\u0131\u011f\u0131m\u0131z anda mevcut olmay\u0131, \u015eimdi\u2019de ya\u015famay\u0131 harika bir bi\u00e7imde hat\u0131rlat\u0131yor.\u201d \u201cBu g\u00fcnl\u00fck, \u015eimdi\u2019nin G\u00fcc\u00fc\u2019n\u00fcn anahtar noktalar\u0131n\u0131 etkili bir bi\u00e7imde vurguluyor.\u201d<\/p>\n","protected":false},"excerpt":{"rendered":"<p>\u201cBen insan bilincinin \u00e7ok derin bir de\u011fi\u015fim ve d\u00f6n\u00fc\u015f\u00fcm\u00fcnden s\u00f6z ediyorum. Bu hemen \u015fimdi ger\u00e7ekle\u015ftirebilece\u011finiz bir olas\u0131l\u0131kt\u0131r\u201d Bu g\u00fcnl\u00fck, \u015eimdi\u2019nin G\u00fcc\u00fc\u2019nden baz\u0131 i\u00e7g\u00f6r\u00fc dolu ve ya\u015fam<span class=\"excerpt-hellip\"> [\u2026]<\/span><\/p>\n","protected":false},"featured_media":0,"template":"","meta":{"_monsterinsights_skip_tracking":false,"_monsterinsights_sitenote_active":false,"_monsterinsights_sitenote_note":"","_monsterinsights_sitenote_category":0},"product_brand":[],"product_cat":[12364,12376],"product_tag":[],"class_list":{"0":"post-735092","1":"product","2":"type-product","3":"status-publish","5":"product_cat-genel-konular","6":"product_cat-kisisel-gelisim","7":"pa_cilt-ciltsiz","8":"pa_tur-kitap","9":"pa_yayinevi-akasa-yayinlari","10":"pa_yazar-eckhart-tolle","12":"first","13":"instock","14":"sale","15":"shipping-taxable","16":"purchasable","17":"product-type-simple"},"_links":{"self":[{"href":"https:\/\/roveyayinevi.com.tr\/index.php\/wp-json\/wp\/v2\/product\/735092","targetHints":{"allow":["GET"]}}],"collection":[{"href":"https:\/\/roveyayinevi.com.tr\/index.php\/wp-json\/wp\/v2\/product"}],"about":[{"href":"https:\/\/roveyayinevi.com.tr\/index.php\/wp-json\/wp\/v2\/types\/product"}],"wp:attachment":[{"href":"https:\/\/roveyayinevi.com.tr\/index.php\/wp-json\/wp\/v2\/media?parent=735092"}],"wp:term":[{"taxonomy":"product_brand","embeddable":true,"href":"https:\/\/roveyayinevi.com.tr\/index.php\/wp-json\/wp\/v2\/product_brand?post=735092"},{"taxonomy":"product_cat","embeddable":true,"href":"https:\/\/roveyayinevi.com.tr\/index.php\/wp-json\/wp\/v2\/product_cat?post=735092"},{"taxonomy":"product_tag","embeddable":true,"href":"https:\/\/roveyayinevi.com.tr\/index.php\/wp-json\/wp\/v2\/product_tag?post=735092"}],"curies":[{"name":"wp","href":"https:\/\/api.w.org\/{rel}","templated":true}]}}