{"id":735091,"date":"2025-08-27T22:41:03","date_gmt":"2025-08-27T19:41:03","guid":{"rendered":"https:\/\/roveyayinevi.com.tr\/index.php\/urun\/korkuyu-bekleyenler\/"},"modified":"2026-04-16T02:42:59","modified_gmt":"2026-04-15T23:42:59","slug":"korkuyu-bekleyenler","status":"publish","type":"product","link":"https:\/\/roveyayinevi.com.tr\/index.php\/urun\/korkuyu-bekleyenler\/","title":{"rendered":"Korkuyu Bekleyenler"},"content":{"rendered":"<p>Hakan Balc\u0131 ve Zeynep \u00c7olako\u011flu, derin bir karanl\u0131kta aralanan kap\u0131dan, i\u00e7eriyi merak ettiren \u00f6yk\u00fcleri birlikte yazd\u0131lar. Karanl\u0131k sadece kendi varl\u0131\u011f\u0131na sayg\u0131s\u0131 olan bir yarat\u0131k m\u0131? K\u00e2buslar ve \u00f6ld\u00fcrme iste\u011fini kim kam\u00e7\u0131l\u0131yor?  D\u00fc\u015f ile evrenin karde\u015f oldu\u011fu bu \u00f6yk\u00fclerde \u00e7a\u011fr\u0131\u015f\u0131mlar\u0131n, kimi zaman \u00e7ok sessiz dokunu\u015flar\u0131na, kimi zaman da g\u00fcr\u00fclt\u00fcyle akan \u00fcrpertisine tan\u0131kl\u0131k edeceksiniz. Karanl\u0131k, sessizlik, ku\u015fku \u00fc\u00e7geninde yarat\u0131lan bo\u015fluklarla, \u00f6l\u00fcm\u00fcn kime yak\u0131\u015ft\u0131\u011f\u0131n\u0131 d\u00fc\u015f\u00fcn\u00fcrken bulacaks\u0131n\u0131z kendinizi. Birdenbire ger\u00e7e\u011fe d\u00f6nmek istedi\u011finizde de ecelin y\u00fcz\u00fc olmayan g\u00f6lgesinin, g\u00f6zlerinize bakt\u0131\u011f\u0131n\u0131 hissedeceksiniz. \u0130\u00e7inde ya\u015fanan zaman\u0131n gizemli boyutlar\u0131n\u0131, kilitsiz dev binalar\u0131n sonu olmayan odalar\u0131nda dola\u015farak fark edeceksiniz. Ger\u00e7ekle d\u00fc\u015f\u00fcn \u00e7at\u0131\u015ft\u0131\u011f\u0131, bilinmeyene yolculuktur \u201cKorkuyu Bekleyenler.\u201d Mine \u00d6mer<\/p>\n","protected":false},"excerpt":{"rendered":"<p>Hakan Balc\u0131 ve Zeynep \u00c7olako\u011flu, derin bir karanl\u0131kta aralanan kap\u0131dan, i\u00e7eriyi merak ettiren \u00f6yk\u00fcleri birlikte yazd\u0131lar. Karanl\u0131k sadece kendi varl\u0131\u011f\u0131na sayg\u0131s\u0131 olan bir yarat\u0131k m\u0131? K\u00e2buslar<span class=\"excerpt-hellip\"> [\u2026]<\/span><\/p>\n","protected":false},"featured_media":0,"template":"","meta":{"_monsterinsights_skip_tracking":false,"_monsterinsights_sitenote_active":false,"_monsterinsights_sitenote_note":"","_monsterinsights_sitenote_category":0},"product_brand":[],"product_cat":[12291,12711],"product_tag":[],"class_list":{"0":"post-735091","1":"product","2":"type-product","3":"status-publish","5":"product_cat-edebiyat","6":"product_cat-roman-oyku","7":"pa_cilt-ciltsiz","8":"pa_tur-kitap","9":"pa_yayinevi-bilgi-yayinevi","10":"pa_yazar-hakan-balci-zeynep-colakoglu","12":"first","13":"instock","14":"sale","15":"shipping-taxable","16":"purchasable","17":"product-type-simple"},"_links":{"self":[{"href":"https:\/\/roveyayinevi.com.tr\/index.php\/wp-json\/wp\/v2\/product\/735091","targetHints":{"allow":["GET"]}}],"collection":[{"href":"https:\/\/roveyayinevi.com.tr\/index.php\/wp-json\/wp\/v2\/product"}],"about":[{"href":"https:\/\/roveyayinevi.com.tr\/index.php\/wp-json\/wp\/v2\/types\/product"}],"wp:attachment":[{"href":"https:\/\/roveyayinevi.com.tr\/index.php\/wp-json\/wp\/v2\/media?parent=735091"}],"wp:term":[{"taxonomy":"product_brand","embeddable":true,"href":"https:\/\/roveyayinevi.com.tr\/index.php\/wp-json\/wp\/v2\/product_brand?post=735091"},{"taxonomy":"product_cat","embeddable":true,"href":"https:\/\/roveyayinevi.com.tr\/index.php\/wp-json\/wp\/v2\/product_cat?post=735091"},{"taxonomy":"product_tag","embeddable":true,"href":"https:\/\/roveyayinevi.com.tr\/index.php\/wp-json\/wp\/v2\/product_tag?post=735091"}],"curies":[{"name":"wp","href":"https:\/\/api.w.org\/{rel}","templated":true}]}}