{"id":735090,"date":"2025-08-27T22:41:02","date_gmt":"2025-08-27T19:41:02","guid":{"rendered":"https:\/\/roveyayinevi.com.tr\/index.php\/urun\/kapa-ceneni-ve-dinle\/"},"modified":"2026-04-16T02:42:59","modified_gmt":"2026-04-15T23:42:59","slug":"kapa-ceneni-ve-dinle","status":"publish","type":"product","link":"https:\/\/roveyayinevi.com.tr\/index.php\/urun\/kapa-ceneni-ve-dinle\/","title":{"rendered":"Kapa \u00c7eneni ve Dinle!"},"content":{"rendered":"<p>\u201cNe yapt\u0131\u011f\u0131n\u0131z\u0131 bildi\u011finizi d\u00fc\u015f\u00fcn\u00fcyor olabilirsiniz fakat ben size bilmedi\u011finiz \u015feyler g\u00f6sterece\u011fim.\u201d   Kapa \u00c7eneni ve Dinle! giri\u015fimciler, b\u00fcy\u00fck \u015firket liderleri, y\u00f6neticiler ve her seviyede idareciler i\u00e7in net, \u00f6\u011fren ve uygula t\u00fcr\u00fcnde prensipler i\u00e7eren, sizi ba\u015far\u0131l\u0131 bir kariyerin ve mutlulu\u011fun zirvesine \u00e7\u0131karabilecek birka\u00e7 ger\u00e7ek liderlik yol haritas\u0131ndan biri. \u0130\u015f insanlar\u0131 ya da hevesli giri\u015fimciler; bu kitap \u015firketinizi bir \u00fcst d\u00fczeye ta\u015f\u0131yacak. Tecr\u00fcbeli bir y\u00f6netici de olsan\u0131z, yolun ba\u015f\u0131nda da olsan\u0131z, bu kitab\u0131 bitirdi\u011finizde neleri do\u011fru neleri yanl\u0131\u015f yapt\u0131\u011f\u0131n\u0131z\u0131 bileceksiniz.   Tilman Fertitta, a\u011f\u0131rlama ve e\u011flence imparatorlu\u011funa otuz y\u0131l \u00f6nce yaln\u0131zca tek bir restoranla ba\u015flad\u0131. Bu nedenle i\u015fletme sahiplerinin y\u00fczle\u015fti\u011fi zorluklar\u0131 da, genellikle d\u00fc\u015f\u00fclen hatalar\u0131 da biliyor. Y\u0131llar boyunca i\u015fini b\u00fcy\u00fct\u00fcrken ona yard\u0131mc\u0131 olan prensiplerinden asla vazge\u00e7medi; \u015fu an y\u00fczlerce restoran, be\u015f kumarhane ve k\u0131rk milyar dolar\u0131 a\u015fk\u0131n has\u0131lat\u0131yla Amerika\u2019n\u0131n en b\u00fcy\u00fck tek hissedarl\u0131 \u015firketinin sahibi oldu\u011funa inan\u0131l\u0131yor. Ayr\u0131ca NBA tak\u0131m\u0131 Houston Rockets\u2019\u0131n da tek sahibi. Fertitta, bu kitab\u0131nda b\u00fct\u00fcn bunlar\u0131 m\u00fcmk\u00fcn k\u0131lan ilkeleri ve tecr\u00fcbelerini payla\u015f\u0131yor.   \u201cTilman\u2019\u0131n i\u015fletme sahipleri i\u00e7in ortaya koydu\u011fu her d\u00f6neme uyan dersleri s\u0131k s\u0131k yeniden okumak ve g\u00f6zden ge\u00e7irmek isteyeceksiniz.\u201d Tom Brady  \u201cTilman\u2019\u0131n tarz\u0131 her sayfada g\u00fc\u00e7l\u00fc ve net bir \u015fekilde kendini belli ediyor. Tilman, size ba\u015far\u0131l\u0131 olmak i\u00e7in yapman\u0131z gereken \u015feyleri anlat\u0131yor.\u201d James Harden   \u201c\u0130ster k\u00fc\u00e7\u00fck bir i\u015fletmeyi, ister milyarlarca dolar de\u011ferindeki bir spor tak\u0131m\u0131n\u0131 y\u00f6netiyor olun, Tilman son derece rekabet\u00e7i bir piyasada nas\u0131l ba\u015far\u0131l\u0131 olunaca\u011f\u0131na dair s\u0131rlar\u0131n\u0131 payla\u015f\u0131yor.\u201d Adam Silver <\/p>\n","protected":false},"excerpt":{"rendered":"<p>\u201cNe yapt\u0131\u011f\u0131n\u0131z\u0131 bildi\u011finizi d\u00fc\u015f\u00fcn\u00fcyor olabilirsiniz fakat ben size bilmedi\u011finiz \u015feyler g\u00f6sterece\u011fim.\u201d Kapa \u00c7eneni ve Dinle! giri\u015fimciler, b\u00fcy\u00fck \u015firket liderleri, y\u00f6neticiler ve her seviyede idareciler i\u00e7in net,<span class=\"excerpt-hellip\"> [\u2026]<\/span><\/p>\n","protected":false},"featured_media":0,"template":"","meta":{"_monsterinsights_skip_tracking":false,"_monsterinsights_sitenote_active":false,"_monsterinsights_sitenote_note":"","_monsterinsights_sitenote_category":0},"product_brand":[],"product_cat":[13043,17647],"product_tag":[],"class_list":{"0":"post-735090","1":"product","2":"type-product","3":"status-publish","5":"product_cat-ekonomi","6":"product_cat-is-dunyasi","7":"pa_cilt-ciltsiz","8":"pa_tur-kitap","9":"pa_yayinevi-bilgi-yayinevi","10":"pa_yazar-tilman-fertitta","12":"first","13":"instock","14":"sale","15":"shipping-taxable","16":"purchasable","17":"product-type-simple"},"_links":{"self":[{"href":"https:\/\/roveyayinevi.com.tr\/index.php\/wp-json\/wp\/v2\/product\/735090","targetHints":{"allow":["GET"]}}],"collection":[{"href":"https:\/\/roveyayinevi.com.tr\/index.php\/wp-json\/wp\/v2\/product"}],"about":[{"href":"https:\/\/roveyayinevi.com.tr\/index.php\/wp-json\/wp\/v2\/types\/product"}],"wp:attachment":[{"href":"https:\/\/roveyayinevi.com.tr\/index.php\/wp-json\/wp\/v2\/media?parent=735090"}],"wp:term":[{"taxonomy":"product_brand","embeddable":true,"href":"https:\/\/roveyayinevi.com.tr\/index.php\/wp-json\/wp\/v2\/product_brand?post=735090"},{"taxonomy":"product_cat","embeddable":true,"href":"https:\/\/roveyayinevi.com.tr\/index.php\/wp-json\/wp\/v2\/product_cat?post=735090"},{"taxonomy":"product_tag","embeddable":true,"href":"https:\/\/roveyayinevi.com.tr\/index.php\/wp-json\/wp\/v2\/product_tag?post=735090"}],"curies":[{"name":"wp","href":"https:\/\/api.w.org\/{rel}","templated":true}]}}