{"id":735089,"date":"2025-08-27T22:41:01","date_gmt":"2025-08-27T19:41:01","guid":{"rendered":"https:\/\/roveyayinevi.com.tr\/index.php\/urun\/portakal-sokagi-cocuklari-3-uzay-yolculari\/"},"modified":"2026-04-16T02:42:59","modified_gmt":"2026-04-15T23:42:59","slug":"portakal-sokagi-cocuklari-3-uzay-yolculari","status":"publish","type":"product","link":"https:\/\/roveyayinevi.com.tr\/index.php\/urun\/portakal-sokagi-cocuklari-3-uzay-yolculari\/","title":{"rendered":"Portakal Soka\u011f\u0131 \u00c7ocuklar\u0131 3 &#8211; Uzay Yolcular\u0131"},"content":{"rendered":"<p>G\u00f6ky\u00fcz\u00fcnden d\u00fc\u015fen ta\u015f, Portakal Soka\u011f\u0131\u2019nda oturan Kuzey, Erdem ve G\u00fcne\u015f\u2019e yeni maceralar ya\u015fatmaya devam ediyor. Uzayda savrulan bir uzay arac\u0131n\u0131 ve astronotlar\u0131n\u0131 kurtarmak i\u00e7in kollar\u0131 s\u0131vayan \u00e7ocuklar, g\u00f6ky\u00fcz\u00fcndeki metal kirlili\u011fine ra\u011fmen g\u00f6revlerini ba\u015far\u0131yla tamamlayabilecekler mi?   2017 G\u00fclten Day\u0131o\u011flu Vakf\u0131 Edebiyat \u00d6d\u00fcl\u00fc\u2019n\u00fcn sahibi Gamze Pat\u2019tan \u00e7ok sevilen Portakal Soka\u011f\u0131 \u00c7ocuklar\u0131 serisinin \u00fc\u00e7\u00fcnc\u00fc kitab\u0131 Uzay Yolcular\u0131, bizi d\u00fcnyam\u0131z\u0131n gelece\u011fini sorgulamaya davet ediyor. <\/p>\n","protected":false},"excerpt":{"rendered":"<p>G\u00f6ky\u00fcz\u00fcnden d\u00fc\u015fen ta\u015f, Portakal Soka\u011f\u0131\u2019nda oturan Kuzey, Erdem ve G\u00fcne\u015f\u2019e yeni maceralar ya\u015fatmaya devam ediyor. Uzayda savrulan bir uzay arac\u0131n\u0131 ve astronotlar\u0131n\u0131 kurtarmak i\u00e7in kollar\u0131 s\u0131vayan<span class=\"excerpt-hellip\"> [\u2026]<\/span><\/p>\n","protected":false},"featured_media":0,"template":"","meta":{"_monsterinsights_skip_tracking":false,"_monsterinsights_sitenote_active":false,"_monsterinsights_sitenote_note":"","_monsterinsights_sitenote_category":0},"product_brand":[],"product_cat":[12275,12274],"product_tag":[],"class_list":{"0":"post-735089","1":"product","2":"type-product","3":"status-publish","5":"product_cat-6-12-yas-kitaplari","6":"product_cat-cocuk-ve-genclik-kitaplari","7":"pa_cilt-ciltsiz","8":"pa_tur-kitap","9":"pa_yayinevi-dogan-egmont-yayincilik","10":"pa_yazar-gamze-pat","12":"first","13":"instock","14":"sale","15":"shipping-taxable","16":"purchasable","17":"product-type-simple"},"_links":{"self":[{"href":"https:\/\/roveyayinevi.com.tr\/index.php\/wp-json\/wp\/v2\/product\/735089","targetHints":{"allow":["GET"]}}],"collection":[{"href":"https:\/\/roveyayinevi.com.tr\/index.php\/wp-json\/wp\/v2\/product"}],"about":[{"href":"https:\/\/roveyayinevi.com.tr\/index.php\/wp-json\/wp\/v2\/types\/product"}],"wp:attachment":[{"href":"https:\/\/roveyayinevi.com.tr\/index.php\/wp-json\/wp\/v2\/media?parent=735089"}],"wp:term":[{"taxonomy":"product_brand","embeddable":true,"href":"https:\/\/roveyayinevi.com.tr\/index.php\/wp-json\/wp\/v2\/product_brand?post=735089"},{"taxonomy":"product_cat","embeddable":true,"href":"https:\/\/roveyayinevi.com.tr\/index.php\/wp-json\/wp\/v2\/product_cat?post=735089"},{"taxonomy":"product_tag","embeddable":true,"href":"https:\/\/roveyayinevi.com.tr\/index.php\/wp-json\/wp\/v2\/product_tag?post=735089"}],"curies":[{"name":"wp","href":"https:\/\/api.w.org\/{rel}","templated":true}]}}