{"id":735088,"date":"2025-08-27T22:40:59","date_gmt":"2025-08-27T19:40:59","guid":{"rendered":"https:\/\/roveyayinevi.com.tr\/index.php\/urun\/14-yasinda-bir-genc-kizim-ben-2-surpriz-tatil\/"},"modified":"2026-04-16T02:42:59","modified_gmt":"2026-04-15T23:42:59","slug":"14-yasinda-bir-genc-kizim-ben-2-surpriz-tatil","status":"publish","type":"product","link":"https:\/\/roveyayinevi.com.tr\/index.php\/urun\/14-yasinda-bir-genc-kizim-ben-2-surpriz-tatil\/","title":{"rendered":"14 Ya\u015f\u0131nda Bir Gen\u00e7 K\u0131z\u0131m Ben 2 &#8211; S\u00fcrpriz Tatil"},"content":{"rendered":"<p>\u0130\u015fte \u00d6zge&#8217;nin hayat\u0131! Bazen s\u0131k\u0131c\u0131, s\u0131radan, korkun\u00e7, karmakar\u0131\u015f\u0131k ve a\u015f\u0131r\u0131 derecede berbat; bazen de e\u011flenceli, heyecanl\u0131, \u015fa\u015f\u0131rt\u0131c\u0131, tuhaf ve s\u00fcper haval\u0131! Onu \u00e7ok iyi anl\u0131yorsun de\u011fil mi? Bak mesela, \u00d6zge&#8217;yle ilgili bir soru: Yar\u0131y\u0131l tatilinde h\u0131zland\u0131r\u0131lm\u0131\u015f kursa gitmek zorunda olan \u00d6zge\u2019yi a\u015fa\u011f\u0131dakilerden hangisi ne\u015felendirebilir?   a) H\u0131zland\u0131r\u0131lm\u0131\u015f kursa Ankara\u2019da gidip yar\u0131y\u0131l tatilini e\u011flenceli bir geziye d\u00f6n\u00fc\u015ft\u00fcrmek. b) Kurs \u00e7\u0131k\u0131\u015flar\u0131 onu kap\u0131da bekleyecek halas\u0131n\u0131n ak\u0131l almaz s\u00fcrprizleriyle kar\u015f\u0131la\u015fmak. (Bizimkinin halas\u0131 en s\u0131k\u0131c\u0131 olaylar\u0131 bile e\u011flenceli h\u00e2le getiriyor.) c) Ankara\u2019n\u0131n bohem hayat\u0131yla onu tan\u0131\u015ft\u0131racak olan Olgu\u2019yla tak\u0131lmak. (Bu \u00e7ocuk hi\u00e7 fena say\u0131lmaz.) d) Kurs sonunda girece\u011fi s\u0131navdan herkesin duda\u011f\u0131n\u0131 u\u00e7uklatacak kadar iyi bir sonu\u00e7 almak.   Kabul, bu soru al\u0131\u015ft\u0131\u011f\u0131n testlerdekine hi\u00e7 benzemiyor. Ama rahatl\u0131kla \u00e7\u00f6zebilece\u011fine eminim. Sonu\u00e7ta 14 ya\u015f\u0131nday\u0131z, cevab\u0131 bizden iyi kim bilebilir ki\u2026 Cevap anahtar\u0131 m\u0131? Kitab\u0131n sayfalar\u0131nda seni bekliyor. <\/p>\n","protected":false},"excerpt":{"rendered":"<p>\u0130\u015fte \u00d6zge&#8217;nin hayat\u0131! Bazen s\u0131k\u0131c\u0131, s\u0131radan, korkun\u00e7, karmakar\u0131\u015f\u0131k ve a\u015f\u0131r\u0131 derecede berbat; bazen de e\u011flenceli, heyecanl\u0131, \u015fa\u015f\u0131rt\u0131c\u0131, tuhaf ve s\u00fcper haval\u0131! Onu \u00e7ok iyi anl\u0131yorsun de\u011fil<span class=\"excerpt-hellip\"> [\u2026]<\/span><\/p>\n","protected":false},"featured_media":0,"template":"","meta":{"_monsterinsights_skip_tracking":false,"_monsterinsights_sitenote_active":false,"_monsterinsights_sitenote_note":"","_monsterinsights_sitenote_category":0},"product_brand":[],"product_cat":[12291,15117],"product_tag":[],"class_list":{"0":"post-735088","1":"product","2":"type-product","3":"status-publish","5":"product_cat-edebiyat","6":"product_cat-genclik-edebiyati","7":"pa_cilt-ciltsiz","8":"pa_tur-kitap","9":"pa_yayinevi-dogan-egmont-yayincilik","10":"pa_yazar-deniz-erbulak","12":"first","13":"instock","14":"sale","15":"shipping-taxable","16":"purchasable","17":"product-type-simple"},"_links":{"self":[{"href":"https:\/\/roveyayinevi.com.tr\/index.php\/wp-json\/wp\/v2\/product\/735088","targetHints":{"allow":["GET"]}}],"collection":[{"href":"https:\/\/roveyayinevi.com.tr\/index.php\/wp-json\/wp\/v2\/product"}],"about":[{"href":"https:\/\/roveyayinevi.com.tr\/index.php\/wp-json\/wp\/v2\/types\/product"}],"wp:attachment":[{"href":"https:\/\/roveyayinevi.com.tr\/index.php\/wp-json\/wp\/v2\/media?parent=735088"}],"wp:term":[{"taxonomy":"product_brand","embeddable":true,"href":"https:\/\/roveyayinevi.com.tr\/index.php\/wp-json\/wp\/v2\/product_brand?post=735088"},{"taxonomy":"product_cat","embeddable":true,"href":"https:\/\/roveyayinevi.com.tr\/index.php\/wp-json\/wp\/v2\/product_cat?post=735088"},{"taxonomy":"product_tag","embeddable":true,"href":"https:\/\/roveyayinevi.com.tr\/index.php\/wp-json\/wp\/v2\/product_tag?post=735088"}],"curies":[{"name":"wp","href":"https:\/\/api.w.org\/{rel}","templated":true}]}}