{"id":735087,"date":"2025-08-27T22:40:58","date_gmt":"2025-08-27T19:40:58","guid":{"rendered":"https:\/\/roveyayinevi.com.tr\/index.php\/urun\/yasli-sarkilar\/"},"modified":"2026-04-16T02:42:59","modified_gmt":"2026-04-15T23:42:59","slug":"yasli-sarkilar","status":"publish","type":"product","link":"https:\/\/roveyayinevi.com.tr\/index.php\/urun\/yasli-sarkilar\/","title":{"rendered":"Ya\u015fl\u0131 \u015eark\u0131lar"},"content":{"rendered":"<p>D\u00fcnya adl\u0131 otelin lobisindesin. Valizin transfere haz\u0131r. A\u011fz\u0131 a\u00e7\u0131k \u015fimdilik. \u00d6l\u00fcm Mele\u011fi, o yak\u0131\u015f\u0131kl\u0131 bellboy gelince \u00e7ekilecek fermuar\u0131. Eylemler alta, niyetler \u00fcste kondu. \u0130cabet etti\u011fin davetler \u00f6n g\u00f6zde. Bak \u015furada gizli bir b\u00f6lme var, r\u0131za g\u00f6mle\u011fini oraya yerle\u015ftir, \u015f\u00fck\u00fcr yelpazeni bir de. Helal ettin t\u00fcm haklar\u0131n\u0131. Aferin, yoksa a\u011f\u0131rl\u0131k yapacakt\u0131 sana. Var vaktin h\u00e2l\u00e2, d\u00fc\u015f\u00fcn ne koyabilirsin daha\u2026   Nuriye Akman\u2019dan ya\u015flanmaya, ya\u015f almaya dair bir dertle\u015fme Ya\u015fl\u0131 \u015eark\u0131lar\u2026Bah\u00e7edeki \u00e7\u0131nar a\u011fac\u0131ndan ba\u015flay\u0131p edebiyattan, sanattan beslenen ve en sonunda g\u00fcnl\u00fck hayat\u0131n ger\u00e7ekli\u011fine konan derin bir sohbet\u2026H\u00fcz\u00fcnl\u00fc oldu\u011fu kadar da a\u011f\u0131rba\u015fl\u0131 bir kar\u015f\u0131lama\u2026 <\/p>\n","protected":false},"excerpt":{"rendered":"<p>D\u00fcnya adl\u0131 otelin lobisindesin. Valizin transfere haz\u0131r. A\u011fz\u0131 a\u00e7\u0131k \u015fimdilik. \u00d6l\u00fcm Mele\u011fi, o yak\u0131\u015f\u0131kl\u0131 bellboy gelince \u00e7ekilecek fermuar\u0131. Eylemler alta, niyetler \u00fcste kondu. \u0130cabet etti\u011fin davetler<span class=\"excerpt-hellip\"> [\u2026]<\/span><\/p>\n","protected":false},"featured_media":0,"template":"","meta":{"_monsterinsights_skip_tracking":false,"_monsterinsights_sitenote_active":false,"_monsterinsights_sitenote_note":"","_monsterinsights_sitenote_category":0},"product_brand":[],"product_cat":[12777,12291],"product_tag":[],"class_list":{"0":"post-735087","1":"product","2":"type-product","3":"status-publish","5":"product_cat-deneme","6":"product_cat-edebiyat","7":"pa_cilt-ciltsiz","8":"pa_tur-kitap","9":"pa_yayinevi-dogan-kitap","10":"pa_yazar-nuriye-akman","12":"first","13":"instock","14":"sale","15":"shipping-taxable","16":"purchasable","17":"product-type-simple"},"_links":{"self":[{"href":"https:\/\/roveyayinevi.com.tr\/index.php\/wp-json\/wp\/v2\/product\/735087","targetHints":{"allow":["GET"]}}],"collection":[{"href":"https:\/\/roveyayinevi.com.tr\/index.php\/wp-json\/wp\/v2\/product"}],"about":[{"href":"https:\/\/roveyayinevi.com.tr\/index.php\/wp-json\/wp\/v2\/types\/product"}],"wp:attachment":[{"href":"https:\/\/roveyayinevi.com.tr\/index.php\/wp-json\/wp\/v2\/media?parent=735087"}],"wp:term":[{"taxonomy":"product_brand","embeddable":true,"href":"https:\/\/roveyayinevi.com.tr\/index.php\/wp-json\/wp\/v2\/product_brand?post=735087"},{"taxonomy":"product_cat","embeddable":true,"href":"https:\/\/roveyayinevi.com.tr\/index.php\/wp-json\/wp\/v2\/product_cat?post=735087"},{"taxonomy":"product_tag","embeddable":true,"href":"https:\/\/roveyayinevi.com.tr\/index.php\/wp-json\/wp\/v2\/product_tag?post=735087"}],"curies":[{"name":"wp","href":"https:\/\/api.w.org\/{rel}","templated":true}]}}