{"id":735085,"date":"2025-08-27T22:40:56","date_gmt":"2025-08-27T19:40:56","guid":{"rendered":"https:\/\/roveyayinevi.com.tr\/index.php\/urun\/gizlenen-ufo-temaslari\/"},"modified":"2026-04-16T02:42:59","modified_gmt":"2026-04-15T23:42:59","slug":"gizlenen-ufo-temaslari","status":"publish","type":"product","link":"https:\/\/roveyayinevi.com.tr\/index.php\/urun\/gizlenen-ufo-temaslari\/","title":{"rendered":"Gizlenen Ufo Temaslar\u0131"},"content":{"rendered":"<p>Uzayl\u0131lar dostumuz mu yoksa d\u00fcnyam\u0131z\u0131 ele ge\u00e7irmeye \u00e7al\u0131\u015fan d\u00fc\u015fmanlar m\u0131?  UFO\u2019larla ya\u015fanan temaslar neden \u00f6rtbas ediliyor?  Devlet ba\u015fkanlar\u0131n\u0131n UFO\u2019larla yapt\u0131klar\u0131 toplant\u0131lar\u0131n amac\u0131 neydi? UFO\u2019lar\u0131n d\u00fcnya ziyaretleri hakk\u0131nda bizden saklananlar neler? Ka\u00e7\u0131r\u0131lma hik\u00e2yeleri ve melez \u0131rk yaratmaya dair teoriler ger\u00e7ek mi?   Kitab\u0131n yazar\u0131 Timothy Good, UFO ve d\u00fcnya d\u0131\u015f\u0131 ya\u015fam konusunda d\u00fcnyan\u0131n en sayg\u0131n otoritelerinden biri olarak kabul ediliyor. Gizlenen Ufo Temaslar\u0131: UFO\u2019larla Ya\u015fanan Kar\u015f\u0131la\u015fmalar ve \u00d6rtbas Edilen Ger\u00e7ekler, yak\u0131n zamanda ya\u015fanan ve halka a\u00e7\u0131klanmayan temaslara, tan\u0131k ifadelerine ve d\u00fcnya d\u0131\u015f\u0131 varl\u0131klarla ilgili y\u00fcr\u00fct\u00fclen \u00e7ok gizli programlara dair detaylara odaklan\u0131yor. Uzayl\u0131lar ve ara\u00e7lar\u0131n\u0131n ger\u00e7ek foto\u011fraflar\u0131, \u00f6zel bir alanda saklanan UFO cesetleri, Ba\u015fkan Eisenhower ve Kennedy ile d\u00fcnya d\u0131\u015f\u0131 varl\u0131klar\u0131n temaslar\u0131na dair sizi \u015fa\u015f\u0131rtacak bir\u00e7ok detay, Timothy Good\u2019un \u00f6zenli \u00e7al\u0131\u015fmas\u0131 arac\u0131l\u0131\u011f\u0131yla g\u00fcn y\u00fcz\u00fcne \u00e7\u0131k\u0131yor.    Uzay ara\u015ft\u0131rmalar\u0131 konusunda hem T\u00fcrkiye\u2019de hem d\u00fcnyada akla gelen ilk isimlerden olan Haktan Akdo\u011fan\u2019\u0131n \u00f6ns\u00f6z\u00fcne ve kitab\u0131n yazar\u0131 Timothy Good ile \u00f6zel foto\u011fraflar\u0131na yer verdi\u011fimiz, \u00e7ok \u00f6zel bir kitap sizi bekliyor. <\/p>\n","protected":false},"excerpt":{"rendered":"<p>Uzayl\u0131lar dostumuz mu yoksa d\u00fcnyam\u0131z\u0131 ele ge\u00e7irmeye \u00e7al\u0131\u015fan d\u00fc\u015fmanlar m\u0131? UFO\u2019larla ya\u015fanan temaslar neden \u00f6rtbas ediliyor? Devlet ba\u015fkanlar\u0131n\u0131n UFO\u2019larla yapt\u0131klar\u0131 toplant\u0131lar\u0131n amac\u0131 neydi? UFO\u2019lar\u0131n d\u00fcnya ziyaretleri<span class=\"excerpt-hellip\"> [\u2026]<\/span><\/p>\n","protected":false},"featured_media":0,"template":"","meta":{"_monsterinsights_skip_tracking":false,"_monsterinsights_sitenote_active":false,"_monsterinsights_sitenote_note":"","_monsterinsights_sitenote_category":0},"product_brand":[],"product_cat":[43754,13005],"product_tag":[],"class_list":{"0":"post-735085","1":"product","2":"type-product","3":"status-publish","5":"product_cat-astronomi","6":"product_cat-bilim-muhendislik","7":"pa_cilt-ciltsiz","8":"pa_tur-kitap","9":"pa_yayinevi-omega","10":"pa_yazar-timothy-good","12":"first","13":"instock","14":"sale","15":"shipping-taxable","16":"purchasable","17":"product-type-simple"},"_links":{"self":[{"href":"https:\/\/roveyayinevi.com.tr\/index.php\/wp-json\/wp\/v2\/product\/735085","targetHints":{"allow":["GET"]}}],"collection":[{"href":"https:\/\/roveyayinevi.com.tr\/index.php\/wp-json\/wp\/v2\/product"}],"about":[{"href":"https:\/\/roveyayinevi.com.tr\/index.php\/wp-json\/wp\/v2\/types\/product"}],"wp:attachment":[{"href":"https:\/\/roveyayinevi.com.tr\/index.php\/wp-json\/wp\/v2\/media?parent=735085"}],"wp:term":[{"taxonomy":"product_brand","embeddable":true,"href":"https:\/\/roveyayinevi.com.tr\/index.php\/wp-json\/wp\/v2\/product_brand?post=735085"},{"taxonomy":"product_cat","embeddable":true,"href":"https:\/\/roveyayinevi.com.tr\/index.php\/wp-json\/wp\/v2\/product_cat?post=735085"},{"taxonomy":"product_tag","embeddable":true,"href":"https:\/\/roveyayinevi.com.tr\/index.php\/wp-json\/wp\/v2\/product_tag?post=735085"}],"curies":[{"name":"wp","href":"https:\/\/api.w.org\/{rel}","templated":true}]}}