{"id":735081,"date":"2025-08-27T22:40:51","date_gmt":"2025-08-27T19:40:51","guid":{"rendered":"https:\/\/roveyayinevi.com.tr\/index.php\/urun\/gizledigimiz-sirlar\/"},"modified":"2026-04-16T02:42:59","modified_gmt":"2026-04-15T23:42:59","slug":"gizledigimiz-sirlar","status":"publish","type":"product","link":"https:\/\/roveyayinevi.com.tr\/index.php\/urun\/gizledigimiz-sirlar\/","title":{"rendered":"Gizledi\u011fimiz S\u0131rlar"},"content":{"rendered":"<p>OTUZDAN FAZLA D\u0130LE \u00c7EVR\u0130LEREK M\u0130LYONLARCA OKURA ULA\u015eAN, SEKRETERLER\u0130N CASUSA D\u00d6N\u00dc\u015eT\u00dc\u011e\u00dc GER\u00c7EK B\u0130R H\u0130K\u00c2YE&#8230;  A\u015fk, g\u00f6rev duygusu ve b\u00fcy\u00fck bir fedak\u00e2rl\u0131k\u2026CIA, Sovyet Rusya&#8217;da ya\u015fayan insanlar\u0131n kalplerini ve zihinlerinipropagandayla de\u011fil, yirminci y\u00fczy\u0131l\u0131n en b\u00fcy\u00fck a\u015fk hik\u00e2yesiyle, Boris Pasternak\u2019\u0131n \u015faheseri Doktor Jivago\u2019yla etkiledi. So\u011fuk Sava\u015f&#8217;\u0131n zirvesinde, bir sekreter CIA&#8217;deki daktilo ekibinden\u00e7\u0131kar\u0131ld\u0131 ve kendisine hayat\u0131n\u0131n g\u00f6revi verildi: Boris Pasternak\u2019\u0131n yazd\u0131\u011f\u0131 Doktor Jivago kitab\u0131n\u0131, kimsenin yay\u0131mlamaya cesaret edemedi\u011fi Sovyetler\u2019den ka\u00e7\u0131racak ve bu ba\u015fyap\u0131t\u0131n d\u00fcnya \u00e7ap\u0131nda bas\u0131lmas\u0131na yard\u0131mc\u0131 olacakt\u0131. Bir yandan Amerika\u2019da acemi Irina, g\u00f6zal\u0131c\u0131 ve sofistike Sally Forrester\u2019\u0131n kanatlar\u0131 alt\u0131nda casuslu\u011fun temellerini \u00f6\u011frenirken, ba\u015fka bir tarihte Rusya\u2019da Olga Ivinskaya, Pasternak ile f\u0131rt\u0131nal\u0131 bir ili\u015fki ya\u015f\u0131yor, Jivago&#8217;nun kahraman\u0131 Lara&#8217;ya ilham oluyordu. Bu iki kad\u0131n\u0131n riskler ve entrikalarla dolu hayat\u0131, Gizledi\u011fimiz S\u0131rlar\u2019\u0131n anlat\u0131s\u0131nda \u00f6rg\u00fc gibi birbirinin i\u00e7ine ge\u00e7iyor. Lara Prescott ilk kitab\u0131nda, sanat eserlerinin d\u00fcnyay\u0131 de\u011fi\u015ftirebilece\u011fine dair g\u00fc\u00e7l\u00fc bir inanca sahip oldu\u011funu g\u00f6sterirken, edebiyat tarihinde Doktor Jivago gibi bir d\u00f6n\u00fcm noktas\u0131n\u0131n arka plan\u0131na tarihi detaylara sad\u0131k kalarak \u0131\u015f\u0131k tutuyor. \u201cKalbinizde derin izler b\u0131rakacak sekreterlerin yer ald\u0131\u011f\u0131muhte\u015fem ve romantik bir \u015f\u00f6len.\u201dNew York Times<\/p>\n","protected":false},"excerpt":{"rendered":"<p>OTUZDAN FAZLA D\u0130LE \u00c7EVR\u0130LEREK M\u0130LYONLARCA OKURA ULA\u015eAN, SEKRETERLER\u0130N CASUSA D\u00d6N\u00dc\u015eT\u00dc\u011e\u00dc GER\u00c7EK B\u0130R H\u0130K\u00c2YE&#8230; A\u015fk, g\u00f6rev duygusu ve b\u00fcy\u00fck bir fedak\u00e2rl\u0131k\u2026CIA, Sovyet Rusya&#8217;da ya\u015fayan insanlar\u0131n kalplerini ve<span class=\"excerpt-hellip\"> [\u2026]<\/span><\/p>\n","protected":false},"featured_media":0,"template":"","meta":{"_monsterinsights_skip_tracking":false,"_monsterinsights_sitenote_active":false,"_monsterinsights_sitenote_note":"","_monsterinsights_sitenote_category":0},"product_brand":[],"product_cat":[12291,12711],"product_tag":[],"class_list":{"0":"post-735081","1":"product","2":"type-product","3":"status-publish","5":"product_cat-edebiyat","6":"product_cat-roman-oyku","7":"pa_cilt-ciltsiz","8":"pa_tur-kitap","9":"pa_yayinevi-epsilon-yayinlari","10":"pa_yazar-lara-prescott","12":"first","13":"instock","14":"sale","15":"shipping-taxable","16":"purchasable","17":"product-type-simple"},"_links":{"self":[{"href":"https:\/\/roveyayinevi.com.tr\/index.php\/wp-json\/wp\/v2\/product\/735081","targetHints":{"allow":["GET"]}}],"collection":[{"href":"https:\/\/roveyayinevi.com.tr\/index.php\/wp-json\/wp\/v2\/product"}],"about":[{"href":"https:\/\/roveyayinevi.com.tr\/index.php\/wp-json\/wp\/v2\/types\/product"}],"wp:attachment":[{"href":"https:\/\/roveyayinevi.com.tr\/index.php\/wp-json\/wp\/v2\/media?parent=735081"}],"wp:term":[{"taxonomy":"product_brand","embeddable":true,"href":"https:\/\/roveyayinevi.com.tr\/index.php\/wp-json\/wp\/v2\/product_brand?post=735081"},{"taxonomy":"product_cat","embeddable":true,"href":"https:\/\/roveyayinevi.com.tr\/index.php\/wp-json\/wp\/v2\/product_cat?post=735081"},{"taxonomy":"product_tag","embeddable":true,"href":"https:\/\/roveyayinevi.com.tr\/index.php\/wp-json\/wp\/v2\/product_tag?post=735081"}],"curies":[{"name":"wp","href":"https:\/\/api.w.org\/{rel}","templated":true}]}}