{"id":735080,"date":"2025-08-27T22:40:50","date_gmt":"2025-08-27T19:40:50","guid":{"rendered":"https:\/\/roveyayinevi.com.tr\/index.php\/urun\/dedikoducu-beyin\/"},"modified":"2026-04-16T02:42:59","modified_gmt":"2026-04-15T23:42:59","slug":"dedikoducu-beyin","status":"publish","type":"product","link":"https:\/\/roveyayinevi.com.tr\/index.php\/urun\/dedikoducu-beyin\/","title":{"rendered":"Dedikoducu Beyin"},"content":{"rendered":"<p>\u015ea\u015f\u0131rmaya, \u00d6\u011frenmeye Haz\u0131r Olun!\u0130lk bilin\u00e7 nas\u0131l ortaya \u00e7\u0131kt\u0131?V\u00fccudun patronu kalp mi yoksa beyin mi?Nas\u0131l karar veriyoruz?Bilgiler nereye kodlan\u0131yor?Haf\u0131za nas\u0131l geli\u015ftirilir?Beynimiz zaman\u0131 nas\u0131l alg\u0131l\u0131yor?An\u0131lar nas\u0131l kaydediliyor ve an\u0131msan\u0131yor?Beynimiz hacklenebilir mi?\u00c2\u015f\u0131k insan\u0131n beyni nas\u0131l \u00e7al\u0131\u015f\u0131r?Sinirbilimci, yazar, senarist ve oyuncu Uzm. Dr. Timur Y\u0131lmaz Dedikoducu Beyin\u2019de ge\u00e7mi\u015ften g\u00fcn\u00fcm\u00fcze beynin geli\u015fimini ve \u00e7al\u0131\u015fma mant\u0131\u011f\u0131n\u0131 anlat\u0131yor.Bu kitab\u0131 okurken \u015fa\u015f\u0131racak ama en \u00f6nemlisi beyinle ilgili \u00e7ok \u015fey \u00f6\u011freneceksiniz. Duygulardan, davran\u0131\u015flardan, beynin odac\u0131klar\u0131 ve ger\u00e7eklik alg\u0131s\u0131ndan, ba\u015flang\u0131\u00e7tan g\u00fcn\u00fcm\u00fcze beynin geli\u015fiminden izler bulacaks\u0131n\u0131z. Hik\u00e2yelerden dedikoduya, a\u015fktan an\u0131, haf\u0131za ve belle\u011fe uzanan geni\u015f bir \u00e7er\u00e7evede ele al\u0131nan ve Uzm. Dr. Timur Y\u0131lmaz\u2019\u0131n deneyim ve birikimiyle ortaya \u00e7\u0131kan Dedikoducu Beyin\u2019den sonra beyniniz ayn\u0131 kalmayacak.<\/p>\n","protected":false},"excerpt":{"rendered":"<p>\u015ea\u015f\u0131rmaya, \u00d6\u011frenmeye Haz\u0131r Olun!\u0130lk bilin\u00e7 nas\u0131l ortaya \u00e7\u0131kt\u0131?V\u00fccudun patronu kalp mi yoksa beyin mi?Nas\u0131l karar veriyoruz?Bilgiler nereye kodlan\u0131yor?Haf\u0131za nas\u0131l geli\u015ftirilir?Beynimiz zaman\u0131 nas\u0131l alg\u0131l\u0131yor?An\u0131lar nas\u0131l kaydediliyor ve<span class=\"excerpt-hellip\"> [\u2026]<\/span><\/p>\n","protected":false},"featured_media":0,"template":"","meta":{"_monsterinsights_skip_tracking":false,"_monsterinsights_sitenote_active":false,"_monsterinsights_sitenote_note":"","_monsterinsights_sitenote_category":0},"product_brand":[],"product_cat":[13005,13006],"product_tag":[],"class_list":{"0":"post-735080","1":"product","2":"type-product","3":"status-publish","5":"product_cat-bilim-muhendislik","6":"product_cat-populer-bilim","7":"pa_cilt-ciltsiz","8":"pa_tur-kitap","9":"pa_yayinevi-nemesis-kitap","10":"pa_yazar-timur-yilmaz","12":"first","13":"instock","14":"sale","15":"shipping-taxable","16":"purchasable","17":"product-type-simple"},"_links":{"self":[{"href":"https:\/\/roveyayinevi.com.tr\/index.php\/wp-json\/wp\/v2\/product\/735080","targetHints":{"allow":["GET"]}}],"collection":[{"href":"https:\/\/roveyayinevi.com.tr\/index.php\/wp-json\/wp\/v2\/product"}],"about":[{"href":"https:\/\/roveyayinevi.com.tr\/index.php\/wp-json\/wp\/v2\/types\/product"}],"wp:attachment":[{"href":"https:\/\/roveyayinevi.com.tr\/index.php\/wp-json\/wp\/v2\/media?parent=735080"}],"wp:term":[{"taxonomy":"product_brand","embeddable":true,"href":"https:\/\/roveyayinevi.com.tr\/index.php\/wp-json\/wp\/v2\/product_brand?post=735080"},{"taxonomy":"product_cat","embeddable":true,"href":"https:\/\/roveyayinevi.com.tr\/index.php\/wp-json\/wp\/v2\/product_cat?post=735080"},{"taxonomy":"product_tag","embeddable":true,"href":"https:\/\/roveyayinevi.com.tr\/index.php\/wp-json\/wp\/v2\/product_tag?post=735080"}],"curies":[{"name":"wp","href":"https:\/\/api.w.org\/{rel}","templated":true}]}}