{"id":735079,"date":"2025-08-27T22:40:50","date_gmt":"2025-08-27T19:40:50","guid":{"rendered":"https:\/\/roveyayinevi.com.tr\/index.php\/urun\/firin-yemekleri\/"},"modified":"2026-04-16T02:42:59","modified_gmt":"2026-04-15T23:42:59","slug":"firin-yemekleri","status":"publish","type":"product","link":"https:\/\/roveyayinevi.com.tr\/index.php\/urun\/firin-yemekleri\/","title":{"rendered":"F\u0131r\u0131n Yemekleri"},"content":{"rendered":"<p>Mutfakta el alt\u0131nda bulunmas\u0131 gereken bir rehber. F\u0131r\u0131nda haz\u0131rlanabilecek fazla zaman ya da enerj gerektirmeyen, lezzetli ve g\u00f6steri\u015fli yemekler: \u2022 Deniz \u00fcr\u00fcnleri\u2022 Et yemekleri \u2022 K\u00fcmes hayvanlar\u0131 \u2022 Hamur i\u015fleri \u2022 Makarna \u2022 Sebze\u2022 Tatl\u0131 T\u00fcr \u2022 Kek, tart pasta ve bisk\u00fcvi \u00e7e\u015fitleri.<\/p>\n","protected":false},"excerpt":{"rendered":"<p>Mutfakta el alt\u0131nda bulunmas\u0131 gereken bir rehber. F\u0131r\u0131nda haz\u0131rlanabilecek fazla zaman ya da enerj gerektirmeyen, lezzetli ve g\u00f6steri\u015fli yemekler: \u2022 Deniz \u00fcr\u00fcnleri\u2022 Et yemekleri \u2022 K\u00fcmes<span class=\"excerpt-hellip\"> [\u2026]<\/span><\/p>\n","protected":false},"featured_media":0,"template":"","meta":{"_monsterinsights_skip_tracking":false,"_monsterinsights_sitenote_active":false,"_monsterinsights_sitenote_note":"","_monsterinsights_sitenote_category":0},"product_brand":[],"product_cat":[12458,12457],"product_tag":[],"class_list":{"0":"post-735079","1":"product","2":"type-product","3":"status-publish","5":"product_cat-turk-mutfagi","6":"product_cat-yemek-kitaplari","7":"pa_cilt-ciltsiz","8":"pa_tur-kitap","9":"pa_yayinevi-remzi-kitabevi","10":"pa_yazar-leman-cilizoglu-eryilmaz","12":"first","13":"instock","14":"sale","15":"shipping-taxable","16":"purchasable","17":"product-type-simple"},"_links":{"self":[{"href":"https:\/\/roveyayinevi.com.tr\/index.php\/wp-json\/wp\/v2\/product\/735079","targetHints":{"allow":["GET"]}}],"collection":[{"href":"https:\/\/roveyayinevi.com.tr\/index.php\/wp-json\/wp\/v2\/product"}],"about":[{"href":"https:\/\/roveyayinevi.com.tr\/index.php\/wp-json\/wp\/v2\/types\/product"}],"wp:attachment":[{"href":"https:\/\/roveyayinevi.com.tr\/index.php\/wp-json\/wp\/v2\/media?parent=735079"}],"wp:term":[{"taxonomy":"product_brand","embeddable":true,"href":"https:\/\/roveyayinevi.com.tr\/index.php\/wp-json\/wp\/v2\/product_brand?post=735079"},{"taxonomy":"product_cat","embeddable":true,"href":"https:\/\/roveyayinevi.com.tr\/index.php\/wp-json\/wp\/v2\/product_cat?post=735079"},{"taxonomy":"product_tag","embeddable":true,"href":"https:\/\/roveyayinevi.com.tr\/index.php\/wp-json\/wp\/v2\/product_tag?post=735079"}],"curies":[{"name":"wp","href":"https:\/\/api.w.org\/{rel}","templated":true}]}}