{"id":735077,"date":"2025-08-27T22:40:48","date_gmt":"2025-08-27T19:40:48","guid":{"rendered":"https:\/\/roveyayinevi.com.tr\/index.php\/urun\/burclar-kusagi-ciltli\/"},"modified":"2026-04-16T02:42:59","modified_gmt":"2026-04-15T23:42:59","slug":"burclar-kusagi-ciltli","status":"publish","type":"product","link":"https:\/\/roveyayinevi.com.tr\/index.php\/urun\/burclar-kusagi-ciltli\/","title":{"rendered":"Bur\u00e7lar Ku\u015fa\u011f\u0131 (Ciltli)"},"content":{"rendered":"<p>\u0130\u00e7imizdeki g\u00f6ky\u00fcz\u00fc Uluslararas\u0131 sanat\u00e7\u0131 Can G\u00f6knil Bur\u00e7lar Ku\u015fa\u011f\u0131&#8217;nda, Do\u011fu mitolojisinden beslenerek, k\u00fclt\u00fcr\u00fcm\u00fcz\u00fc derinden etkileyen bur\u00e7lar\u0131n k\u00f6kenine e\u011filiyor ve \u00e7a\u011flar boyu y\u0131ld\u0131zlara emanet etti\u011fimiz kaderlerimizin \u00f6yk\u00fcs\u00fcn\u00fc ele al\u0131yor.   D\u00fcnden bug\u00fcne varl\u0131\u011f\u0131n\u0131 koruyan zodyak inanc\u0131n\u0131 efsane ve s\u00f6ylencelerle bezeli g\u00f6rsel bir kitap h\u00e2line d\u00f6n\u00fc\u015ft\u00fcren G\u00f6knil, y\u0131llard\u0131r mitoloji bilimi \u00fczerine s\u00fcrd\u00fcrd\u00fc\u011f\u00fc ara\u015ft\u0131rmalar\u0131n\u0131 \u00f6zg\u00fcn bir yorumla birle\u015ftiriyor, yarat\u0131l\u0131\u015f ve bur\u00e7lara dair on iki mit anlat\u0131yor. Hangi bur\u00e7 D\u00fcnya&#8217;ya \u00f6zlem duydu\u011fu i\u00e7in Bur\u00e7lar Ku\u015fa\u011f\u0131&#8217;ndan ayr\u0131lmak istemi\u015f? Neden Bo\u011fa burcunun f\u0131rt\u0131na tanr\u0131s\u0131 olabilece\u011fine inan\u0131lm\u0131\u015f? S\u00fct g\u00f6l\u00fcn\u00fcn her bir damlas\u0131 hangi kudretli burca \u015fifa olmu\u015f? G\u00fcne\u015f ve Ay&#8217;\u0131 korumak ve onlar\u0131n tutsakl\u0131\u011f\u0131n\u0131 \u00f6nlemek kimin g\u00f6reviymi\u015f? Yeralt\u0131 d\u00fcnyas\u0131n\u0131n k\u00f6t\u00fcc\u00fcl ve k\u0131skan\u00e7 ruhlar\u0131 ortal\u0131\u011f\u0131 nas\u0131l kar\u0131\u015ft\u0131rm\u0131\u015f?   Can G\u00f6knil geceleri \u0131\u015f\u0131ldayan y\u0131ld\u0131zlara \u00e7ok daha farkl\u0131 bir g\u00f6zle bakmam\u0131z\u0131 sa\u011flad\u0131\u011f\u0131 bu kitab\u0131nda, her ya\u015ftan okuru d\u00fcnyam\u0131z\u0131n d\u00fc\u015f g\u00f6rd\u00fc\u011f\u00fc evvel zamanlara g\u00f6t\u00fcr\u00fcyor; g\u00f6ky\u00fcz\u00fcn\u00fcn yedi kat, on yedi kat, hatta otuz \u00fc\u00e7 kat oldu\u011fu d\u00f6nemlerde atalar\u0131m\u0131z\u0131n inan\u00e7 sisteminde \u00f6nemli yeri bulunan Bur\u00e7lar Ku\u015fa\u011f\u0131&#8217;n\u0131n kalbinde saklad\u0131\u011f\u0131 gizleri birer birer a\u00e7\u0131\u011fa \u00e7\u0131kar\u0131yor.   Ciltli bask\u0131s\u0131 ve etkileyici resimleriyle sanatseverler i\u00e7in anlaml\u0131 bir hediye alternatifi olarak da de\u011ferlendirilebilecek Bur\u00e7lar Ku\u015fa\u011f\u0131, i\u00e7imizdeki g\u00f6ky\u00fcz\u00fcne \u0131\u015f\u0131k tutan nadide bir koleksiyon kitab\u0131.<\/p>\n","protected":false},"excerpt":{"rendered":"<p>\u0130\u00e7imizdeki g\u00f6ky\u00fcz\u00fc Uluslararas\u0131 sanat\u00e7\u0131 Can G\u00f6knil Bur\u00e7lar Ku\u015fa\u011f\u0131&#8217;nda, Do\u011fu mitolojisinden beslenerek, k\u00fclt\u00fcr\u00fcm\u00fcz\u00fc derinden etkileyen bur\u00e7lar\u0131n k\u00f6kenine e\u011filiyor ve \u00e7a\u011flar boyu y\u0131ld\u0131zlara emanet etti\u011fimiz kaderlerimizin \u00f6yk\u00fcs\u00fcn\u00fc ele<span class=\"excerpt-hellip\"> [\u2026]<\/span><\/p>\n","protected":false},"featured_media":0,"template":"","meta":{"_monsterinsights_skip_tracking":false,"_monsterinsights_sitenote_active":false,"_monsterinsights_sitenote_note":"","_monsterinsights_sitenote_category":0},"product_brand":[],"product_cat":[18082,15563],"product_tag":[],"class_list":{"0":"post-735077","1":"product","2":"type-product","3":"status-publish","5":"product_cat-astroloji-fal-ruya","6":"product_cat-hobi","7":"pa_cilt-ciltli","8":"pa_tur-kitap","9":"pa_yayinevi-desen-yayinlari","10":"pa_yazar-can-goknil","12":"first","13":"instock","14":"sale","15":"shipping-taxable","16":"purchasable","17":"product-type-simple"},"_links":{"self":[{"href":"https:\/\/roveyayinevi.com.tr\/index.php\/wp-json\/wp\/v2\/product\/735077","targetHints":{"allow":["GET"]}}],"collection":[{"href":"https:\/\/roveyayinevi.com.tr\/index.php\/wp-json\/wp\/v2\/product"}],"about":[{"href":"https:\/\/roveyayinevi.com.tr\/index.php\/wp-json\/wp\/v2\/types\/product"}],"wp:attachment":[{"href":"https:\/\/roveyayinevi.com.tr\/index.php\/wp-json\/wp\/v2\/media?parent=735077"}],"wp:term":[{"taxonomy":"product_brand","embeddable":true,"href":"https:\/\/roveyayinevi.com.tr\/index.php\/wp-json\/wp\/v2\/product_brand?post=735077"},{"taxonomy":"product_cat","embeddable":true,"href":"https:\/\/roveyayinevi.com.tr\/index.php\/wp-json\/wp\/v2\/product_cat?post=735077"},{"taxonomy":"product_tag","embeddable":true,"href":"https:\/\/roveyayinevi.com.tr\/index.php\/wp-json\/wp\/v2\/product_tag?post=735077"}],"curies":[{"name":"wp","href":"https:\/\/api.w.org\/{rel}","templated":true}]}}